{"id":12496,"date":"2024-10-24T05:14:41","date_gmt":"2024-10-24T03:14:41","guid":{"rendered":"http:\/\/billigtrikots.com\/?post_type=product&#038;p=12496"},"modified":"2025-10-16T16:03:19","modified_gmt":"2025-10-16T14:03:19","slug":"fussballtrikots-kaufen-real-madrid-22-23-drittes-trikot-kurzarm-eder-militao-3","status":"publish","type":"product","link":"https:\/\/www.billigtrikotde.com\/fr\/fussballtrikots-kaufen-real-madrid-22-23-drittes-trikot-kurzarm-eder-militao-3\/","title":{"rendered":"Acheter maillots de football Real Madrid 22-23 Third maillot manches courtes Eder Militao 3"},"content":{"rendered":"<p>Contrairement \u00e0 la police classique \u00e0 domicile \/ ext\u00e9rieur, la nouvelle police du troisi\u00e8me maillot d'Adidas Real Madrid 22-23 a un look moderne. La police moderne s'harmonise parfaitement avec le design moderne du maillot, qui est inspir\u00e9 par le nouveau stade Santiago Bernab\u00e9u.<\/p>\n<p>Conseils pour l'impression : Si le nom et le num\u00e9ro figurant sur l'image correspondent exactement \u00e0 ce que vous souhaitez, vous ne devez pas les saisir \u00e0 nouveau. Si ce n'est pas le cas, vous devez saisir le nom et le num\u00e9ro que vous souhaitez.<\/p>\n<p>Conseils pour le lavage : Il est recommand\u00e9 de laver les maillots de football \u00e0 la main. Si vous souhaitez utiliser la machine \u00e0 laver, pensez \u00e0 retourner les maillots de football avant de les laver. Remplissez la machine avec de l'eau froide et utilisez un cycle de lavage d\u00e9licat pour mieux prot\u00e9ger les couleurs.<\/p>","protected":false},"excerpt":{"rendered":"<p>Contrairement \u00e0 l\u2019\u00e9criture domicile\/ext\u00e9rieur classique, la nouvelle police du troisi\u00e8me maillot d\u2019Adidas Real Madrid 22-23 a un look moderne. La police moderne s\u2019adapte parfaitement au design moderne du maillot, qui s\u2019inspire du nouveau stade Santiago Bernab\u00e9u. Conseils d\u2019impression : Si le nom et le num\u00e9ro sur l\u2019image correspondent exactement \u00e0 vos souhaits, il faut [\u2026]<\/p>","protected":false},"featured_media":12539,"comment_status":"open","ping_status":"closed","template":"","meta":[],"product_brand":[],"product_cat":[45],"product_tag":[20,21,22,23,228,24,489,490,271,47,268],"class_list":{"0":"post-12496","1":"product","2":"type-product","3":"status-publish","4":"has-post-thumbnail","6":"product_cat-real-madrid","7":"product_tag-coole-fussballtrikots","8":"product_tag-fussballtrikot-fuer-herren","9":"product_tag-fussballtrikot-guenstig-kaufen","10":"product_tag-fussballtrikot-kurzarm","11":"product_tag-guenstige-fussballtrikot","12":"product_tag-guenstiges-fussballtrikot","13":"product_tag-real-madrid-fussballtrikot","14":"product_tag-real-madrid-trikot","15":"product_tag-real-madrid-trikot-herren-guenstig","16":"product_tag-real-madrid-trikots","17":"product_tag-real-madrid-trikots-22-23","19":"first","20":"instock","21":"shipping-taxable","22":"purchasable","23":"product-type-variable"},"_links":{"self":[{"href":"https:\/\/www.billigtrikotde.com\/fr\/wp-json\/wp\/v2\/product\/12496","targetHints":{"allow":["GET"]}}],"collection":[{"href":"https:\/\/www.billigtrikotde.com\/fr\/wp-json\/wp\/v2\/product"}],"about":[{"href":"https:\/\/www.billigtrikotde.com\/fr\/wp-json\/wp\/v2\/types\/product"}],"replies":[{"embeddable":true,"href":"https:\/\/www.billigtrikotde.com\/fr\/wp-json\/wp\/v2\/comments?post=12496"}],"wp:featuredmedia":[{"embeddable":true,"href":"https:\/\/www.billigtrikotde.com\/fr\/wp-json\/wp\/v2\/media\/12539"}],"wp:attachment":[{"href":"https:\/\/www.billigtrikotde.com\/fr\/wp-json\/wp\/v2\/media?parent=12496"}],"wp:term":[{"taxonomy":"product_brand","embeddable":true,"href":"https:\/\/www.billigtrikotde.com\/fr\/wp-json\/wp\/v2\/product_brand?post=12496"},{"taxonomy":"product_cat","embeddable":true,"href":"https:\/\/www.billigtrikotde.com\/fr\/wp-json\/wp\/v2\/product_cat?post=12496"},{"taxonomy":"product_tag","embeddable":true,"href":"https:\/\/www.billigtrikotde.com\/fr\/wp-json\/wp\/v2\/product_tag?post=12496"}],"curies":[{"name":"wp","href":"https:\/\/api.w.org\/{rel}","templated":true}]}}