{"id":12494,"date":"2024-10-24T05:14:39","date_gmt":"2024-10-24T03:14:39","guid":{"rendered":"http:\/\/billigtrikots.com\/?post_type=product&#038;p=12494"},"modified":"2024-10-24T05:17:23","modified_gmt":"2024-10-24T03:17:23","slug":"atletico-madrid-heimtrikot-22-23-kurzarm-fussballtrikots-fuer-herren-yannick-carrasco-21","status":"publish","type":"product","link":"https:\/\/www.billigtrikotde.com\/fr\/atletico-madrid-heimtrikot-22-23-kurzarm-fussballtrikots-fuer-herren-yannick-carrasco-21\/","title":{"rendered":"Atletico Madrid domicile 22-23 Maillots de football \u00e0 manches courtes pour hommes Yannick Carrasco 21"},"content":{"rendered":"<p>Le maillot Nike Atl\u00e9tico 2022-2023 montre une nouvelle interpr\u00e9tation des rayures blanches et rouges traditionnelles du club. Le maillot Nike Atl\u00e9tico Madrid 22-23 est dot\u00e9 de rayures qui claquent.<\/p>\n<p>Le verso du nouvel Atl\u00e9tico 22-23 est principalement rouge avec une bande marine au niveau du col\/en haut. Le drapeau espagnol est imprim\u00e9 sous le col. D\u2019apr\u00e8s le gabarit, le maillot Nike Atletico Madrid 2022-2023 se base sur le nouveau gabarit de maillot 22-23 utilis\u00e9 pour toutes les grandes \u00e9quipes lors de la saison 2022-23.<\/p>\n<p>Conseils pour l'impression : Si le nom et le num\u00e9ro figurant sur l'image correspondent exactement \u00e0 ce que vous souhaitez, vous ne devez pas les saisir \u00e0 nouveau. Si ce n'est pas le cas, vous devez saisir le nom et le num\u00e9ro que vous souhaitez.<\/p>\n<p>Conseils pour le lavage : Il est recommand\u00e9 de laver les maillots de football \u00e0 la main. Si vous souhaitez utiliser la machine \u00e0 laver, pensez \u00e0 retourner les maillots de football avant de les laver. Remplissez la machine avec de l'eau froide et utilisez un cycle de lavage d\u00e9licat pour mieux prot\u00e9ger les couleurs.<\/p>","protected":false},"excerpt":{"rendered":"<p>Das Nike Atl\u00e9tico 2022-2023 Trikot zeigt eine neue Interpretation der traditionellen wei\u00df-roten Streifen des Vereins. Das Nike Atl\u00e9tico Madrid 22-23 Trikot kommt mit winkenden Streifen. Die R\u00fcckseite des neuen Atl\u00e9tico 22-23 Trikots ist haupts\u00e4chlich rot mit einem marineblauen Streifen im Kragenbereich\/oben. Die spanische Flagge ist unterhalb des Kragens aufgedruckt.Von der Template her basiert das Nike [&hellip;]<\/p>","protected":false},"featured_media":12537,"comment_status":"open","ping_status":"closed","template":"","meta":[],"product_brand":[],"product_cat":[88],"product_tag":[486,487,488,90,20,21,22,23,24],"class_list":{"0":"post-12494","1":"product","2":"type-product","3":"status-publish","4":"has-post-thumbnail","6":"product_cat-atletico-madrid","7":"product_tag-atletico-madrid-2022-23","8":"product_tag-atletico-madrid-fussballtrikot","9":"product_tag-atletico-madrid-trikot","10":"product_tag-atletico-madrid-trikots","11":"product_tag-coole-fussballtrikots","12":"product_tag-fussballtrikot-fuer-herren","13":"product_tag-fussballtrikot-guenstig-kaufen","14":"product_tag-fussballtrikot-kurzarm","15":"product_tag-guenstiges-fussballtrikot","17":"first","18":"instock","19":"shipping-taxable","20":"purchasable","21":"product-type-variable"},"_links":{"self":[{"href":"https:\/\/www.billigtrikotde.com\/fr\/wp-json\/wp\/v2\/product\/12494","targetHints":{"allow":["GET"]}}],"collection":[{"href":"https:\/\/www.billigtrikotde.com\/fr\/wp-json\/wp\/v2\/product"}],"about":[{"href":"https:\/\/www.billigtrikotde.com\/fr\/wp-json\/wp\/v2\/types\/product"}],"replies":[{"embeddable":true,"href":"https:\/\/www.billigtrikotde.com\/fr\/wp-json\/wp\/v2\/comments?post=12494"}],"wp:featuredmedia":[{"embeddable":true,"href":"https:\/\/www.billigtrikotde.com\/fr\/wp-json\/wp\/v2\/media\/12537"}],"wp:attachment":[{"href":"https:\/\/www.billigtrikotde.com\/fr\/wp-json\/wp\/v2\/media?parent=12494"}],"wp:term":[{"taxonomy":"product_brand","embeddable":true,"href":"https:\/\/www.billigtrikotde.com\/fr\/wp-json\/wp\/v2\/product_brand?post=12494"},{"taxonomy":"product_cat","embeddable":true,"href":"https:\/\/www.billigtrikotde.com\/fr\/wp-json\/wp\/v2\/product_cat?post=12494"},{"taxonomy":"product_tag","embeddable":true,"href":"https:\/\/www.billigtrikotde.com\/fr\/wp-json\/wp\/v2\/product_tag?post=12494"}],"curies":[{"name":"wp","href":"https:\/\/api.w.org\/{rel}","templated":true}]}}