{"id":12466,"date":"2024-10-24T05:13:01","date_gmt":"2024-10-24T03:13:01","guid":{"rendered":"http:\/\/billigtrikots.com\/?post_type=product&#038;p=12466"},"modified":"2024-10-24T05:15:41","modified_gmt":"2024-10-24T03:15:41","slug":"fussballtrikots-guenstig-atletico-madrid-2022-23-drittes-trikot-kurzarm-stefan-savic-15","status":"publish","type":"product","link":"https:\/\/www.billigtrikotde.com\/fr\/fussballtrikots-guenstig-atletico-madrid-2022-23-drittes-trikot-kurzarm-stefan-savic-15\/","title":{"rendered":"Maillots de foot pas cher Atl\u00e9tico Madrid 2022-23 Troisi\u00e8me Maillot manches courtes Stefan Savic 15"},"content":{"rendered":"<p>Le troisi\u00e8me maillot de football de Nike Atl\u00e9tico Madrid 2022-23 combine diff\u00e9rentes nuances d'orange et de rouge avec du noir pour le swoosh. Il s'agit d'une combinaison de couleurs tr\u00e8s int\u00e9ressante et fra\u00eeche pour le club, inspir\u00e9e par les fruits de l'arbousier qui figure sur le blason du club.<br \/>\nEn termes de design, le nouveau troisi\u00e8me maillot de l'Atl\u00e9tico est plut\u00f4t banal. Il est orange uni et seuls les poignets apportent une petite touche de rouge. Les logos sont noirs, dont un blason du club monochrome sur la poitrine gauche du troisi\u00e8me maillot de l'Atl\u00e9tico Madrid 2022-23.<\/p>\n<p>Conseils pour l'impression : Si le nom et le num\u00e9ro figurant sur l'image correspondent exactement \u00e0 ce que vous souhaitez, vous ne devez pas les saisir \u00e0 nouveau. Si ce n'est pas le cas, vous devez saisir le nom et le num\u00e9ro que vous souhaitez.<\/p>\n<p>Conseils pour le lavage : Il est recommand\u00e9 de laver les maillots de football \u00e0 la main. Si vous souhaitez utiliser la machine \u00e0 laver, pensez \u00e0 retourner les maillots de football avant de les laver. Remplissez la machine avec de l'eau froide et utilisez un cycle de lavage d\u00e9licat pour mieux prot\u00e9ger les couleurs.<\/p>","protected":false},"excerpt":{"rendered":"<p>Le troisi\u00e8me maillot de football de Nike pour l\u2019Atl\u00e9tico Madrid 2022-23 combine diff\u00e9rentes nuances d\u2019orange et de rouge avec du noir pour le Swoosh. C\u2019est une association de couleurs tr\u00e8s int\u00e9ressante et rafra\u00eechissante pour le club, inspir\u00e9e par les fruits de l\u2019arbre \u00e0 fraises, qui se trouvent dans le blason du club. En ce qui concerne le design, le nouveau troisi\u00e8me maillot de l\u2019Atl\u00e9tico est plut\u00f4t terne. Il est uni [\u2026]<\/p>","protected":false},"featured_media":12509,"comment_status":"open","ping_status":"closed","template":"","meta":[],"product_brand":[],"product_cat":[88],"product_tag":[486,487,89,488,90,20,21,22,23,24],"class_list":{"0":"post-12466","1":"product","2":"type-product","3":"status-publish","4":"has-post-thumbnail","6":"product_cat-atletico-madrid","7":"product_tag-atletico-madrid-2022-23","8":"product_tag-atletico-madrid-fussballtrikot","9":"product_tag-atletico-madrid-heimtrikot","10":"product_tag-atletico-madrid-trikot","11":"product_tag-atletico-madrid-trikots","12":"product_tag-coole-fussballtrikots","13":"product_tag-fussballtrikot-fuer-herren","14":"product_tag-fussballtrikot-guenstig-kaufen","15":"product_tag-fussballtrikot-kurzarm","16":"product_tag-guenstiges-fussballtrikot","18":"first","19":"instock","20":"shipping-taxable","21":"purchasable","22":"product-type-variable"},"_links":{"self":[{"href":"https:\/\/www.billigtrikotde.com\/fr\/wp-json\/wp\/v2\/product\/12466","targetHints":{"allow":["GET"]}}],"collection":[{"href":"https:\/\/www.billigtrikotde.com\/fr\/wp-json\/wp\/v2\/product"}],"about":[{"href":"https:\/\/www.billigtrikotde.com\/fr\/wp-json\/wp\/v2\/types\/product"}],"replies":[{"embeddable":true,"href":"https:\/\/www.billigtrikotde.com\/fr\/wp-json\/wp\/v2\/comments?post=12466"}],"wp:featuredmedia":[{"embeddable":true,"href":"https:\/\/www.billigtrikotde.com\/fr\/wp-json\/wp\/v2\/media\/12509"}],"wp:attachment":[{"href":"https:\/\/www.billigtrikotde.com\/fr\/wp-json\/wp\/v2\/media?parent=12466"}],"wp:term":[{"taxonomy":"product_brand","embeddable":true,"href":"https:\/\/www.billigtrikotde.com\/fr\/wp-json\/wp\/v2\/product_brand?post=12466"},{"taxonomy":"product_cat","embeddable":true,"href":"https:\/\/www.billigtrikotde.com\/fr\/wp-json\/wp\/v2\/product_cat?post=12466"},{"taxonomy":"product_tag","embeddable":true,"href":"https:\/\/www.billigtrikotde.com\/fr\/wp-json\/wp\/v2\/product_tag?post=12466"}],"curies":[{"name":"wp","href":"https:\/\/api.w.org\/{rel}","templated":true}]}}