{"id":1233,"date":"2024-10-23T13:21:31","date_gmt":"2024-10-23T11:21:31","guid":{"rendered":"http:\/\/billigtrikots.com\/?post_type=product&#038;p=1233"},"modified":"2024-10-23T13:23:33","modified_gmt":"2024-10-23T11:23:33","slug":"manchester-united-2022-herren-fussballtrikot-carrick-16-heim-trikotsatz-rot","status":"publish","type":"product","link":"https:\/\/www.billigtrikotde.com\/fr\/manchester-united-2022-herren-fussballtrikot-carrick-16-heim-trikotsatz-rot\/","title":{"rendered":"Manchester United 2022 homme maillot de football Carrick 16 domicile ensemble rouge"},"content":{"rendered":"<p>Montrez votre fiert\u00e9 d'\u00e9quipe et soutenez Manchester United lors de la saison 2021\/2022 avec le maillot domicile officiel a-didas pour hommes. La version fan du maillot domicile ressemble au mod\u00e8le port\u00e9 par les professionnels de United lors des jours de match. Le mat\u00e9riau Primegreen est compos\u00e9 de polyester recycl\u00e9 et offre une sensation de confort sec gr\u00e2ce \u00e0 la technologie de gestion de l'humidit\u00e9 AEROREADY. Le blason du club sur la poitrine confirme pour quel club votre c\u0153ur bat.<\/p>\n<p>Conseils pour l'impression : Si le nom et le num\u00e9ro figurant sur l'image correspondent exactement \u00e0 ce que vous souhaitez, vous ne devez pas les saisir \u00e0 nouveau. Si ce n'est pas le cas, vous devez saisir le nom et le num\u00e9ro que vous souhaitez.<\/p>\n<p>Conseils pour le lavage : Il est recommand\u00e9 de laver les maillots de football \u00e0 la main. Si vous souhaitez utiliser la machine \u00e0 laver, pensez \u00e0 retourner les maillots de football avant de les laver. Remplissez la machine avec de l'eau froide et utilisez un cycle de lavage d\u00e9licat pour mieux prot\u00e9ger les couleurs.<\/p>","protected":false},"excerpt":{"rendered":"<p>Montrez votre fiert\u00e9 d'\u00e9quipe et soutenez Manchester United lors de la saison 2021\/2022 avec le maillot domicile officiel a-didas pour hommes. La version fan du maillot domicile ressemble au mod\u00e8le port\u00e9 par les professionnels de United lors des jours de match. Le mat\u00e9riau Primegreen est compos\u00e9 de polyester recycl\u00e9 et offre une sensation de confort sec gr\u00e2ce \u00e0 la technologie de gestion de l'humidit\u00e9 AEROREADY. Le blason du club sur la poitrine [...]<\/p>","protected":false},"featured_media":1277,"comment_status":"open","ping_status":"closed","template":"","meta":[],"product_brand":[],"product_cat":[50],"product_tag":[20,21,22,23,54,24,52],"class_list":{"0":"post-1233","1":"product","2":"type-product","3":"status-publish","4":"has-post-thumbnail","6":"product_cat-manchester-united","7":"product_tag-coole-fussballtrikots","8":"product_tag-fussballtrikot-fuer-herren","9":"product_tag-fussballtrikot-guenstig-kaufen","10":"product_tag-fussballtrikot-kurzarm","11":"product_tag-fussballtrikot-set","12":"product_tag-guenstiges-fussballtrikot","13":"product_tag-manchester-united-trikots","15":"first","16":"instock","17":"shipping-taxable","18":"purchasable","19":"product-type-variable"},"_links":{"self":[{"href":"https:\/\/www.billigtrikotde.com\/fr\/wp-json\/wp\/v2\/product\/1233","targetHints":{"allow":["GET"]}}],"collection":[{"href":"https:\/\/www.billigtrikotde.com\/fr\/wp-json\/wp\/v2\/product"}],"about":[{"href":"https:\/\/www.billigtrikotde.com\/fr\/wp-json\/wp\/v2\/types\/product"}],"replies":[{"embeddable":true,"href":"https:\/\/www.billigtrikotde.com\/fr\/wp-json\/wp\/v2\/comments?post=1233"}],"wp:featuredmedia":[{"embeddable":true,"href":"https:\/\/www.billigtrikotde.com\/fr\/wp-json\/wp\/v2\/media\/1277"}],"wp:attachment":[{"href":"https:\/\/www.billigtrikotde.com\/fr\/wp-json\/wp\/v2\/media?parent=1233"}],"wp:term":[{"taxonomy":"product_brand","embeddable":true,"href":"https:\/\/www.billigtrikotde.com\/fr\/wp-json\/wp\/v2\/product_brand?post=1233"},{"taxonomy":"product_cat","embeddable":true,"href":"https:\/\/www.billigtrikotde.com\/fr\/wp-json\/wp\/v2\/product_cat?post=1233"},{"taxonomy":"product_tag","embeddable":true,"href":"https:\/\/www.billigtrikotde.com\/fr\/wp-json\/wp\/v2\/product_tag?post=1233"}],"curies":[{"name":"wp","href":"https:\/\/api.w.org\/{rel}","templated":true}]}}