{"id":12228,"date":"2024-10-24T04:59:45","date_gmt":"2024-10-24T02:59:45","guid":{"rendered":"http:\/\/billigtrikots.com\/?post_type=product&#038;p=12228"},"modified":"2024-10-24T05:02:26","modified_gmt":"2024-10-24T03:02:26","slug":"neuen-fussballtrikots-portugal-heimtrikot-wm-2022-kurzarm-mit-aufdruck-jose-sa-12","status":"publish","type":"product","link":"https:\/\/www.billigtrikotde.com\/fr\/neuen-fussballtrikots-portugal-heimtrikot-wm-2022-kurzarm-mit-aufdruck-jose-sa-12\/","title":{"rendered":"Nouveaux maillots de football Portugal domicile Coupe du Monde 2022 manches courtes avec impression JOSE SA 12"},"content":{"rendered":"<p>Un look frais mais classique pour le Portugal : le maillot ext\u00e9rieur Nike Portugal 2022 combine un motif de base blanc cr\u00e8me et un swoosh bleu marine. Officiellement, les couleurs sont \"Sail\/Obsidian\", tandis que \"Pepper Red\" est la troisi\u00e8me couleur.Selon Nike, la couleur l\u00e9g\u00e8rement plus fonc\u00e9e a \u00e9t\u00e9 choisie pour que les Portugais \"se distinguent dans un oc\u00e9an de maillots blancs \u00e9clatants\".<\/p>\n<p>Conseils pour l'impression : Si le nom et le num\u00e9ro figurant sur l'image correspondent exactement \u00e0 ce que vous souhaitez, vous ne devez pas les saisir \u00e0 nouveau. Si ce n'est pas le cas, vous devez saisir le nom et le num\u00e9ro que vous souhaitez.<\/p>\n<p>Conseils pour le lavage : Il est recommand\u00e9 de laver les maillots de football \u00e0 la main. Si vous souhaitez utiliser la machine \u00e0 laver, pensez \u00e0 retourner les maillots de football avant de les laver. Remplissez la machine avec de l'eau froide et utilisez un cycle de lavage d\u00e9licat pour mieux prot\u00e9ger les couleurs.<\/p>","protected":false},"excerpt":{"rendered":"<p>Un look frais mais classique pour le Portugal : le maillot ext\u00e9rieur Nike Portugal 2022 combine un motif de base blanc cr\u00e8me et un swoosh bleu marine. Officiellement, les couleurs sont \"Sail\/Obsidian\", tandis que \"Pepper Red\" est la troisi\u00e8me couleur.Selon Nike, la couleur l\u00e9g\u00e8rement plus fonc\u00e9e a \u00e9t\u00e9 choisie pour que les Portugais \"se distinguent dans un oc\u00e9an de maillots blancs \u00e9clatants\".<\/p>","protected":false},"featured_media":12270,"comment_status":"open","ping_status":"closed","template":"","meta":[],"product_brand":[],"product_cat":[239],"product_tag":[20,222,21,23,24,470,473,474,471,347,472],"class_list":{"0":"post-12228","1":"product","2":"type-product","3":"status-publish","4":"has-post-thumbnail","6":"product_cat-portugal-trikots","7":"product_tag-coole-fussballtrikots","8":"product_tag-fussball-wm-2022-trikots","9":"product_tag-fussballtrikot-fuer-herren","10":"product_tag-fussballtrikot-kurzarm","11":"product_tag-guenstiges-fussballtrikot","12":"product_tag-herren-fussball-kurzarm","13":"product_tag-portugal-fussballtrikot","14":"product_tag-portugal-nationaltrikot","15":"product_tag-portugal-trikot","16":"product_tag-portugal-trikots","17":"product_tag-portugal-wm-2022-trikot","19":"first","20":"instock","21":"shipping-taxable","22":"purchasable","23":"product-type-variable"},"_links":{"self":[{"href":"https:\/\/www.billigtrikotde.com\/fr\/wp-json\/wp\/v2\/product\/12228","targetHints":{"allow":["GET"]}}],"collection":[{"href":"https:\/\/www.billigtrikotde.com\/fr\/wp-json\/wp\/v2\/product"}],"about":[{"href":"https:\/\/www.billigtrikotde.com\/fr\/wp-json\/wp\/v2\/types\/product"}],"replies":[{"embeddable":true,"href":"https:\/\/www.billigtrikotde.com\/fr\/wp-json\/wp\/v2\/comments?post=12228"}],"wp:featuredmedia":[{"embeddable":true,"href":"https:\/\/www.billigtrikotde.com\/fr\/wp-json\/wp\/v2\/media\/12270"}],"wp:attachment":[{"href":"https:\/\/www.billigtrikotde.com\/fr\/wp-json\/wp\/v2\/media?parent=12228"}],"wp:term":[{"taxonomy":"product_brand","embeddable":true,"href":"https:\/\/www.billigtrikotde.com\/fr\/wp-json\/wp\/v2\/product_brand?post=12228"},{"taxonomy":"product_cat","embeddable":true,"href":"https:\/\/www.billigtrikotde.com\/fr\/wp-json\/wp\/v2\/product_cat?post=12228"},{"taxonomy":"product_tag","embeddable":true,"href":"https:\/\/www.billigtrikotde.com\/fr\/wp-json\/wp\/v2\/product_tag?post=12228"}],"curies":[{"name":"wp","href":"https:\/\/api.w.org\/{rel}","templated":true}]}}