{"id":12151,"date":"2024-10-24T04:55:18","date_gmt":"2024-10-24T02:55:18","guid":{"rendered":"http:\/\/billigtrikots.com\/?post_type=product&#038;p=12151"},"modified":"2024-10-24T04:57:53","modified_gmt":"2024-10-24T02:57:53","slug":"portugal-wm-2022-trikot-kurzarm-fussballtrikot-herren-sale","status":"publish","type":"product","link":"https:\/\/www.billigtrikotde.com\/fr\/portugal-wm-2022-trikot-kurzarm-fussballtrikot-herren-sale\/","title":{"rendered":"Portugal Coupe du Monde 2022 Maillot de football \u00e0 manches courtes Homme Vente"},"content":{"rendered":"<p>Un look exceptionnel et une nouveaut\u00e9 dans l'histoire de l'\u00e9quipe : le maillot pour la Coupe du Monde de football 2022 au Portugal poss\u00e8de un graphique diagonal vert sur le devant et l'arri\u00e8re. Il se poursuit m\u00eame sur la manche droite. Ce look est cens\u00e9 imiter le drapeau qui s'enroule autour du corps, selon le communiqu\u00e9 de presse officiel. Tout comme lors de l'Euro 2020, Nike associe le maillot Nike Portugal 2022 avec un short vert. Les chaussettes du maillot domicile de la Coupe du Monde 2022 Portugal sont rouges, avec un revers vert et des logos dor\u00e9s.<\/p>\n<p>Conseils pour l'impression : Si le nom et le num\u00e9ro figurant sur l'image correspondent exactement \u00e0 ce que vous souhaitez, vous ne devez pas les saisir \u00e0 nouveau. Si ce n'est pas le cas, vous devez saisir le nom et le num\u00e9ro que vous souhaitez.<\/p>\n<p>Conseils pour le lavage : Il est recommand\u00e9 de laver les maillots de football \u00e0 la main. Si vous souhaitez utiliser la machine \u00e0 laver, pensez \u00e0 retourner les maillots de football avant de les laver. Remplissez la machine avec de l'eau froide et utilisez un cycle de lavage d\u00e9licat pour mieux prot\u00e9ger les couleurs.<\/p>","protected":false},"excerpt":{"rendered":"<p>Ein au\u00dfergew\u00f6hnlicher Look und ein Novum in der Geschichte der Mannschaft: Das Trikot f\u00fcr die Fu\u00dfball-WM 2022 in Portugal hat eine diagonale gr\u00fcne Grafik auf der Vorder- und R\u00fcckseite. Sie setzt sich sogar auf dem rechten \u00c4rmel fort. Dieser Look soll die Flagge imitieren, die um den K\u00f6rper gewickelt wird, hei\u00dft es in der offiziellen [&hellip;]<\/p>","protected":false},"featured_media":12191,"comment_status":"open","ping_status":"closed","template":"","meta":[],"product_brand":[],"product_cat":[239],"product_tag":[20,222,21,23,24,470,471,347,472],"class_list":{"0":"post-12151","1":"product","2":"type-product","3":"status-publish","4":"has-post-thumbnail","6":"product_cat-portugal-trikots","7":"product_tag-coole-fussballtrikots","8":"product_tag-fussball-wm-2022-trikots","9":"product_tag-fussballtrikot-fuer-herren","10":"product_tag-fussballtrikot-kurzarm","11":"product_tag-guenstiges-fussballtrikot","12":"product_tag-herren-fussball-kurzarm","13":"product_tag-portugal-trikot","14":"product_tag-portugal-trikots","15":"product_tag-portugal-wm-2022-trikot","17":"first","18":"instock","19":"shipping-taxable","20":"purchasable","21":"product-type-variable"},"_links":{"self":[{"href":"https:\/\/www.billigtrikotde.com\/fr\/wp-json\/wp\/v2\/product\/12151","targetHints":{"allow":["GET"]}}],"collection":[{"href":"https:\/\/www.billigtrikotde.com\/fr\/wp-json\/wp\/v2\/product"}],"about":[{"href":"https:\/\/www.billigtrikotde.com\/fr\/wp-json\/wp\/v2\/types\/product"}],"replies":[{"embeddable":true,"href":"https:\/\/www.billigtrikotde.com\/fr\/wp-json\/wp\/v2\/comments?post=12151"}],"wp:featuredmedia":[{"embeddable":true,"href":"https:\/\/www.billigtrikotde.com\/fr\/wp-json\/wp\/v2\/media\/12191"}],"wp:attachment":[{"href":"https:\/\/www.billigtrikotde.com\/fr\/wp-json\/wp\/v2\/media?parent=12151"}],"wp:term":[{"taxonomy":"product_brand","embeddable":true,"href":"https:\/\/www.billigtrikotde.com\/fr\/wp-json\/wp\/v2\/product_brand?post=12151"},{"taxonomy":"product_cat","embeddable":true,"href":"https:\/\/www.billigtrikotde.com\/fr\/wp-json\/wp\/v2\/product_cat?post=12151"},{"taxonomy":"product_tag","embeddable":true,"href":"https:\/\/www.billigtrikotde.com\/fr\/wp-json\/wp\/v2\/product_tag?post=12151"}],"curies":[{"name":"wp","href":"https:\/\/api.w.org\/{rel}","templated":true}]}}