{"id":1203,"date":"2024-10-23T13:20:31","date_gmt":"2024-10-23T11:20:31","guid":{"rendered":"http:\/\/billigtrikots.com\/?post_type=product&#038;p=1203"},"modified":"2024-10-23T13:22:30","modified_gmt":"2024-10-23T11:22:30","slug":"manchester-united-2022-herren-trikot-blau-mit-aufdruck-henderson-26","status":"publish","type":"product","link":"https:\/\/www.billigtrikotde.com\/fr\/manchester-united-2022-herren-trikot-blau-mit-aufdruck-henderson-26\/","title":{"rendered":"Manchester United 2022 homme maillot bleu avec impression Henderson 26"},"content":{"rendered":"<p>Nous jetons un regard sur la d\u00e9cennie o\u00f9 Manchester United a grav\u00e9 son nom sur le tr\u00f4ne du football anglais. Dix ans marqu\u00e9s par le talent des jeunes super joueurs. Il n\u2019est donc pas surprenant que nous nous soyons inspir\u00e9s de ce maillot d\u2019appoint des ann\u00e9es 90. Le design m\u00eale un \u00e9quipement ext\u00e9rieur classique au style Equipment typique d\u2019adidas pour un look s\u00fbr de soi. La version pour les fans vous offre, gr\u00e2ce au mat\u00e9riau doux avec la technologie AEROREADY absorbant l\u2019humidit\u00e9, une sensation de confort lors du port. Et le logo bicolore a-didas rend le souvenir de l\u2019\u00e9poque parfait.<\/p>\n<p>Conseils pour l'impression : Si le nom et le num\u00e9ro figurant sur l'image correspondent exactement \u00e0 ce que vous souhaitez, vous ne devez pas les saisir \u00e0 nouveau. Si ce n'est pas le cas, vous devez saisir le nom et le num\u00e9ro que vous souhaitez.<\/p>\n<p>Conseils pour le lavage : Il est recommand\u00e9 de laver les maillots de football \u00e0 la main. Si vous souhaitez utiliser la machine \u00e0 laver, pensez \u00e0 retourner les maillots de football avant de les laver. Remplissez la machine avec de l'eau froide et utilisez un cycle de lavage d\u00e9licat pour mieux prot\u00e9ger les couleurs.<\/p>","protected":false},"excerpt":{"rendered":"<p>Wir blicken auf das Jahrzehnt zur\u00fcck, in dem Manchester United den englischen Fu\u00dfball-Thron erklomm. Zehn Jahre, die von dem Talent der jungen Superkicker gepr\u00e4gt waren. Kein Wunder also, dass wir uns f\u00fcr dieses Ausweichtrikot von den 90ern haben inspirieren lassen. Das Design mixt eine klassische Ausw\u00e4rtsausr\u00fcstung mit dem typischen adidas Equipment Style f\u00fcr einen selbstbewussten [&hellip;]<\/p>","protected":false},"featured_media":1247,"comment_status":"open","ping_status":"closed","template":"","meta":[],"product_brand":[],"product_cat":[50],"product_tag":[20,21,22,23,24,53,52],"class_list":{"0":"post-1203","1":"product","2":"type-product","3":"status-publish","4":"has-post-thumbnail","6":"product_cat-manchester-united","7":"product_tag-coole-fussballtrikots","8":"product_tag-fussballtrikot-fuer-herren","9":"product_tag-fussballtrikot-guenstig-kaufen","10":"product_tag-fussballtrikot-kurzarm","11":"product_tag-guenstiges-fussballtrikot","12":"product_tag-manchester-united-ausweichtrikot","13":"product_tag-manchester-united-trikots","15":"first","16":"instock","17":"shipping-taxable","18":"purchasable","19":"product-type-variable"},"_links":{"self":[{"href":"https:\/\/www.billigtrikotde.com\/fr\/wp-json\/wp\/v2\/product\/1203","targetHints":{"allow":["GET"]}}],"collection":[{"href":"https:\/\/www.billigtrikotde.com\/fr\/wp-json\/wp\/v2\/product"}],"about":[{"href":"https:\/\/www.billigtrikotde.com\/fr\/wp-json\/wp\/v2\/types\/product"}],"replies":[{"embeddable":true,"href":"https:\/\/www.billigtrikotde.com\/fr\/wp-json\/wp\/v2\/comments?post=1203"}],"wp:featuredmedia":[{"embeddable":true,"href":"https:\/\/www.billigtrikotde.com\/fr\/wp-json\/wp\/v2\/media\/1247"}],"wp:attachment":[{"href":"https:\/\/www.billigtrikotde.com\/fr\/wp-json\/wp\/v2\/media?parent=1203"}],"wp:term":[{"taxonomy":"product_brand","embeddable":true,"href":"https:\/\/www.billigtrikotde.com\/fr\/wp-json\/wp\/v2\/product_brand?post=1203"},{"taxonomy":"product_cat","embeddable":true,"href":"https:\/\/www.billigtrikotde.com\/fr\/wp-json\/wp\/v2\/product_cat?post=1203"},{"taxonomy":"product_tag","embeddable":true,"href":"https:\/\/www.billigtrikotde.com\/fr\/wp-json\/wp\/v2\/product_tag?post=1203"}],"curies":[{"name":"wp","href":"https:\/\/api.w.org\/{rel}","templated":true}]}}