{"id":12007,"date":"2024-10-24T04:46:32","date_gmt":"2024-10-24T02:46:32","guid":{"rendered":"http:\/\/billigtrikots.com\/?post_type=product&#038;p=12007"},"modified":"2025-10-16T16:03:35","modified_gmt":"2025-10-16T14:03:35","slug":"herren-fussballtrikot-real-madrid-2022-2023-auswaertstrikots-mit-aufdruck-mbappe-7","status":"publish","type":"product","link":"https:\/\/www.billigtrikotde.com\/fr\/herren-fussballtrikot-real-madrid-2022-2023-auswaertstrikots-mit-aufdruck-mbappe-7\/","title":{"rendered":"Homme Maillot Real Madrid 2022-2023 Maillots ext\u00e9rieurs avec impression MBAPP\u00c9 7"},"content":{"rendered":"<p>Le maillot ext\u00e9rieur Adidas Real Madrid 2022-23 est violet. La couleur officielle est le \"pourpre clair\", que l'on retrouve \u00e9galement sur le maillot 22-23.<\/p>\n<p>Sur le devant et les manches du maillot ext\u00e9rieur du Real Madrid 2022-2023 se trouve un discret imprim\u00e9 g\u00e9om\u00e9trique compos\u00e9 de carreaux en diagonale.<\/p>\n<p>Adidas combine la couleur principale claire du maillot ext\u00e9rieur 22-23 du Real Madrid avec le \"Night Navy\", un bleu marine tr\u00e8s fonc\u00e9. Cette couleur est utilis\u00e9e pour le col, les poignets et tous les brandings, y compris le blason du club redessin\u00e9 sur la poitrine gauche.<\/p>\n<p>Conseils pour l'impression : Si le nom et le num\u00e9ro figurant sur l'image correspondent exactement \u00e0 ce que vous souhaitez, vous ne devez pas les saisir \u00e0 nouveau. Si ce n'est pas le cas, vous devez saisir le nom et le num\u00e9ro que vous souhaitez.<\/p>\n<p>Conseils pour le lavage : Il est recommand\u00e9 de laver les maillots de football \u00e0 la main. Si vous souhaitez utiliser la machine \u00e0 laver, pensez \u00e0 retourner les maillots de football avant de les laver. Remplissez la machine avec de l'eau froide et utilisez un cycle de lavage d\u00e9licat pour mieux prot\u00e9ger les couleurs.<\/p>","protected":false},"excerpt":{"rendered":"<p>Le maillot ext\u00e9rieur Real Madrid 2022-23 Adidas est violet. La couleur officielle est \u00ab Light Purple \u00bb, qui est \u00e9galement visible sur le maillot 22-23. Sur le devant et les manches du maillot ext\u00e9rieur Real Madrid 2022-2023 se trouve un imprim\u00e9 g\u00e9om\u00e9trique discret, compos\u00e9 de carreaux diagonaux. Adidas associe la couleur principale claire du maillot ext\u00e9rieur Real Madrid 22-23 \u2026<\/p>","protected":false},"featured_media":12047,"comment_status":"open","ping_status":"closed","template":"","meta":[],"product_brand":[],"product_cat":[45],"product_tag":[20,21,22,23,228,24,291,49,271,47,268],"class_list":{"0":"post-12007","1":"product","2":"type-product","3":"status-publish","4":"has-post-thumbnail","6":"product_cat-real-madrid","7":"product_tag-coole-fussballtrikots","8":"product_tag-fussballtrikot-fuer-herren","9":"product_tag-fussballtrikot-guenstig-kaufen","10":"product_tag-fussballtrikot-kurzarm","11":"product_tag-guenstige-fussballtrikot","12":"product_tag-guenstiges-fussballtrikot","13":"product_tag-real-madrid-2022-2023-auswaertstrikots","14":"product_tag-real-madrid-auswaertstrikot","15":"product_tag-real-madrid-trikot-herren-guenstig","16":"product_tag-real-madrid-trikots","17":"product_tag-real-madrid-trikots-22-23","19":"first","20":"instock","21":"shipping-taxable","22":"purchasable","23":"product-type-variable"},"_links":{"self":[{"href":"https:\/\/www.billigtrikotde.com\/fr\/wp-json\/wp\/v2\/product\/12007","targetHints":{"allow":["GET"]}}],"collection":[{"href":"https:\/\/www.billigtrikotde.com\/fr\/wp-json\/wp\/v2\/product"}],"about":[{"href":"https:\/\/www.billigtrikotde.com\/fr\/wp-json\/wp\/v2\/types\/product"}],"replies":[{"embeddable":true,"href":"https:\/\/www.billigtrikotde.com\/fr\/wp-json\/wp\/v2\/comments?post=12007"}],"wp:featuredmedia":[{"embeddable":true,"href":"https:\/\/www.billigtrikotde.com\/fr\/wp-json\/wp\/v2\/media\/12047"}],"wp:attachment":[{"href":"https:\/\/www.billigtrikotde.com\/fr\/wp-json\/wp\/v2\/media?parent=12007"}],"wp:term":[{"taxonomy":"product_brand","embeddable":true,"href":"https:\/\/www.billigtrikotde.com\/fr\/wp-json\/wp\/v2\/product_brand?post=12007"},{"taxonomy":"product_cat","embeddable":true,"href":"https:\/\/www.billigtrikotde.com\/fr\/wp-json\/wp\/v2\/product_cat?post=12007"},{"taxonomy":"product_tag","embeddable":true,"href":"https:\/\/www.billigtrikotde.com\/fr\/wp-json\/wp\/v2\/product_tag?post=12007"}],"curies":[{"name":"wp","href":"https:\/\/api.w.org\/{rel}","templated":true}]}}