{"id":11949,"date":"2024-10-24T04:43:05","date_gmt":"2024-10-24T02:43:05","guid":{"rendered":"http:\/\/billigtrikots.com\/?post_type=product&#038;p=11949"},"modified":"2024-10-24T04:45:50","modified_gmt":"2024-10-24T02:45:50","slug":"kinder-fc-barcelona-22-23-viertes-trikot-kurzarm-kurze-hosen-on-sale","status":"publish","type":"product","link":"https:\/\/www.billigtrikotde.com\/fr\/kinder-fc-barcelona-22-23-viertes-trikot-kurzarm-kurze-hosen-on-sale\/","title":{"rendered":"Maillot enfant FC Barcelone 22-23 quatri\u00e8me maillot manches courtes + shorts En vente"},"content":{"rendered":"<p>Le nouveau quatri\u00e8me maillot du FC Barcelone pour la saison 22-23 a \u00e9t\u00e9 pr\u00e9sent\u00e9 sous le slogan \u201c + Catalunya + Bar\u00e7a\u201c. Il transmet l\u2019esprit de Bar\u00e7a et la fiert\u00e9 de provenir de Barcelone et de la Catalogne. Le maillot est inspir\u00e9 par le brassard de capitaine et sera port\u00e9 pour la premi\u00e8re fois lors d\u2019un match officiel contre le FC Girona \u00e0 Montilivi le samedi prochain.<br \/>\nLe quatri\u00e8me maillot Nike Barcelona 22-23 combine les couleurs de la Senyera, jaune et rouge, avec le bleu. Le blason de Barcelone et le logo Spotify sont plac\u00e9s au centre, tandis qu\u2019un Swoosh est pr\u00e9sent sur chaque manche. L\u2019\u00e9l\u00e9ment le plus marquant du quatri\u00e8me maillot de Barcelone est le drapeau de la Senyera (quatri\u00e8me bande rouge sur fond jaune) sur le haut de l\u2019avant. Il est identique \u00e0 celui visible sur le brassard de capitaine. Les poignets blaugrana apportent une touche suppl\u00e9mentaire au maillot Nike Bar\u00e7a 22-23 4th. Le quatri\u00e8me maillot de Barcelone 22-23 pr\u00e9sente un motif similaire \u00e0 celui du maillot des \u00c9tats-Unis pour la Coupe du Monde 2022.<\/p>\n<p>Conseils pour l'impression : Si le nom et le num\u00e9ro figurant sur l'image correspondent exactement \u00e0 ce que vous souhaitez, vous ne devez pas les saisir \u00e0 nouveau. Si ce n'est pas le cas, vous devez saisir le nom et le num\u00e9ro que vous souhaitez.<\/p>\n<p>Conseils pour le lavage : Il est recommand\u00e9 de laver les maillots de football \u00e0 la main. Si vous souhaitez utiliser la machine \u00e0 laver, pensez \u00e0 retourner les maillots de football avant de les laver. Remplissez la machine avec de l'eau froide et utilisez un cycle de lavage d\u00e9licat pour mieux prot\u00e9ger les couleurs.<\/p>","protected":false},"excerpt":{"rendered":"<p>le nouveau quatri\u00e8me maillot du FC Barcelone pour la saison 22-23 a \u00e9t\u00e9 pr\u00e9sent\u00e9 sous le slogan \u201c + Catalunya + Bar\u00e7a\u201c. Il transmet l'esprit de Bar\u00e7a et la fiert\u00e9 de provenir de Barcelone et de la Catalogne. Le maillot est inspir\u00e9 par le brassard de capitaine et sera port\u00e9 pour la premi\u00e8re fois lors d'un match officiel contre le FC Girona [\u2026]<\/p>","protected":false},"featured_media":11992,"comment_status":"open","ping_status":"closed","template":"","meta":[],"product_brand":[],"product_cat":[146],"product_tag":[147,459,20,460,33,21,22,23,24,94],"class_list":{"0":"post-11949","1":"product","2":"type-product","3":"status-publish","4":"has-post-thumbnail","6":"product_cat-barcelona-kindertrikot","7":"product_tag-barcelona-trikotsatz-fuer-kinder","8":"product_tag-barcelona-viertes-trikot","9":"product_tag-coole-fussballtrikots","10":"product_tag-deutschland-fussballtrikots","11":"product_tag-fc-barcelona-trikots","12":"product_tag-fussballtrikot-fuer-herren","13":"product_tag-fussballtrikot-guenstig-kaufen","14":"product_tag-fussballtrikot-kurzarm","15":"product_tag-guenstiges-fussballtrikot","16":"product_tag-kinder-fussball-trikotsatz","18":"first","19":"instock","20":"shipping-taxable","21":"purchasable","22":"product-type-variable"},"_links":{"self":[{"href":"https:\/\/www.billigtrikotde.com\/fr\/wp-json\/wp\/v2\/product\/11949","targetHints":{"allow":["GET"]}}],"collection":[{"href":"https:\/\/www.billigtrikotde.com\/fr\/wp-json\/wp\/v2\/product"}],"about":[{"href":"https:\/\/www.billigtrikotde.com\/fr\/wp-json\/wp\/v2\/types\/product"}],"replies":[{"embeddable":true,"href":"https:\/\/www.billigtrikotde.com\/fr\/wp-json\/wp\/v2\/comments?post=11949"}],"wp:featuredmedia":[{"embeddable":true,"href":"https:\/\/www.billigtrikotde.com\/fr\/wp-json\/wp\/v2\/media\/11992"}],"wp:attachment":[{"href":"https:\/\/www.billigtrikotde.com\/fr\/wp-json\/wp\/v2\/media?parent=11949"}],"wp:term":[{"taxonomy":"product_brand","embeddable":true,"href":"https:\/\/www.billigtrikotde.com\/fr\/wp-json\/wp\/v2\/product_brand?post=11949"},{"taxonomy":"product_cat","embeddable":true,"href":"https:\/\/www.billigtrikotde.com\/fr\/wp-json\/wp\/v2\/product_cat?post=11949"},{"taxonomy":"product_tag","embeddable":true,"href":"https:\/\/www.billigtrikotde.com\/fr\/wp-json\/wp\/v2\/product_tag?post=11949"}],"curies":[{"name":"wp","href":"https:\/\/api.w.org\/{rel}","templated":true}]}}