{"id":1193,"date":"2024-10-23T13:20:01","date_gmt":"2024-10-23T11:20:01","guid":{"rendered":"http:\/\/billigtrikots.com\/?post_type=product&#038;p=1193"},"modified":"2024-10-23T13:21:54","modified_gmt":"2024-10-23T11:21:54","slug":"manchester-united-ausweichtrikot-2022-blau-mit-aufdruck-shaw-23","status":"publish","type":"product","link":"https:\/\/www.billigtrikotde.com\/fr\/manchester-united-ausweichtrikot-2022-blau-mit-aufdruck-shaw-23\/","title":{"rendered":"Manchester United maillot d'ext\u00e9rieur 2022 bleu avec impression SHAW 23"},"content":{"rendered":"<p>Feuere die Reds mit dem a-didas Manchester United 21\/22 Ausweichtrikot an, das mit gewebten Vereinsdetails f\u00fcr einen traditionellen Look ausgestattet ist.<br \/>\nDas adidas Manchester United 21\/22 Ausweichtrikot interpretiert einen Klassiker der fr\u00fchen 90er neu und l\u00e4sst sich von dem Ausw\u00e4rtstrikot inspirieren, das Uniteds talentierte junge Mannschaft trug, als sie eine aufregende neue \u00c4ra begann.<\/p>\n<p>Sein modernes Design greift das Blau, Schwarz und Gelb des Originals auf und ersetzt die Streifen durch ein geometrisches Muster, das das Manchester \u201eM\u201c noch einmal subtil integriert.<\/p>\n<p>Die Fan-Version des Trikots ist f\u00fcr l\u00e4ssigen Komfort konzipiert und verf\u00fcgt \u00fcber eine etwas lockerere Passform und ein gesticktes Branding f\u00fcr lang anhaltenden Style auf und neben dem Platz.<\/p>\n<p>Conseils pour l'impression : Si le nom et le num\u00e9ro figurant sur l'image correspondent exactement \u00e0 ce que vous souhaitez, vous ne devez pas les saisir \u00e0 nouveau. Si ce n'est pas le cas, vous devez saisir le nom et le num\u00e9ro que vous souhaitez.<\/p>\n<p>Conseils pour le lavage : Il est recommand\u00e9 de laver les maillots de football \u00e0 la main. Si vous souhaitez utiliser la machine \u00e0 laver, pensez \u00e0 retourner les maillots de football avant de les laver. Remplissez la machine avec de l'eau froide et utilisez un cycle de lavage d\u00e9licat pour mieux prot\u00e9ger les couleurs.<\/p>","protected":false},"excerpt":{"rendered":"<p>Encouragez les Reds avec le maillot de substitution Manchester United 21\/22 d'adidas, \u00e9quip\u00e9 de d\u00e9tails du club tiss\u00e9s pour un look traditionnel. Le maillot de substitution Manchester United 21\/22 d'adidas r\u00e9interpr\u00e8te un classique du d\u00e9but des ann\u00e9es 90 et s'inspire du maillot ext\u00e9rieur port\u00e9 par la jeune \u00e9quipe talentueuse de United lorsqu'elle entamait une nouvelle \u00e8re passionnante. Son [...]<\/p>","protected":false},"featured_media":1236,"comment_status":"open","ping_status":"closed","template":"","meta":[],"product_brand":[],"product_cat":[50],"product_tag":[20,21,22,23,24,53,52],"class_list":{"0":"post-1193","1":"product","2":"type-product","3":"status-publish","4":"has-post-thumbnail","6":"product_cat-manchester-united","7":"product_tag-coole-fussballtrikots","8":"product_tag-fussballtrikot-fuer-herren","9":"product_tag-fussballtrikot-guenstig-kaufen","10":"product_tag-fussballtrikot-kurzarm","11":"product_tag-guenstiges-fussballtrikot","12":"product_tag-manchester-united-ausweichtrikot","13":"product_tag-manchester-united-trikots","15":"first","16":"instock","17":"shipping-taxable","18":"purchasable","19":"product-type-variable"},"_links":{"self":[{"href":"https:\/\/www.billigtrikotde.com\/fr\/wp-json\/wp\/v2\/product\/1193","targetHints":{"allow":["GET"]}}],"collection":[{"href":"https:\/\/www.billigtrikotde.com\/fr\/wp-json\/wp\/v2\/product"}],"about":[{"href":"https:\/\/www.billigtrikotde.com\/fr\/wp-json\/wp\/v2\/types\/product"}],"replies":[{"embeddable":true,"href":"https:\/\/www.billigtrikotde.com\/fr\/wp-json\/wp\/v2\/comments?post=1193"}],"wp:featuredmedia":[{"embeddable":true,"href":"https:\/\/www.billigtrikotde.com\/fr\/wp-json\/wp\/v2\/media\/1236"}],"wp:attachment":[{"href":"https:\/\/www.billigtrikotde.com\/fr\/wp-json\/wp\/v2\/media?parent=1193"}],"wp:term":[{"taxonomy":"product_brand","embeddable":true,"href":"https:\/\/www.billigtrikotde.com\/fr\/wp-json\/wp\/v2\/product_brand?post=1193"},{"taxonomy":"product_cat","embeddable":true,"href":"https:\/\/www.billigtrikotde.com\/fr\/wp-json\/wp\/v2\/product_cat?post=1193"},{"taxonomy":"product_tag","embeddable":true,"href":"https:\/\/www.billigtrikotde.com\/fr\/wp-json\/wp\/v2\/product_tag?post=1193"}],"curies":[{"name":"wp","href":"https:\/\/api.w.org\/{rel}","templated":true}]}}