{"id":11904,"date":"2024-10-24T04:40:38","date_gmt":"2024-10-24T02:40:38","guid":{"rendered":"http:\/\/billigtrikots.com\/?post_type=product&#038;p=11904"},"modified":"2025-06-09T04:42:30","modified_gmt":"2025-06-09T02:42:30","slug":"neuen-fussballtrikot-arsenal-auswaertstrikot-2023-schwarz-goldene-bestellen-mit-aufdruck-lacazette-9","status":"publish","type":"product","link":"https:\/\/www.billigtrikotde.com\/fr\/neuen-fussballtrikot-arsenal-auswaertstrikot-2023-schwarz-goldene-bestellen-mit-aufdruck-lacazette-9\/","title":{"rendered":"Nouveau maillot de football Arsenal ext\u00e9rieur 2023 commander noir et or avec impression LACAZETTE 9"},"content":{"rendered":"<p>Le maillot ext\u00e9rieur 22-23 d'Arsenal pr\u00e9sente un look \u00e9l\u00e9gant en noir avec des d\u00e9tails en bronze m\u00e9tallis\u00e9.Le maillot ext\u00e9rieur 22-23 d'Adidas Arsenal est noir, combin\u00e9 avec de l'or m\u00e9tallis\u00e9 pour tous les logos et du gris pour les 3 bandes sur les \u00e9paules.Pour compl\u00e9ter son look discret, le maillot 2022-23 d'Arsenal pr\u00e9sente un faible imprim\u00e9 g\u00e9om\u00e9trique abstrait sur le devant et les manches. Ce graphisme est compos\u00e9 des lettres AFC, dont la police est directement inspir\u00e9e des inscriptions d'Arsenal que les supporters croisent sur le chemin de l'Emirates Stadium.<\/p>\n<p>Conseils pour l'impression : Si le nom et le num\u00e9ro figurant sur l'image correspondent exactement \u00e0 ce que vous souhaitez, vous ne devez pas les saisir \u00e0 nouveau. Si ce n'est pas le cas, vous devez saisir le nom et le num\u00e9ro que vous souhaitez.<\/p>\n<p>Conseils pour le lavage : Il est recommand\u00e9 de laver les maillots de football \u00e0 la main. Si vous souhaitez utiliser la machine \u00e0 laver, pensez \u00e0 retourner les maillots de football avant de les laver. Remplissez la machine avec de l'eau froide et utilisez un cycle de lavage d\u00e9licat pour mieux prot\u00e9ger les couleurs.<\/p>","protected":false},"excerpt":{"rendered":"<p>Das Arsenal 22-23 Ausw\u00e4rtstrikot pr\u00e4sentiert sich in einem edlen Look in Schwarz mit bronze-metallischen Details.Das Adidas Arsenal 22-23 Ausw\u00e4rtstrikot ist schwarz, kombiniert mit Gold-Metallic f\u00fcr alle Logos und grau f\u00fcr die 3 Streifen auf den Schultern.Um den unauff\u00e4lligen Look abzurunden, ist das Arsenal 2022-23 mit einem schwachen abstrakten geometrischen Druck auf der Vorderseite und den [&hellip;]<\/p>","protected":false},"featured_media":11941,"comment_status":"open","ping_status":"closed","template":"","meta":[],"product_brand":[],"product_cat":[55],"product_tag":[451,20,21,22,23,54,24],"class_list":{"0":"post-11904","1":"product","2":"type-product","3":"status-publish","4":"has-post-thumbnail","6":"product_cat-arsenal","7":"product_tag-arsenal-22-23-auswaertstrikot","8":"product_tag-coole-fussballtrikots","9":"product_tag-fussballtrikot-fuer-herren","10":"product_tag-fussballtrikot-guenstig-kaufen","11":"product_tag-fussballtrikot-kurzarm","12":"product_tag-fussballtrikot-set","13":"product_tag-guenstiges-fussballtrikot","15":"first","16":"instock","17":"shipping-taxable","18":"purchasable","19":"product-type-variable"},"_links":{"self":[{"href":"https:\/\/www.billigtrikotde.com\/fr\/wp-json\/wp\/v2\/product\/11904","targetHints":{"allow":["GET"]}}],"collection":[{"href":"https:\/\/www.billigtrikotde.com\/fr\/wp-json\/wp\/v2\/product"}],"about":[{"href":"https:\/\/www.billigtrikotde.com\/fr\/wp-json\/wp\/v2\/types\/product"}],"replies":[{"embeddable":true,"href":"https:\/\/www.billigtrikotde.com\/fr\/wp-json\/wp\/v2\/comments?post=11904"}],"wp:featuredmedia":[{"embeddable":true,"href":"https:\/\/www.billigtrikotde.com\/fr\/wp-json\/wp\/v2\/media\/11941"}],"wp:attachment":[{"href":"https:\/\/www.billigtrikotde.com\/fr\/wp-json\/wp\/v2\/media?parent=11904"}],"wp:term":[{"taxonomy":"product_brand","embeddable":true,"href":"https:\/\/www.billigtrikotde.com\/fr\/wp-json\/wp\/v2\/product_brand?post=11904"},{"taxonomy":"product_cat","embeddable":true,"href":"https:\/\/www.billigtrikotde.com\/fr\/wp-json\/wp\/v2\/product_cat?post=11904"},{"taxonomy":"product_tag","embeddable":true,"href":"https:\/\/www.billigtrikotde.com\/fr\/wp-json\/wp\/v2\/product_tag?post=11904"}],"curies":[{"name":"wp","href":"https:\/\/api.w.org\/{rel}","templated":true}]}}