{"id":11889,"date":"2024-10-24T04:40:00","date_gmt":"2024-10-24T02:40:00","guid":{"rendered":"http:\/\/billigtrikots.com\/?post_type=product&#038;p=11889"},"modified":"2024-10-24T04:42:13","modified_gmt":"2024-10-24T02:42:13","slug":"herren-inter-mailand-2022-23-drittes-trikot-gelbe-fussballtrikots-trikotsatz-online-bestellen","status":"publish","type":"product","link":"https:\/\/www.billigtrikotde.com\/fr\/herren-inter-mailand-2022-23-drittes-trikot-gelbe-fussballtrikots-trikotsatz-online-bestellen\/","title":{"rendered":"Maillot third pour hommes Inter Milan 2022-23 maillots jaunes en ligne commander"},"content":{"rendered":"<p>La troisi\u00e8me joker du Nike Football Club Internazionale Milano 2022-23 associe une couleur principale d'un jaune vif \u00e0 des logos noirs. Officiellement les couleurs sont \u00ab Dynamic Yellow \/ Black \u00bb. Le bleu clair compl\u00e8te le look simple sous forme de finitions sur les manches et sur le col rond. Dans l'ensemble, c'est un look tr\u00e8s simple et vivant sans motifs graphiques \u00e9labor\u00e9s.<\/p>\n<p>Conseils pour l'impression : Si le nom et le num\u00e9ro figurant sur l'image correspondent exactement \u00e0 ce que vous souhaitez, vous ne devez pas les saisir \u00e0 nouveau. Si ce n'est pas le cas, vous devez saisir le nom et le num\u00e9ro que vous souhaitez.<\/p>\n<p>Conseils pour le lavage : Il est recommand\u00e9 de laver les maillots de football \u00e0 la main. Si vous souhaitez utiliser la machine \u00e0 laver, pensez \u00e0 retourner les maillots de football avant de les laver. Remplissez la machine avec de l'eau froide et utilisez un cycle de lavage d\u00e9licat pour mieux prot\u00e9ger les couleurs.<\/p>","protected":false},"excerpt":{"rendered":"<p>La troisi\u00e8me joker du Nike Football Club Internazionale Milano 2022-23 associe une couleur principale d'un jaune vif \u00e0 des logos noirs. Officiellement les couleurs sont \u00ab Dynamic Yellow \/ Black \u00bb. Le bleu clair compl\u00e8te le look simple sous forme de finitions sur les manches et sur le col rond. Dans l'ensemble, c'est un look tr\u00e8s simple et vivant sans motifs graphiques \u00e9labor\u00e9s.<\/p>","protected":false},"featured_media":11928,"comment_status":"open","ping_status":"closed","template":"","meta":[],"product_brand":[],"product_cat":[77],"product_tag":[20,21,22,23,24,449,78],"class_list":{"0":"post-11889","1":"product","2":"type-product","3":"status-publish","4":"has-post-thumbnail","6":"product_cat-inter-milan","7":"product_tag-coole-fussballtrikots","8":"product_tag-fussballtrikot-fuer-herren","9":"product_tag-fussballtrikot-guenstig-kaufen","10":"product_tag-fussballtrikot-kurzarm","11":"product_tag-guenstiges-fussballtrikot","12":"product_tag-inter-mailand-2022-23-drittes-trikot","13":"product_tag-inter-milan-trikots","15":"first","16":"instock","17":"shipping-taxable","18":"purchasable","19":"product-type-variable"},"_links":{"self":[{"href":"https:\/\/www.billigtrikotde.com\/fr\/wp-json\/wp\/v2\/product\/11889","targetHints":{"allow":["GET"]}}],"collection":[{"href":"https:\/\/www.billigtrikotde.com\/fr\/wp-json\/wp\/v2\/product"}],"about":[{"href":"https:\/\/www.billigtrikotde.com\/fr\/wp-json\/wp\/v2\/types\/product"}],"replies":[{"embeddable":true,"href":"https:\/\/www.billigtrikotde.com\/fr\/wp-json\/wp\/v2\/comments?post=11889"}],"wp:featuredmedia":[{"embeddable":true,"href":"https:\/\/www.billigtrikotde.com\/fr\/wp-json\/wp\/v2\/media\/11928"}],"wp:attachment":[{"href":"https:\/\/www.billigtrikotde.com\/fr\/wp-json\/wp\/v2\/media?parent=11889"}],"wp:term":[{"taxonomy":"product_brand","embeddable":true,"href":"https:\/\/www.billigtrikotde.com\/fr\/wp-json\/wp\/v2\/product_brand?post=11889"},{"taxonomy":"product_cat","embeddable":true,"href":"https:\/\/www.billigtrikotde.com\/fr\/wp-json\/wp\/v2\/product_cat?post=11889"},{"taxonomy":"product_tag","embeddable":true,"href":"https:\/\/www.billigtrikotde.com\/fr\/wp-json\/wp\/v2\/product_tag?post=11889"}],"curies":[{"name":"wp","href":"https:\/\/api.w.org\/{rel}","templated":true}]}}