{"id":11682,"date":"2024-10-24T04:27:53","date_gmt":"2024-10-24T02:27:53","guid":{"rendered":"http:\/\/billigtrikots.com\/?post_type=product&#038;p=11682"},"modified":"2024-10-24T04:30:40","modified_gmt":"2024-10-24T02:30:40","slug":"personalisierbar-kinderheim-trikot-atletico-madrid-22-23-kurzarm-kurze-hosen","status":"publish","type":"product","link":"https:\/\/www.billigtrikotde.com\/fr\/personalisierbar-kinderheim-trikot-atletico-madrid-22-23-kurzarm-kurze-hosen\/","title":{"rendered":"Personnalisable maillot domicile enfant Atl\u00e9tico Madrid 22-23 manches courtes + shorts"},"content":{"rendered":"<p>Le maillot Nike Atl\u00e9tico 2022-2023 montre une nouvelle interpr\u00e9tation des rayures blanches et rouges traditionnelles du club. Le maillot Nike Atl\u00e9tico Madrid 22-23 est dot\u00e9 de rayures qui claquent.<br \/>\nDe telles rayures qui claquent n'ont jamais exist\u00e9 chez l'Atl\u00e9tico \u2014 c'est une premi\u00e8re dans l'histoire du club. Selon le communiqu\u00e9 de presse, les rayures \u00e9tranges sur le nouveau maillot sont inspir\u00e9es par le fleuve Manzanares. L'arri\u00e8re du nouveau maillot Atl\u00e9tico 22-23 est principalement rouge avec une bande bleu marine dans la zone du col\/en haut. Le drapeau espagnol est imprim\u00e9 sous le col.<\/p>\n<p>Conseils pour l'impression : Si le nom et le num\u00e9ro figurant sur l'image correspondent exactement \u00e0 ce que vous souhaitez, vous ne devez pas les saisir \u00e0 nouveau. Si ce n'est pas le cas, vous devez saisir le nom et le num\u00e9ro que vous souhaitez.<\/p>\n<p>Conseils pour le lavage : Il est recommand\u00e9 de laver les maillots de football \u00e0 la main. Si vous souhaitez utiliser la machine \u00e0 laver, pensez \u00e0 retourner les maillots de football avant de les laver. Remplissez la machine avec de l'eau froide et utilisez un cycle de lavage d\u00e9licat pour mieux prot\u00e9ger les couleurs.<\/p>","protected":false},"excerpt":{"rendered":"<p>Das Nike Atl\u00e9tico 2022-2023 Trikot zeigt eine neue Interpretation der traditionellen wei\u00df-roten Streifen des Vereins. Das Nike Atl\u00e9tico Madrid 22-23 Trikot kommt mit winkenden Streifen. Solche winkenden Streifen hat es bei Atletico noch nie gegeben &#8211; es ist eine Premiere in der Vereinsgeschichte. Laut der Pressemitteilung sind die seltsamen Streifen auf dem neuen Trikot vom [&hellip;]<\/p>","protected":false},"featured_media":11720,"comment_status":"open","ping_status":"closed","template":"","meta":[],"product_brand":[],"product_cat":[157],"product_tag":[442,89,90,158,20,443,215,21,24,94],"class_list":{"0":"post-11682","1":"product","2":"type-product","3":"status-publish","4":"has-post-thumbnail","6":"product_cat-atletico-madrid-kindertrikot","7":"product_tag-atletico-madrid-22-23-trikot","8":"product_tag-atletico-madrid-heimtrikot","9":"product_tag-atletico-madrid-trikots","10":"product_tag-atletico-madrid-trikotsatz-fuer-kinder","11":"product_tag-coole-fussballtrikots","12":"product_tag-fussball-heimtrikot","13":"product_tag-fussball-trikot-kurzarm","14":"product_tag-fussballtrikot-fuer-herren","15":"product_tag-guenstiges-fussballtrikot","16":"product_tag-kinder-fussball-trikotsatz","18":"first","19":"instock","20":"shipping-taxable","21":"purchasable","22":"product-type-variable"},"_links":{"self":[{"href":"https:\/\/www.billigtrikotde.com\/fr\/wp-json\/wp\/v2\/product\/11682","targetHints":{"allow":["GET"]}}],"collection":[{"href":"https:\/\/www.billigtrikotde.com\/fr\/wp-json\/wp\/v2\/product"}],"about":[{"href":"https:\/\/www.billigtrikotde.com\/fr\/wp-json\/wp\/v2\/types\/product"}],"replies":[{"embeddable":true,"href":"https:\/\/www.billigtrikotde.com\/fr\/wp-json\/wp\/v2\/comments?post=11682"}],"wp:featuredmedia":[{"embeddable":true,"href":"https:\/\/www.billigtrikotde.com\/fr\/wp-json\/wp\/v2\/media\/11720"}],"wp:attachment":[{"href":"https:\/\/www.billigtrikotde.com\/fr\/wp-json\/wp\/v2\/media?parent=11682"}],"wp:term":[{"taxonomy":"product_brand","embeddable":true,"href":"https:\/\/www.billigtrikotde.com\/fr\/wp-json\/wp\/v2\/product_brand?post=11682"},{"taxonomy":"product_cat","embeddable":true,"href":"https:\/\/www.billigtrikotde.com\/fr\/wp-json\/wp\/v2\/product_cat?post=11682"},{"taxonomy":"product_tag","embeddable":true,"href":"https:\/\/www.billigtrikotde.com\/fr\/wp-json\/wp\/v2\/product_tag?post=11682"}],"curies":[{"name":"wp","href":"https:\/\/api.w.org\/{rel}","templated":true}]}}