{"id":11585,"date":"2024-10-24T04:22:39","date_gmt":"2024-10-24T02:22:39","guid":{"rendered":"http:\/\/billigtrikots.com\/?post_type=product&#038;p=11585"},"modified":"2024-10-24T04:24:52","modified_gmt":"2024-10-24T02:24:52","slug":"offizielle-fussballtrikot-tottenham-hotspur-2022-23-stadium-ausweichtrikot","status":"publish","type":"product","link":"https:\/\/www.billigtrikotde.com\/fr\/offizielle-fussballtrikot-tottenham-hotspur-2022-23-stadium-ausweichtrikot\/","title":{"rendered":"Maillot officiel Tottenham Hotspur 2022-23 Maillot d\u2019ext\u00e9rieur Stadium"},"content":{"rendered":"<p>Le troisi\u00e8me maillot des Nike Spurs 2022-23 se pr\u00e9sente dans un look chatoyant en turquoise fonc\u00e9 avec des accents et des d\u00e9tails en noir et blanc.<\/p>\n<p>Le nouveau troisi\u00e8me maillot des Tottenham Hotspur se distingue par un motif graphique abstrait couvrant toute la face avant et les manches, et probablement une grande partie, voire la totalit\u00e9, du dos. Les logos sont enti\u00e8rement en blanc, y compris une repr\u00e9sentation monochrome de l'embl\u00e8me Spurs.<\/p>\n<p>Dans le communiqu\u00e9 officiel, il est indiqu\u00e9 que le graphique sur la face avant du troisi\u00e8me maillot des Spurs 2022-2023 s'inspire de \u00ab l'ADN en constante \u00e9volution de Tottenham et de la populaire gamme de sneakers Nike TN \u00bb.<\/p>\n<p>Le look du maillot Nike Tottenham 22-23 est compl\u00e9t\u00e9 par un col rond noir et des poignets de manches en noir et turquoise fonc\u00e9, moiti\u00e9 moiti\u00e9. En termes de mod\u00e8le, le troisi\u00e8me maillot du Nike Tottenham Hotspur F.C. 2022-2023 est identique au mod\u00e8le du maillot 22-23.<\/p>\n<p>Conseils pour l'impression : Si le nom et le num\u00e9ro figurant sur l'image correspondent exactement \u00e0 ce que vous souhaitez, vous ne devez pas les saisir \u00e0 nouveau. Si ce n'est pas le cas, vous devez saisir le nom et le num\u00e9ro que vous souhaitez.<\/p>\n<p>Conseils pour le lavage : Il est recommand\u00e9 de laver les maillots de football \u00e0 la main. Si vous souhaitez utiliser la machine \u00e0 laver, pensez \u00e0 retourner les maillots de football avant de les laver. Remplissez la machine avec de l'eau froide et utilisez un cycle de lavage d\u00e9licat pour mieux prot\u00e9ger les couleurs.<\/p>","protected":false},"excerpt":{"rendered":"<p>Das dritte Trikot der Nike Spurs 2022-23 pr\u00e4sentiert sich in einem schillernden Look in Dunkelt\u00fcrkis mit Akzenten und Bes\u00e4tzen in Schwarz und Wei\u00df. Das neue dritte Trikot der Tottenham Hotspurs zeichnet sich durch einen abstrakten Grafikdruck aus, der die gesamte Vorderseite und die \u00c4rmel bedeckt und wahrscheinlich auch einen Gro\u00dfteil, wenn nicht sogar die gesamte [\u2026]<\/p>","protected":false},"featured_media":11624,"comment_status":"open","ping_status":"closed","template":"","meta":[],"product_brand":[],"product_cat":[178],"product_tag":[20,21,22,23,24,335,438,437,104],"class_list":{"0":"post-11585","1":"product","2":"type-product","3":"status-publish","4":"has-post-thumbnail","6":"product_cat-tottenham-hotspur","7":"product_tag-coole-fussballtrikots","8":"product_tag-fussballtrikot-fuer-herren","9":"product_tag-fussballtrikot-guenstig-kaufen","10":"product_tag-fussballtrikot-kurzarm","11":"product_tag-guenstiges-fussballtrikot","12":"product_tag-shop-tottenham-hotspur-trikot","13":"product_tag-tottenham-hotspur-22-23-third-kit","14":"product_tag-tottenham-hotspur-ausweichtrikot","15":"product_tag-tottenham-hotspur-trikots","17":"first","18":"instock","19":"shipping-taxable","20":"purchasable","21":"product-type-variable"},"_links":{"self":[{"href":"https:\/\/www.billigtrikotde.com\/fr\/wp-json\/wp\/v2\/product\/11585","targetHints":{"allow":["GET"]}}],"collection":[{"href":"https:\/\/www.billigtrikotde.com\/fr\/wp-json\/wp\/v2\/product"}],"about":[{"href":"https:\/\/www.billigtrikotde.com\/fr\/wp-json\/wp\/v2\/types\/product"}],"replies":[{"embeddable":true,"href":"https:\/\/www.billigtrikotde.com\/fr\/wp-json\/wp\/v2\/comments?post=11585"}],"wp:featuredmedia":[{"embeddable":true,"href":"https:\/\/www.billigtrikotde.com\/fr\/wp-json\/wp\/v2\/media\/11624"}],"wp:attachment":[{"href":"https:\/\/www.billigtrikotde.com\/fr\/wp-json\/wp\/v2\/media?parent=11585"}],"wp:term":[{"taxonomy":"product_brand","embeddable":true,"href":"https:\/\/www.billigtrikotde.com\/fr\/wp-json\/wp\/v2\/product_brand?post=11585"},{"taxonomy":"product_cat","embeddable":true,"href":"https:\/\/www.billigtrikotde.com\/fr\/wp-json\/wp\/v2\/product_cat?post=11585"},{"taxonomy":"product_tag","embeddable":true,"href":"https:\/\/www.billigtrikotde.com\/fr\/wp-json\/wp\/v2\/product_tag?post=11585"}],"curies":[{"name":"wp","href":"https:\/\/api.w.org\/{rel}","templated":true}]}}