{"id":11511,"date":"2024-10-24T04:18:13","date_gmt":"2024-10-24T02:18:13","guid":{"rendered":"http:\/\/billigtrikots.com\/?post_type=product&#038;p=11511"},"modified":"2024-10-24T04:20:50","modified_gmt":"2024-10-24T02:20:50","slug":"tottenham-hotspur-2023-heim-trikot-weiss-marineblau-fussballtrikot-trikotsatz-bale-9","status":"publish","type":"product","link":"https:\/\/www.billigtrikotde.com\/fr\/tottenham-hotspur-2023-heim-trikot-weiss-marineblau-fussballtrikot-trikotsatz-bale-9\/","title":{"rendered":"Tottenham Hotspur 2023 domicile maillot blanc bleu marine maillot de football jeu de maillot BALE 9"},"content":{"rendered":"<p>Le maillot Nike Tottenham Hotspur 22-23 est bas\u00e9 sur le m\u00eame mod\u00e8le que d'autres maillots Nike 2022-23, par exemple celui de Chelsea et Hertha Berlin. Il est principalement blanc et poss\u00e8de une couture ronde sur la poitrine.<\/p>\n<p>Le col et les poignets des manches du maillot domicile Nike Tottenham Hotspur 2022-23 sont tous deux bleu marine avec une ligne Volt au centre.<\/p>\n<p>Le col int\u00e9rieur du maillot domicile Nike Tottenham Hotspur 2022-23 est \u00e9galement en Volt et affiche une s\u00e9rie d'inscriptions SPURS en bleu marine, \u00e0 la fois remplies et entour\u00e9es.<\/p>\n<p>Conseils pour l'impression : Si le nom et le num\u00e9ro figurant sur l'image correspondent exactement \u00e0 ce que vous souhaitez, vous ne devez pas les saisir \u00e0 nouveau. Si ce n'est pas le cas, vous devez saisir le nom et le num\u00e9ro que vous souhaitez.<\/p>\n<p>Conseils pour le lavage : Il est recommand\u00e9 de laver les maillots de football \u00e0 la main. Si vous souhaitez utiliser la machine \u00e0 laver, pensez \u00e0 retourner les maillots de football avant de les laver. Remplissez la machine avec de l'eau froide et utilisez un cycle de lavage d\u00e9licat pour mieux prot\u00e9ger les couleurs.<\/p>","protected":false},"excerpt":{"rendered":"<p>Le maillot Nike Tottenham Hotspur 22-23 est bas\u00e9 sur le m\u00eame mod\u00e8le que certains autres maillots Nike 2022-23, par exemple ceux de Chelsea et Hertha Berlin. Il est principalement blanc et pr\u00e9sente une couture ronde sur la poitrine. Le col et les poignets des manches du maillot domicile Nike Tottenham Hotspur 2022-23 sont tous deux bleu marine avec une ligne Volt dans le [\u2026]<\/p>","protected":false},"featured_media":11552,"comment_status":"open","ping_status":"closed","template":"","meta":[],"product_brand":[],"product_cat":[178],"product_tag":[20,21,22,23,24,335,106,104],"class_list":{"0":"post-11511","1":"product","2":"type-product","3":"status-publish","4":"has-post-thumbnail","6":"product_cat-tottenham-hotspur","7":"product_tag-coole-fussballtrikots","8":"product_tag-fussballtrikot-fuer-herren","9":"product_tag-fussballtrikot-guenstig-kaufen","10":"product_tag-fussballtrikot-kurzarm","11":"product_tag-guenstiges-fussballtrikot","12":"product_tag-shop-tottenham-hotspur-trikot","13":"product_tag-tottenham-hotspur-heimtrikot","14":"product_tag-tottenham-hotspur-trikots","16":"first","17":"instock","18":"shipping-taxable","19":"purchasable","20":"product-type-variable"},"_links":{"self":[{"href":"https:\/\/www.billigtrikotde.com\/fr\/wp-json\/wp\/v2\/product\/11511","targetHints":{"allow":["GET"]}}],"collection":[{"href":"https:\/\/www.billigtrikotde.com\/fr\/wp-json\/wp\/v2\/product"}],"about":[{"href":"https:\/\/www.billigtrikotde.com\/fr\/wp-json\/wp\/v2\/types\/product"}],"replies":[{"embeddable":true,"href":"https:\/\/www.billigtrikotde.com\/fr\/wp-json\/wp\/v2\/comments?post=11511"}],"wp:featuredmedia":[{"embeddable":true,"href":"https:\/\/www.billigtrikotde.com\/fr\/wp-json\/wp\/v2\/media\/11552"}],"wp:attachment":[{"href":"https:\/\/www.billigtrikotde.com\/fr\/wp-json\/wp\/v2\/media?parent=11511"}],"wp:term":[{"taxonomy":"product_brand","embeddable":true,"href":"https:\/\/www.billigtrikotde.com\/fr\/wp-json\/wp\/v2\/product_brand?post=11511"},{"taxonomy":"product_cat","embeddable":true,"href":"https:\/\/www.billigtrikotde.com\/fr\/wp-json\/wp\/v2\/product_cat?post=11511"},{"taxonomy":"product_tag","embeddable":true,"href":"https:\/\/www.billigtrikotde.com\/fr\/wp-json\/wp\/v2\/product_tag?post=11511"}],"curies":[{"name":"wp","href":"https:\/\/api.w.org\/{rel}","templated":true}]}}