{"id":11500,"date":"2024-10-24T04:17:41","date_gmt":"2024-10-24T02:17:41","guid":{"rendered":"http:\/\/billigtrikots.com\/?post_type=product&#038;p=11500"},"modified":"2024-10-24T04:20:16","modified_gmt":"2024-10-24T02:20:16","slug":"fussballtrikots-guenstig-2023-al-nassr-fc-cristiano-fotballdrakter-fuer-herren-ronaldo-7","status":"publish","type":"product","link":"https:\/\/www.billigtrikotde.com\/fr\/fussballtrikots-guenstig-2023-al-nassr-fc-cristiano-fotballdrakter-fuer-herren-ronaldo-7\/","title":{"rendered":"Maillots de foot pas chers 2023 Al-Nassr FC Cristiano Drakkar pour homme Ronaldo 7"},"content":{"rendered":"<p>Ronaldo re\u00e7oit le maillot num\u00e9ro 7 chez Al-Nassr.Cristiano Ronaldo a finalis\u00e9 son transfert vers le club saoudien de premi\u00e8re division Al-Nassr et portera bien \u00e9videmment le maillot num\u00e9ro 7 qu'il porte depuis son passage \u00e0 Manchester United en 2003 avec chaque club. La marque saoudienne de v\u00eatements de sport Duneus fabrique les maillots d'Al-Nassr et a sorti quatre maillots pour la saison 22-23.<\/p>\n<p>Conseils pour l'impression : Si le nom et le num\u00e9ro figurant sur l'image correspondent exactement \u00e0 ce que vous souhaitez, vous ne devez pas les saisir \u00e0 nouveau. Si ce n'est pas le cas, vous devez saisir le nom et le num\u00e9ro que vous souhaitez.<\/p>\n<p>Conseils pour le lavage : Il est recommand\u00e9 de laver les maillots de football \u00e0 la main. Si vous souhaitez utiliser la machine \u00e0 laver, pensez \u00e0 retourner les maillots de football avant de les laver. Remplissez la machine avec de l'eau froide et utilisez un cycle de lavage d\u00e9licat pour mieux prot\u00e9ger les couleurs.<\/p>","protected":false},"excerpt":{"rendered":"<p>Ronaldo erh\u00e4lt Trikot mit der Nummer 7 bei Al-Nassr.Cristiano Ronaldo hat seinen Wechsel zum saudi-arabischen Erstligisten Al-Nassr vollzogen und wird nat\u00fcrlich das Trikot mit der Nummer 7 tragen, das er seit seinem Wechsel zu Manchester United im Jahr 2003 bei jedem Verein getragen hat. Die saudische Sportbekleidungsmarke Duneus stellt die Trikots von Al-Nassr her und [&hellip;]<\/p>","protected":false},"featured_media":11542,"comment_status":"open","ping_status":"closed","template":"","meta":[],"product_brand":[],"product_cat":[433],"product_tag":[434,20,435,215,21,22,23,24,436],"class_list":{"0":"post-11500","1":"product","2":"type-product","3":"status-publish","4":"has-post-thumbnail","6":"product_cat-al-nassr-fc","7":"product_tag-al-nassr-fc-cristiano-ronaldo-7-home-trikot","8":"product_tag-coole-fussballtrikots","9":"product_tag-cristiano-ronaldo-al-nassr","10":"product_tag-fussball-trikot-kurzarm","11":"product_tag-fussballtrikot-fuer-herren","12":"product_tag-fussballtrikot-guenstig-kaufen","13":"product_tag-fussballtrikot-kurzarm","14":"product_tag-guenstiges-fussballtrikot","15":"product_tag-ronaldo-trikot","17":"first","18":"instock","19":"featured","20":"shipping-taxable","21":"purchasable","22":"product-type-variable"},"_links":{"self":[{"href":"https:\/\/www.billigtrikotde.com\/fr\/wp-json\/wp\/v2\/product\/11500","targetHints":{"allow":["GET"]}}],"collection":[{"href":"https:\/\/www.billigtrikotde.com\/fr\/wp-json\/wp\/v2\/product"}],"about":[{"href":"https:\/\/www.billigtrikotde.com\/fr\/wp-json\/wp\/v2\/types\/product"}],"replies":[{"embeddable":true,"href":"https:\/\/www.billigtrikotde.com\/fr\/wp-json\/wp\/v2\/comments?post=11500"}],"wp:featuredmedia":[{"embeddable":true,"href":"https:\/\/www.billigtrikotde.com\/fr\/wp-json\/wp\/v2\/media\/11542"}],"wp:attachment":[{"href":"https:\/\/www.billigtrikotde.com\/fr\/wp-json\/wp\/v2\/media?parent=11500"}],"wp:term":[{"taxonomy":"product_brand","embeddable":true,"href":"https:\/\/www.billigtrikotde.com\/fr\/wp-json\/wp\/v2\/product_brand?post=11500"},{"taxonomy":"product_cat","embeddable":true,"href":"https:\/\/www.billigtrikotde.com\/fr\/wp-json\/wp\/v2\/product_cat?post=11500"},{"taxonomy":"product_tag","embeddable":true,"href":"https:\/\/www.billigtrikotde.com\/fr\/wp-json\/wp\/v2\/product_tag?post=11500"}],"curies":[{"name":"wp","href":"https:\/\/api.w.org\/{rel}","templated":true}]}}