{"id":11459,"date":"2024-10-24T04:15:26","date_gmt":"2024-10-24T02:15:26","guid":{"rendered":"http:\/\/billigtrikots.com\/?post_type=product&#038;p=11459"},"modified":"2024-10-24T04:18:03","modified_gmt":"2024-10-24T02:18:03","slug":"neuen-kinder-heimtrikot-mexiko-wm-2022-gruen-trikotsatz-kit-mit-aufdruck-chicharito-14","status":"publish","type":"product","link":"https:\/\/www.billigtrikotde.com\/fr\/neuen-kinder-heimtrikot-mexiko-wm-2022-gruen-trikotsatz-kit-mit-aufdruck-chicharito-14\/","title":{"rendered":"Nouveau maillot domicile des enfants Mexique Coupe du monde 2022 vert ensemble de maillots avec impression CHICHARITO 14"},"content":{"rendered":"<p>Le maillot du Mexique pour la Coupe du monde 2022 devrait avoir un design inspir\u00e9 d'anciennes traditions, a-t-on appris. Nous avons cr\u00e9\u00e9 un mod\u00e8le de ce \u00e0 quoi pourrait ressembler le maillot de la Coupe du monde 2022 au Mexique.Le maillot du Mexique 2022 combine une couleur de base verte avec des applications probablement rouges et blanches. Ce qui rend ce maillot unique, c'est un motif sp\u00e9cial sur le maillot.<br \/>\nLe maillot du Mexique pour la Coupe du monde 2022 pr\u00e9sentera un graphisme inspir\u00e9 des anciennes armures azt\u00e8ques, et notamment de la plume de Quetzalcoatl. Quetzalcoatl (\"serpent \u00e0 plumes\" ou \"serpent \u00e0 plumes\") est le nom nahuatl de la divinit\u00e9 serpent \u00e0 plumes de l'ancienne culture m\u00e9soam\u00e9ricaine.Comme tous les autres maillots Adidas pour la Coupe du monde 2022, le maillot du Mexique 2022 arbore le nouveau logo Adidas. Il porte \u00e9galement le nouveau blason de la F\u00e9d\u00e9ration mexicaine de football (FMF).<\/p>\n<p>Conseils pour l'impression : Si le nom et le num\u00e9ro figurant sur l'image correspondent exactement \u00e0 ce que vous souhaitez, vous ne devez pas les saisir \u00e0 nouveau. Si ce n'est pas le cas, vous devez saisir le nom et le num\u00e9ro que vous souhaitez.<\/p>\n<p>Conseils pour le lavage : Il est recommand\u00e9 de laver les maillots de football \u00e0 la main. Si vous souhaitez utiliser la machine \u00e0 laver, pensez \u00e0 retourner les maillots de football avant de les laver. Remplissez la machine avec de l'eau froide et utilisez un cycle de lavage d\u00e9licat pour mieux prot\u00e9ger les couleurs.<\/p>","protected":false},"excerpt":{"rendered":"<p>Le maillot du Mexique pour la Coupe du Monde 2022 doit avoir un design inspir\u00e9 des anciennes traditions, selon ce qui a \u00e9t\u00e9 annonc\u00e9. Nous avons cr\u00e9\u00e9 un mod\u00e8le de ce \u00e0 quoi pourrait ressembler le maillot pour la Coupe du Monde 2022 au Mexique. Le maillot du Mexique 2022 combine une couleur de fond verte avec probablement des applications rouges et blanches. Ce qui rend le maillot unique, c'est [\u2026]<\/p>","protected":false},"featured_media":11496,"comment_status":"open","ping_status":"closed","template":"","meta":[],"product_brand":[],"product_cat":[251],"product_tag":[20,21,22,23,24,252,253,254],"class_list":{"0":"post-11459","1":"product","2":"type-product","3":"status-publish","4":"has-post-thumbnail","6":"product_cat-mexiko-trikots","7":"product_tag-coole-fussballtrikots","8":"product_tag-fussballtrikot-fuer-herren","9":"product_tag-fussballtrikot-guenstig-kaufen","10":"product_tag-fussballtrikot-kurzarm","11":"product_tag-guenstiges-fussballtrikot","12":"product_tag-mexiko-2022-trikots","13":"product_tag-mexiko-heimtrikot","14":"product_tag-mexiko-trikot-schwarz","16":"first","17":"instock","18":"shipping-taxable","19":"purchasable","20":"product-type-variable"},"_links":{"self":[{"href":"https:\/\/www.billigtrikotde.com\/fr\/wp-json\/wp\/v2\/product\/11459","targetHints":{"allow":["GET"]}}],"collection":[{"href":"https:\/\/www.billigtrikotde.com\/fr\/wp-json\/wp\/v2\/product"}],"about":[{"href":"https:\/\/www.billigtrikotde.com\/fr\/wp-json\/wp\/v2\/types\/product"}],"replies":[{"embeddable":true,"href":"https:\/\/www.billigtrikotde.com\/fr\/wp-json\/wp\/v2\/comments?post=11459"}],"wp:featuredmedia":[{"embeddable":true,"href":"https:\/\/www.billigtrikotde.com\/fr\/wp-json\/wp\/v2\/media\/11496"}],"wp:attachment":[{"href":"https:\/\/www.billigtrikotde.com\/fr\/wp-json\/wp\/v2\/media?parent=11459"}],"wp:term":[{"taxonomy":"product_brand","embeddable":true,"href":"https:\/\/www.billigtrikotde.com\/fr\/wp-json\/wp\/v2\/product_brand?post=11459"},{"taxonomy":"product_cat","embeddable":true,"href":"https:\/\/www.billigtrikotde.com\/fr\/wp-json\/wp\/v2\/product_cat?post=11459"},{"taxonomy":"product_tag","embeddable":true,"href":"https:\/\/www.billigtrikotde.com\/fr\/wp-json\/wp\/v2\/product_tag?post=11459"}],"curies":[{"name":"wp","href":"https:\/\/api.w.org\/{rel}","templated":true}]}}