{"id":11234,"date":"2024-10-24T04:02:08","date_gmt":"2024-10-24T02:02:08","guid":{"rendered":"http:\/\/billigtrikots.com\/?post_type=product&#038;p=11234"},"modified":"2024-10-24T04:04:16","modified_gmt":"2024-10-24T02:04:16","slug":"herren-brasilien-wm-2022-auswaertstrikot-blaue-kurzarm-kurze-hosen-marquinhos-4","status":"publish","type":"product","link":"https:\/\/www.billigtrikotde.com\/fr\/herren-brasilien-wm-2022-auswaertstrikot-blaue-kurzarm-kurze-hosen-marquinhos-4\/","title":{"rendered":"Hommes Br\u00e9sil Coupe du Monde 2022 Maillot Ext\u00e9rieur bleu manches courtes + short MARQUINHOS 4"},"content":{"rendered":"<p>Le maillot ext\u00e9rieur de la Coupe du Monde 2022 du Br\u00e9sil de Nike combine une couleur de fond bleue avec un swoosh vert clair. Les couleurs officielles sont \u00ab Paramount Blue\/Dynamic Yellow\/Green Spark \u00bb. Un short blanc et des chaussettes bleues compl\u00e8tent le maillot ext\u00e9rieur de la Coupe du Monde 2022 du Br\u00e9sil.<\/p>\n<p>Conseils pour l'impression : Si le nom et le num\u00e9ro figurant sur l'image correspondent exactement \u00e0 ce que vous souhaitez, vous ne devez pas les saisir \u00e0 nouveau. Si ce n'est pas le cas, vous devez saisir le nom et le num\u00e9ro que vous souhaitez.<\/p>\n<p>Conseils pour le lavage : Il est recommand\u00e9 de laver les maillots de football \u00e0 la main. Si vous souhaitez utiliser la machine \u00e0 laver, pensez \u00e0 retourner les maillots de football avant de les laver. Remplissez la machine avec de l'eau froide et utilisez un cycle de lavage d\u00e9licat pour mieux prot\u00e9ger les couleurs.<\/p>","protected":false},"excerpt":{"rendered":"<p>Le maillot ext\u00e9rieur de la Coupe du Monde Nike Br\u00e9sil 2022 s\u2019associe \u00e0 une couleur de base bleue avec le swoosh vert clair. Les couleurs officielles sont \u00ab Paramount Blue\/Dynamic Yellow\/Green Spark \u00bb. Des shorts blancs et des chaussettes bleues compl\u00e8tent le maillot ext\u00e9rieur du Br\u00e9sil 2022 pour la Coupe du Monde. Conseils d\u2019impression : si le nom et le num\u00e9ro sur l\u2019image correspondent exactement \u00e0 vos souhaits, vous n\u2019avez pas \u00e0 les retaper. [\u2026]<\/p>","protected":false},"featured_media":11272,"comment_status":"open","ping_status":"closed","template":"","meta":[],"product_brand":[],"product_cat":[112],"product_tag":[20,429,210,114,222,21,22,23,24],"class_list":{"0":"post-11234","1":"product","2":"type-product","3":"status-publish","4":"has-post-thumbnail","6":"product_cat-brasilien-trikots","7":"product_tag-coole-fussballtrikots","8":"product_tag-brasilien-2022-world-cup-auswaertstrikot","9":"product_tag-brasilien-auswaertstrikot","10":"product_tag-brasilien-trikots","11":"product_tag-fussball-wm-2022-trikots","12":"product_tag-fussballtrikot-fuer-herren","13":"product_tag-fussballtrikot-guenstig-kaufen","14":"product_tag-fussballtrikot-kurzarm","15":"product_tag-guenstiges-fussballtrikot","17":"first","18":"instock","19":"shipping-taxable","20":"purchasable","21":"product-type-variable"},"_links":{"self":[{"href":"https:\/\/www.billigtrikotde.com\/fr\/wp-json\/wp\/v2\/product\/11234","targetHints":{"allow":["GET"]}}],"collection":[{"href":"https:\/\/www.billigtrikotde.com\/fr\/wp-json\/wp\/v2\/product"}],"about":[{"href":"https:\/\/www.billigtrikotde.com\/fr\/wp-json\/wp\/v2\/types\/product"}],"replies":[{"embeddable":true,"href":"https:\/\/www.billigtrikotde.com\/fr\/wp-json\/wp\/v2\/comments?post=11234"}],"wp:featuredmedia":[{"embeddable":true,"href":"https:\/\/www.billigtrikotde.com\/fr\/wp-json\/wp\/v2\/media\/11272"}],"wp:attachment":[{"href":"https:\/\/www.billigtrikotde.com\/fr\/wp-json\/wp\/v2\/media?parent=11234"}],"wp:term":[{"taxonomy":"product_brand","embeddable":true,"href":"https:\/\/www.billigtrikotde.com\/fr\/wp-json\/wp\/v2\/product_brand?post=11234"},{"taxonomy":"product_cat","embeddable":true,"href":"https:\/\/www.billigtrikotde.com\/fr\/wp-json\/wp\/v2\/product_cat?post=11234"},{"taxonomy":"product_tag","embeddable":true,"href":"https:\/\/www.billigtrikotde.com\/fr\/wp-json\/wp\/v2\/product_tag?post=11234"}],"curies":[{"name":"wp","href":"https:\/\/api.w.org\/{rel}","templated":true}]}}