{"id":1117,"date":"2024-10-23T13:17:00","date_gmt":"2024-10-23T11:17:00","guid":{"rendered":"http:\/\/billigtrikots.com\/?post_type=product&#038;p=1117"},"modified":"2024-10-23T13:18:57","modified_gmt":"2024-10-23T11:18:57","slug":"manchester-united-herren-auswaertstrikot-2022-weiss-mit-aufdruck-wan-bissaka-29","status":"publish","type":"product","link":"https:\/\/www.billigtrikotde.com\/fr\/manchester-united-herren-auswaertstrikot-2022-weiss-mit-aufdruck-wan-bissaka-29\/","title":{"rendered":"Manchester United Maillot Ext\u00e9rieur Hommes 2022 blanc avec impression Wan-Bissaka 29"},"content":{"rendered":"<p>La lettre \"M\", qui d\u00e9signe la ville d'origine du club, a souvent trouv\u00e9 sa place sur les \u00e9quipements l\u00e9gendaires de Manchester United. Ce maillot de football a-didas reprend cette lettre avec un design moderne et abstrait qui rappelle un maillot classique du d\u00e9but des ann\u00e9es 90. La mati\u00e8re douce en double tricot et la technologie AEROREADY qui absorbe l'humidit\u00e9 garantissent un confort au sec. Le logo tiss\u00e9 du club montre en outre que tu es un v\u00e9ritable fan de Manchester United.<\/p>\n<p>Conseils pour l'impression : Si le nom et le num\u00e9ro figurant sur l'image correspondent exactement \u00e0 ce que vous souhaitez, vous ne devez pas les saisir \u00e0 nouveau. Si ce n'est pas le cas, vous devez saisir le nom et le num\u00e9ro que vous souhaitez.<\/p>\n<p>Conseils pour le lavage : Il est recommand\u00e9 de laver les maillots de football \u00e0 la main. Si vous souhaitez utiliser la machine \u00e0 laver, pensez \u00e0 retourner les maillots de football avant de les laver. Remplissez la machine avec de l'eau froide et utilisez un cycle de lavage d\u00e9licat pour mieux prot\u00e9ger les couleurs.<\/p>","protected":false},"excerpt":{"rendered":"<p>La lettre \u00ab M \u00bb pour la ville natale du club a bien souvent trouv\u00e9 son chemin sur les \u00e9quipements l\u00e9gendaires de Manchester United. Ce maillot a-didas de football reprend la lettre et se pr\u00e9sente avec un design moderne et abstrait qui rappelle un maillot classique des d\u00e9buts des ann\u00e9es 90. Le mat\u00e9riau double jersey doux et la technologie AEROREADY absorbante d\u2019humidit\u00e9 garantissent [\u2026]<\/p>","protected":false},"featured_media":1161,"comment_status":"open","ping_status":"closed","template":"","meta":[],"product_brand":[],"product_cat":[50],"product_tag":[20,43,21,22,23,24,51,52],"class_list":{"0":"post-1117","1":"product","2":"type-product","3":"status-publish","4":"has-post-thumbnail","6":"product_cat-manchester-united","7":"product_tag-coole-fussballtrikots","8":"product_tag-fussballkleidung","9":"product_tag-fussballtrikot-fuer-herren","10":"product_tag-fussballtrikot-guenstig-kaufen","11":"product_tag-fussballtrikot-kurzarm","12":"product_tag-guenstiges-fussballtrikot","13":"product_tag-manchester-united-auswaertstrikot","14":"product_tag-manchester-united-trikots","16":"first","17":"instock","18":"shipping-taxable","19":"purchasable","20":"product-type-variable"},"_links":{"self":[{"href":"https:\/\/www.billigtrikotde.com\/fr\/wp-json\/wp\/v2\/product\/1117","targetHints":{"allow":["GET"]}}],"collection":[{"href":"https:\/\/www.billigtrikotde.com\/fr\/wp-json\/wp\/v2\/product"}],"about":[{"href":"https:\/\/www.billigtrikotde.com\/fr\/wp-json\/wp\/v2\/types\/product"}],"replies":[{"embeddable":true,"href":"https:\/\/www.billigtrikotde.com\/fr\/wp-json\/wp\/v2\/comments?post=1117"}],"wp:featuredmedia":[{"embeddable":true,"href":"https:\/\/www.billigtrikotde.com\/fr\/wp-json\/wp\/v2\/media\/1161"}],"wp:attachment":[{"href":"https:\/\/www.billigtrikotde.com\/fr\/wp-json\/wp\/v2\/media?parent=1117"}],"wp:term":[{"taxonomy":"product_brand","embeddable":true,"href":"https:\/\/www.billigtrikotde.com\/fr\/wp-json\/wp\/v2\/product_brand?post=1117"},{"taxonomy":"product_cat","embeddable":true,"href":"https:\/\/www.billigtrikotde.com\/fr\/wp-json\/wp\/v2\/product_cat?post=1117"},{"taxonomy":"product_tag","embeddable":true,"href":"https:\/\/www.billigtrikotde.com\/fr\/wp-json\/wp\/v2\/product_tag?post=1117"}],"curies":[{"name":"wp","href":"https:\/\/api.w.org\/{rel}","templated":true}]}}