{"id":11099,"date":"2024-10-24T03:53:57","date_gmt":"2024-10-24T01:53:57","guid":{"rendered":"http:\/\/billigtrikots.com\/?post_type=product&#038;p=11099"},"modified":"2024-10-24T03:56:30","modified_gmt":"2024-10-24T01:56:30","slug":"neuen-herren-paris-saint-germain-psg-2022-23-heimtrikot-blau-mit-aufdruck-dagba-31","status":"publish","type":"product","link":"https:\/\/www.billigtrikotde.com\/fr\/neuen-herren-paris-saint-germain-psg-2022-23-heimtrikot-blau-mit-aufdruck-dagba-31\/","title":{"rendered":"Nouveaux hommes Paris Saint Germain PSG 2022-23 Maillot domicile bleu avec impression DAGBA 31"},"content":{"rendered":"<p>Apr\u00e8s le maillot monochrome de 21-22, le maillot Nike PSG 2022-23 est bleu avec une bande centrale blanche entour\u00e9e de bandes rouges plus fines - un hechter invers\u00e9, si vous voulez. Le dos est bleu uni.Les logos sur le maillot Paris Saint-Germain 22-23 sont plac\u00e9s au centre, le swoosh \u00e9tant visible sous l'\u00e9cusson du club.Le template du maillot Nike PSG 2022-23 semble \u00eatre le m\u00eame que celui du maillot de Tottenham.<\/p>\n<p>Conseils pour l'impression : Si le nom et le num\u00e9ro figurant sur l'image correspondent exactement \u00e0 ce que vous souhaitez, vous ne devez pas les saisir \u00e0 nouveau. Si ce n'est pas le cas, vous devez saisir le nom et le num\u00e9ro que vous souhaitez.<\/p>\n<p>Conseils pour le lavage : Il est recommand\u00e9 de laver les maillots de football \u00e0 la main. Si vous souhaitez utiliser la machine \u00e0 laver, pensez \u00e0 retourner les maillots de football avant de les laver. Remplissez la machine avec de l'eau froide et utilisez un cycle de lavage d\u00e9licat pour mieux prot\u00e9ger les couleurs.<\/p>","protected":false},"excerpt":{"rendered":"<p>Apr\u00e8s le maillot uni de 21-22, le maillot Nike PSG 2022-23 est bleu avec une bande m\u00e9diane blanche, entour\u00e9e de bandes rouges plus fines \u2013 un inverseur de hacheur, si vous voulez. L'arri\u00e8re est uni bleu. Les logos sur le maillot Paris Saint-Germain 22-23 sont plac\u00e9s au centre, avec le swoosh visible sous l'embl\u00e8me du club [...]<\/p>","protected":false},"featured_media":11140,"comment_status":"open","ping_status":"closed","template":"","meta":[],"product_brand":[],"product_cat":[39],"product_tag":[286,20,395,43,21,22,426,24,41,244,290],"class_list":{"0":"post-11099","1":"product","2":"type-product","3":"status-publish","4":"has-post-thumbnail","6":"product_cat-paris-saint-germain","7":"product_tag-alle-neuen-psg-trikots","8":"product_tag-coole-fussballtrikots","9":"product_tag-fussball-langarmtrikots","10":"product_tag-fussballkleidung","11":"product_tag-fussballtrikot-fuer-herren","12":"product_tag-fussballtrikot-guenstig-kaufen","13":"product_tag-fussballtrikots-kurzarm","14":"product_tag-guenstiges-fussballtrikot","15":"product_tag-paris-saint-germain-trikots","16":"product_tag-psg-trikot-2022-23","17":"product_tag-psg-trikot-2022-23-fussballtrikots","19":"first","20":"instock","21":"shipping-taxable","22":"purchasable","23":"product-type-variable"},"_links":{"self":[{"href":"https:\/\/www.billigtrikotde.com\/fr\/wp-json\/wp\/v2\/product\/11099","targetHints":{"allow":["GET"]}}],"collection":[{"href":"https:\/\/www.billigtrikotde.com\/fr\/wp-json\/wp\/v2\/product"}],"about":[{"href":"https:\/\/www.billigtrikotde.com\/fr\/wp-json\/wp\/v2\/types\/product"}],"replies":[{"embeddable":true,"href":"https:\/\/www.billigtrikotde.com\/fr\/wp-json\/wp\/v2\/comments?post=11099"}],"wp:featuredmedia":[{"embeddable":true,"href":"https:\/\/www.billigtrikotde.com\/fr\/wp-json\/wp\/v2\/media\/11140"}],"wp:attachment":[{"href":"https:\/\/www.billigtrikotde.com\/fr\/wp-json\/wp\/v2\/media?parent=11099"}],"wp:term":[{"taxonomy":"product_brand","embeddable":true,"href":"https:\/\/www.billigtrikotde.com\/fr\/wp-json\/wp\/v2\/product_brand?post=11099"},{"taxonomy":"product_cat","embeddable":true,"href":"https:\/\/www.billigtrikotde.com\/fr\/wp-json\/wp\/v2\/product_cat?post=11099"},{"taxonomy":"product_tag","embeddable":true,"href":"https:\/\/www.billigtrikotde.com\/fr\/wp-json\/wp\/v2\/product_tag?post=11099"}],"curies":[{"name":"wp","href":"https:\/\/api.w.org\/{rel}","templated":true}]}}