{"id":11045,"date":"2024-10-24T03:50:32","date_gmt":"2024-10-24T01:50:32","guid":{"rendered":"http:\/\/billigtrikots.com\/?post_type=product&#038;p=11045"},"modified":"2024-10-24T03:53:17","modified_gmt":"2024-10-24T01:53:17","slug":"kinder-portugal-fussball-wm-2022-auswaertstrikot-kurzarm-kurze-hosen-ronaldo-7","status":"publish","type":"product","link":"https:\/\/www.billigtrikotde.com\/fr\/kinder-portugal-fussball-wm-2022-auswaertstrikot-kurzarm-kurze-hosen-ronaldo-7\/","title":{"rendered":"Enfant Portugal Coupe du Monde 2022 maillot ext\u00e9rieur \u00e0 manches courtes + short RONALDO 7"},"content":{"rendered":"<p>Un look frais et pourtant classique pour le Portugal : le maillot ext\u00e9rieur Nike Portugal 2022 combine un motif de fond cr\u00e8me avec un swoosh bleu marine. Officiellement, les couleurs sont \u00ab Sail\/Obsidian \u00bb, tandis que \u00ab Pepper Red \u00bb est la troisi\u00e8me couleur. Le design du nouveau maillot ext\u00e9rieur Nike Portugal 2022 Coupe du Monde consiste en un bloc de couleur vert-rouge sur la poitrine. Le maillot Nike 22-23 est bas\u00e9 sur la m\u00eame version que les maillots domicile 22-23 d'Atletico et Liverpool. La bande arri\u00e8re du col et les poignets des manches du maillot ext\u00e9rieur Portugal 2022 correspondent \u00e0 la couleur bleu fonc\u00e9 du swoosh. La bande vert-rouge se poursuit \u00e9galement \u00e0 l'arri\u00e8re du nouveau maillot ext\u00e9rieur Portugal, qui pr\u00e9sente autrement un champ bleu fonc\u00e9 en haut, sous lequel est plac\u00e9 un symbole dor\u00e9 personnalis\u00e9.<\/p>\n<p>Conseils pour l'impression : Si le nom et le num\u00e9ro figurant sur l'image correspondent exactement \u00e0 ce que vous souhaitez, vous ne devez pas les saisir \u00e0 nouveau. Si ce n'est pas le cas, vous devez saisir le nom et le num\u00e9ro que vous souhaitez.<\/p>\n<p>Conseils pour le lavage : Il est recommand\u00e9 de laver les maillots de football \u00e0 la main. Si vous souhaitez utiliser la machine \u00e0 laver, pensez \u00e0 retourner les maillots de football avant de les laver. Remplissez la machine avec de l'eau froide et utilisez un cycle de lavage d\u00e9licat pour mieux prot\u00e9ger les couleurs.<\/p>","protected":false},"excerpt":{"rendered":"<p>Un look frais et pourtant classique pour le Portugal : le maillot ext\u00e9rieur Nike Portugal 2022 combine un motif de base cr\u00e8me avec un swoosh bleu marine. Officiellement, les couleurs sont \u00ab Sail\/Obsidian \u00bb, tandis que \u00ab Pepper Red \u00bb est la troisi\u00e8me couleur. Le design du nouveau maillot ext\u00e9rieur Nike Portugal 2022 pour la Coupe du Monde consiste en un bloc de couleurs vert et rouge sur la poitrine. Le maillot Nike 22-23 est bas\u00e9 sur le [\u2026]<\/p>","protected":false},"featured_media":11086,"comment_status":"open","ping_status":"closed","template":"","meta":[],"product_brand":[],"product_cat":[239],"product_tag":[20,222,21,23,24,94,240,347,348],"class_list":{"0":"post-11045","1":"product","2":"type-product","3":"status-publish","4":"has-post-thumbnail","6":"product_cat-portugal-trikots","7":"product_tag-coole-fussballtrikots","8":"product_tag-fussball-wm-2022-trikots","9":"product_tag-fussballtrikot-fuer-herren","10":"product_tag-fussballtrikot-kurzarm","11":"product_tag-guenstiges-fussballtrikot","12":"product_tag-kinder-fussball-trikotsatz","13":"product_tag-portugal-heimtrikot","14":"product_tag-portugal-trikots","15":"product_tag-portugal-trikotsatz-fuer-kinder","17":"first","18":"instock","19":"shipping-taxable","20":"purchasable","21":"product-type-variable"},"_links":{"self":[{"href":"https:\/\/www.billigtrikotde.com\/fr\/wp-json\/wp\/v2\/product\/11045","targetHints":{"allow":["GET"]}}],"collection":[{"href":"https:\/\/www.billigtrikotde.com\/fr\/wp-json\/wp\/v2\/product"}],"about":[{"href":"https:\/\/www.billigtrikotde.com\/fr\/wp-json\/wp\/v2\/types\/product"}],"replies":[{"embeddable":true,"href":"https:\/\/www.billigtrikotde.com\/fr\/wp-json\/wp\/v2\/comments?post=11045"}],"wp:featuredmedia":[{"embeddable":true,"href":"https:\/\/www.billigtrikotde.com\/fr\/wp-json\/wp\/v2\/media\/11086"}],"wp:attachment":[{"href":"https:\/\/www.billigtrikotde.com\/fr\/wp-json\/wp\/v2\/media?parent=11045"}],"wp:term":[{"taxonomy":"product_brand","embeddable":true,"href":"https:\/\/www.billigtrikotde.com\/fr\/wp-json\/wp\/v2\/product_brand?post=11045"},{"taxonomy":"product_cat","embeddable":true,"href":"https:\/\/www.billigtrikotde.com\/fr\/wp-json\/wp\/v2\/product_cat?post=11045"},{"taxonomy":"product_tag","embeddable":true,"href":"https:\/\/www.billigtrikotde.com\/fr\/wp-json\/wp\/v2\/product_tag?post=11045"}],"curies":[{"name":"wp","href":"https:\/\/api.w.org\/{rel}","templated":true}]}}