{"id":10867,"date":"2024-10-24T03:40:49","date_gmt":"2024-10-24T01:40:49","guid":{"rendered":"http:\/\/billigtrikots.com\/?post_type=product&#038;p=10867"},"modified":"2024-10-24T03:43:31","modified_gmt":"2024-10-24T01:43:31","slug":"herren-argentinien-fussball-wm-2022-world-cup-heimtrikots-mit-aufdruck-rulli-12","status":"publish","type":"product","link":"https:\/\/www.billigtrikotde.com\/fr\/herren-argentinien-fussball-wm-2022-world-cup-heimtrikots-mit-aufdruck-rulli-12\/","title":{"rendered":"Hommes Argentine Coupe du Monde de Football 2022 Maillots domicile avec impression RULLI 12"},"content":{"rendered":"<p>Le nouveau maillot de l'Argentine pour 2022 est principalement blanc avec des logos noirs \u2013 y compris le tout nouveau logo Adidas, qui fait ses d\u00e9buts en Coupe du Monde 2022. Les rayures sur le nouveau maillot de la Coupe du Monde 2022 de l'Argentine sont classiques, mais seulement sur le devant. Les rayures \u00e0 l'arri\u00e8re sont vraiment inhabituelles : au lieu d'\u00eatre de la m\u00eame largeur, il y a deux fines rayures bleu ciel au centre et deux plus larges sur les c\u00f4t\u00e9s du maillot. Ces rayures plus larges sont environ trois fois plus larges que celles du centre. Elles sont con\u00e7ues pour ressembler au drapeau argentin. En r\u00e9f\u00e9rence au drapeau, le Sol de Mayo, l'embl\u00e8me national argentin, se trouve \u00e9galement \u00e0 l'arri\u00e8re, sous le col.<\/p>\n<p>Conseils pour l'impression : Si le nom et le num\u00e9ro figurant sur l'image correspondent exactement \u00e0 ce que vous souhaitez, vous ne devez pas les saisir \u00e0 nouveau. Si ce n'est pas le cas, vous devez saisir le nom et le num\u00e9ro que vous souhaitez.<\/p>\n<p>Conseils pour le lavage : Il est recommand\u00e9 de laver les maillots de football \u00e0 la main. Si vous souhaitez utiliser la machine \u00e0 laver, pensez \u00e0 retourner les maillots de football avant de les laver. Remplissez la machine avec de l'eau froide et utilisez un cycle de lavage d\u00e9licat pour mieux prot\u00e9ger les couleurs.<\/p>","protected":false},"excerpt":{"rendered":"<p>Le nouveau maillot d'Argentine pour 2022 est principalement blanc avec des logos noirs \u2013 y compris le tout nouveau logo Adidas, qui fait ses d\u00e9buts en Coupe du Monde 2022. Les rayures sur le nouveau maillot de la Coupe du Monde 2022 d'Argentine sont classiques, mais seulement sur le devant. Les rayures \u00e0 l'arri\u00e8re sont vraiment inhabituelles : au lieu d'\u00eatre de la m\u00eame largeur, il y a [\u2026]<\/p>","protected":false},"featured_media":10904,"comment_status":"open","ping_status":"closed","template":"","meta":[],"product_brand":[],"product_cat":[325],"product_tag":[356,421,422,20,21,22,23,24,423,424,425],"class_list":{"0":"post-10867","1":"product","2":"type-product","3":"status-publish","4":"has-post-thumbnail","6":"product_cat-argentinien-trikots","7":"product_tag-argentinien-trikots","8":"product_tag-argentinien-wm-2022-heimtrikots","9":"product_tag-argentiniens-neues-trikot-fuer-2022","10":"product_tag-coole-fussballtrikots","11":"product_tag-fussballtrikot-fuer-herren","12":"product_tag-fussballtrikot-guenstig-kaufen","13":"product_tag-fussballtrikot-kurzarm","14":"product_tag-guenstiges-fussballtrikot","15":"product_tag-heimtrikots-fuer-die-wm-2022","16":"product_tag-neue-argentinien-trikot","17":"product_tag-neuen-argentinien-wm-2022-trikot","19":"first","20":"instock","21":"shipping-taxable","22":"purchasable","23":"product-type-variable"},"_links":{"self":[{"href":"https:\/\/www.billigtrikotde.com\/fr\/wp-json\/wp\/v2\/product\/10867","targetHints":{"allow":["GET"]}}],"collection":[{"href":"https:\/\/www.billigtrikotde.com\/fr\/wp-json\/wp\/v2\/product"}],"about":[{"href":"https:\/\/www.billigtrikotde.com\/fr\/wp-json\/wp\/v2\/types\/product"}],"replies":[{"embeddable":true,"href":"https:\/\/www.billigtrikotde.com\/fr\/wp-json\/wp\/v2\/comments?post=10867"}],"wp:featuredmedia":[{"embeddable":true,"href":"https:\/\/www.billigtrikotde.com\/fr\/wp-json\/wp\/v2\/media\/10904"}],"wp:attachment":[{"href":"https:\/\/www.billigtrikotde.com\/fr\/wp-json\/wp\/v2\/media?parent=10867"}],"wp:term":[{"taxonomy":"product_brand","embeddable":true,"href":"https:\/\/www.billigtrikotde.com\/fr\/wp-json\/wp\/v2\/product_brand?post=10867"},{"taxonomy":"product_cat","embeddable":true,"href":"https:\/\/www.billigtrikotde.com\/fr\/wp-json\/wp\/v2\/product_cat?post=10867"},{"taxonomy":"product_tag","embeddable":true,"href":"https:\/\/www.billigtrikotde.com\/fr\/wp-json\/wp\/v2\/product_tag?post=10867"}],"curies":[{"name":"wp","href":"https:\/\/api.w.org\/{rel}","templated":true}]}}