{"id":10719,"date":"2024-10-24T03:32:51","date_gmt":"2024-10-24T01:32:51","guid":{"rendered":"http:\/\/billigtrikots.com\/?post_type=product&#038;p=10719"},"modified":"2024-10-24T03:35:03","modified_gmt":"2024-10-24T01:35:03","slug":"kinder-fussball-trikot-frankreich-wm-2022-auswaertstrikot-weiss-online-bestellen","status":"publish","type":"product","link":"https:\/\/www.billigtrikotde.com\/fr\/kinder-fussball-trikot-frankreich-wm-2022-auswaertstrikot-weiss-online-bestellen\/","title":{"rendered":"Maillot de football pour enfants France Coupe du Monde 2022 Maillot ext\u00e9rieur blanc en ligne"},"content":{"rendered":"<p>Le maillot de la Coupe du Monde de football 2022 en France pr\u00e9sente une impression graphique particuli\u00e8re qui montre des choses pour lesquelles la France est c\u00e9l\u00e8bre \u2013 l\u2019Arc de Triomphe, des sc\u00e8nes de la R\u00e9volution fran\u00e7aise de 1789 et des moulins \u00e0 vent. Le design para\u00eet unique, mais ce n\u2019est pas une invention de Nike.<br \/>\nLe \u00ab Toile de Jouy \u00bb fran\u00e7ais signifie en anglais simplement \u00ab tissu de Jouy \u00bb et d\u00e9crit une sorte d\u2019impression sur tissu. \u00ab Toile de Jouy \u00bb, parfois aussi abr\u00e9g\u00e9 simplement en \u00ab Toile \u00bb, est une sorte de motif d\u00e9coratif compos\u00e9 d\u2019un fond blanc ou blanc cass\u00e9 sur lequel un motif r\u00e9p\u00e9titif pr\u00e9sente une sc\u00e8ne assez complexe, g\u00e9n\u00e9ralement un th\u00e8me pastoral, comme par exemple un couple au pique-nique au bord d\u2019un lac ou une composition florale.<\/p>\n<p>Conseils pour l'impression : Si le nom et le num\u00e9ro figurant sur l'image correspondent exactement \u00e0 ce que vous souhaitez, vous ne devez pas les saisir \u00e0 nouveau. Si ce n'est pas le cas, vous devez saisir le nom et le num\u00e9ro que vous souhaitez.<\/p>\n<p>Conseils pour le lavage : Il est recommand\u00e9 de laver les maillots de football \u00e0 la main. Si vous souhaitez utiliser la machine \u00e0 laver, pensez \u00e0 retourner les maillots de football avant de les laver. Remplissez la machine avec de l'eau froide et utilisez un cycle de lavage d\u00e9licat pour mieux prot\u00e9ger les couleurs.<\/p>","protected":false},"excerpt":{"rendered":"<p>Das Trikot der Fu\u00dfball-WM 2022 in Frankreich hat einen besonderen grafischen Aufdruck, der Dinge zeigt, f\u00fcr die Frankreich ber\u00fchmt ist \u2013 den Arc de Triomphe, Szenen der Franz\u00f6sischen Revolution von 1789 und Windm\u00fchlen. Das Design sieht einzigartig aus, ist aber keine Erfindung von Nike. Das franz\u00f6sische \u201eToile de Jouy\u201c bedeutet auf Englisch einfach \u201eStoff aus [&hellip;]<\/p>","protected":false},"featured_media":10758,"comment_status":"open","ping_status":"closed","template":"","meta":[],"product_brand":[],"product_cat":[117],"product_tag":[20,398,118,419,413,414,119,389,21,22,23,24],"class_list":{"0":"post-10719","1":"product","2":"type-product","3":"status-publish","4":"has-post-thumbnail","6":"product_cat-frankreich-trikots","7":"product_tag-coole-fussballtrikots","8":"product_tag-frankreich-2022-weltmeisterschaft-trikot","9":"product_tag-frankreich-auswaertstrikot","10":"product_tag-frankreich-fussball-trikot-kinder","11":"product_tag-frankreich-neue-trikots","12":"product_tag-frankreich-trikot-set","13":"product_tag-frankreich-trikots","14":"product_tag-fussball-wm-2022-trikot","15":"product_tag-fussballtrikot-fuer-herren","16":"product_tag-fussballtrikot-guenstig-kaufen","17":"product_tag-fussballtrikot-kurzarm","18":"product_tag-guenstiges-fussballtrikot","20":"first","21":"instock","22":"shipping-taxable","23":"purchasable","24":"product-type-variable"},"_links":{"self":[{"href":"https:\/\/www.billigtrikotde.com\/fr\/wp-json\/wp\/v2\/product\/10719","targetHints":{"allow":["GET"]}}],"collection":[{"href":"https:\/\/www.billigtrikotde.com\/fr\/wp-json\/wp\/v2\/product"}],"about":[{"href":"https:\/\/www.billigtrikotde.com\/fr\/wp-json\/wp\/v2\/types\/product"}],"replies":[{"embeddable":true,"href":"https:\/\/www.billigtrikotde.com\/fr\/wp-json\/wp\/v2\/comments?post=10719"}],"wp:featuredmedia":[{"embeddable":true,"href":"https:\/\/www.billigtrikotde.com\/fr\/wp-json\/wp\/v2\/media\/10758"}],"wp:attachment":[{"href":"https:\/\/www.billigtrikotde.com\/fr\/wp-json\/wp\/v2\/media?parent=10719"}],"wp:term":[{"taxonomy":"product_brand","embeddable":true,"href":"https:\/\/www.billigtrikotde.com\/fr\/wp-json\/wp\/v2\/product_brand?post=10719"},{"taxonomy":"product_cat","embeddable":true,"href":"https:\/\/www.billigtrikotde.com\/fr\/wp-json\/wp\/v2\/product_cat?post=10719"},{"taxonomy":"product_tag","embeddable":true,"href":"https:\/\/www.billigtrikotde.com\/fr\/wp-json\/wp\/v2\/product_tag?post=10719"}],"curies":[{"name":"wp","href":"https:\/\/api.w.org\/{rel}","templated":true}]}}