{"id":10691,"date":"2024-10-24T03:31:34","date_gmt":"2024-10-24T01:31:34","guid":{"rendered":"http:\/\/billigtrikots.com\/?post_type=product&#038;p=10691"},"modified":"2024-10-24T03:33:52","modified_gmt":"2024-10-24T01:33:52","slug":"neuen-polen-wm-2022-auswaertstrikot-rot-fuer-herren-kurzarm-online-bestellen","status":"publish","type":"product","link":"https:\/\/www.billigtrikotde.com\/fr\/neuen-polen-wm-2022-auswaertstrikot-rot-fuer-herren-kurzarm-online-bestellen\/","title":{"rendered":"Nouveaux Polonais maillot ext\u00e9rieur rouge Coupe du Monde 2022 pour hommes manches courtes commander en ligne"},"content":{"rendered":"<p>Le maillot ext\u00e9rieur Nike Pologne 2022 est majoritairement rouge et poss\u00e8de un col blanc et des poignets de manches blancs, tous deux orn\u00e9s d'une ligne rouge en son milieu. Les maillots Nike pour la Coupe du Monde de football 2022 en Pologne ont \u00e9t\u00e9 pr\u00e9sent\u00e9s le jeudi 15 septembre 2022.<\/p>\n<p>Conseils pour l'impression : Si le nom et le num\u00e9ro figurant sur l'image correspondent exactement \u00e0 ce que vous souhaitez, vous ne devez pas les saisir \u00e0 nouveau. Si ce n'est pas le cas, vous devez saisir le nom et le num\u00e9ro que vous souhaitez.<\/p>\n<p>Conseils pour le lavage : Il est recommand\u00e9 de laver les maillots de football \u00e0 la main. Si vous souhaitez utiliser la machine \u00e0 laver, pensez \u00e0 retourner les maillots de football avant de les laver. Remplissez la machine avec de l'eau froide et utilisez un cycle de lavage d\u00e9licat pour mieux prot\u00e9ger les couleurs.<\/p>","protected":false},"excerpt":{"rendered":"<p>Le maillot ext\u00e9rieur Pologne 2022 de Nike est principalement rouge et comporte un col blanc et des poignets blancs, tous deux agr\u00e9ment\u00e9s d'une ligne rouge au centre. Les maillots Nike pour la Coupe du Monde de football 2022 en Pologne ont \u00e9t\u00e9 pr\u00e9sent\u00e9s le jeudi 15 septembre 2022. Conseils d'impression : si le nom et le num\u00e9ro figurent sur l'image [\u2026]<\/p>","protected":false},"featured_media":10732,"comment_status":"open","ping_status":"closed","template":"","meta":[],"product_brand":[],"product_cat":[415],"product_tag":[20,21,22,23,24,418,417],"class_list":{"0":"post-10691","1":"product","2":"type-product","3":"status-publish","4":"has-post-thumbnail","6":"product_cat-polen-trikots","7":"product_tag-coole-fussballtrikots","8":"product_tag-fussballtrikot-fuer-herren","9":"product_tag-fussballtrikot-guenstig-kaufen","10":"product_tag-fussballtrikot-kurzarm","11":"product_tag-guenstiges-fussballtrikot","12":"product_tag-polen-2022-auswaertstrikot","13":"product_tag-polen-wm-2022-trikot","15":"first","16":"instock","17":"shipping-taxable","18":"purchasable","19":"product-type-variable"},"_links":{"self":[{"href":"https:\/\/www.billigtrikotde.com\/fr\/wp-json\/wp\/v2\/product\/10691","targetHints":{"allow":["GET"]}}],"collection":[{"href":"https:\/\/www.billigtrikotde.com\/fr\/wp-json\/wp\/v2\/product"}],"about":[{"href":"https:\/\/www.billigtrikotde.com\/fr\/wp-json\/wp\/v2\/types\/product"}],"replies":[{"embeddable":true,"href":"https:\/\/www.billigtrikotde.com\/fr\/wp-json\/wp\/v2\/comments?post=10691"}],"wp:featuredmedia":[{"embeddable":true,"href":"https:\/\/www.billigtrikotde.com\/fr\/wp-json\/wp\/v2\/media\/10732"}],"wp:attachment":[{"href":"https:\/\/www.billigtrikotde.com\/fr\/wp-json\/wp\/v2\/media?parent=10691"}],"wp:term":[{"taxonomy":"product_brand","embeddable":true,"href":"https:\/\/www.billigtrikotde.com\/fr\/wp-json\/wp\/v2\/product_brand?post=10691"},{"taxonomy":"product_cat","embeddable":true,"href":"https:\/\/www.billigtrikotde.com\/fr\/wp-json\/wp\/v2\/product_cat?post=10691"},{"taxonomy":"product_tag","embeddable":true,"href":"https:\/\/www.billigtrikotde.com\/fr\/wp-json\/wp\/v2\/product_tag?post=10691"}],"curies":[{"name":"wp","href":"https:\/\/api.w.org\/{rel}","templated":true}]}}