{"id":10615,"date":"2024-10-24T03:27:30","date_gmt":"2024-10-24T01:27:30","guid":{"rendered":"http:\/\/billigtrikots.com\/?post_type=product&#038;p=10615"},"modified":"2024-10-24T03:30:13","modified_gmt":"2024-10-24T01:30:13","slug":"kaufe-herren-fussballtrikots-kroatien-wm-2022-trikot-online-trikotsatz-modric-10","status":"publish","type":"product","link":"https:\/\/www.billigtrikotde.com\/fr\/kaufe-herren-fussballtrikots-kroatien-wm-2022-trikot-online-trikotsatz-modric-10\/","title":{"rendered":"Acheter Hommes Maillots de Football Croatie Coupe du Monde 2022 Maillots en ligne MODRIC 10"},"content":{"rendered":"<p>Le maillot Nike Croatie 2022 apporte une interpr\u00e9tation inhabituelle des c\u00e9l\u00e8bres carreaux rouges et blancs. Nike combine les deux couleurs principales avec \u00ab Battle Blue \u00bb pour les applications. Alors que les manches du maillot domicile de la Coupe du Monde 2022 en Croatie pr\u00e9sentent des carreaux r\u00e9guliers, le devant (et probablement aussi le dos) est principalement blanc, avec de nombreux carreaux rouges omis. En termes de mod\u00e8le, le maillot Nike Croatie 2022 pour la Coupe du Monde utilise la m\u00eame base que d'autres maillots de la Coupe du Monde 2022 de Nike. La zone situ\u00e9e sous le col arri\u00e8re est d'une couleur blanche unie.<\/p>\n<p>Conseils pour l'impression : Si le nom et le num\u00e9ro figurant sur l'image correspondent exactement \u00e0 ce que vous souhaitez, vous ne devez pas les saisir \u00e0 nouveau. Si ce n'est pas le cas, vous devez saisir le nom et le num\u00e9ro que vous souhaitez.<\/p>\n<p>Conseils pour le lavage : Il est recommand\u00e9 de laver les maillots de football \u00e0 la main. Si vous souhaitez utiliser la machine \u00e0 laver, pensez \u00e0 retourner les maillots de football avant de les laver. Remplissez la machine avec de l'eau froide et utilisez un cycle de lavage d\u00e9licat pour mieux prot\u00e9ger les couleurs.<\/p>","protected":false},"excerpt":{"rendered":"<p>Das Nike Kroatien 2022 Trikot bringt eine ungew\u00f6hnliche Interpretation der kultigen roten und wei\u00dfen Karos. Nike kombiniert die beiden Hauptfarben mit &#8222;Battle Blue&#8220; f\u00fcr Applikationen.W\u00e4hrend die \u00c4rmel des Kroatien 2022 WM-Heimtrikots regul\u00e4re Karos aufweisen, ist die Vorderseite (und wahrscheinlich auch die R\u00fcckseite) \u00fcberwiegend wei\u00df, wobei viele der roten Karos weggelassen wurden.Von der Template her verwendet [&hellip;]<\/p>","protected":false},"featured_media":10651,"comment_status":"open","ping_status":"closed","template":"","meta":[],"product_brand":[],"product_cat":[261],"product_tag":[20,35,21,22,23,24,381,263,264],"class_list":{"0":"post-10615","1":"product","2":"type-product","3":"status-publish","4":"has-post-thumbnail","6":"product_cat-kroatien-trikots","7":"product_tag-coole-fussballtrikots","8":"product_tag-fussball-torwarttrikots","9":"product_tag-fussballtrikot-fuer-herren","10":"product_tag-fussballtrikot-guenstig-kaufen","11":"product_tag-fussballtrikot-kurzarm","12":"product_tag-guenstiges-fussballtrikot","13":"product_tag-kroatien-2022-world-cup-heimtrikot","14":"product_tag-kroatien-trikot-herren","15":"product_tag-kroatien-trikots","17":"first","18":"instock","19":"shipping-taxable","20":"purchasable","21":"product-type-variable"},"_links":{"self":[{"href":"https:\/\/www.billigtrikotde.com\/fr\/wp-json\/wp\/v2\/product\/10615","targetHints":{"allow":["GET"]}}],"collection":[{"href":"https:\/\/www.billigtrikotde.com\/fr\/wp-json\/wp\/v2\/product"}],"about":[{"href":"https:\/\/www.billigtrikotde.com\/fr\/wp-json\/wp\/v2\/types\/product"}],"replies":[{"embeddable":true,"href":"https:\/\/www.billigtrikotde.com\/fr\/wp-json\/wp\/v2\/comments?post=10615"}],"wp:featuredmedia":[{"embeddable":true,"href":"https:\/\/www.billigtrikotde.com\/fr\/wp-json\/wp\/v2\/media\/10651"}],"wp:attachment":[{"href":"https:\/\/www.billigtrikotde.com\/fr\/wp-json\/wp\/v2\/media?parent=10615"}],"wp:term":[{"taxonomy":"product_brand","embeddable":true,"href":"https:\/\/www.billigtrikotde.com\/fr\/wp-json\/wp\/v2\/product_brand?post=10615"},{"taxonomy":"product_cat","embeddable":true,"href":"https:\/\/www.billigtrikotde.com\/fr\/wp-json\/wp\/v2\/product_cat?post=10615"},{"taxonomy":"product_tag","embeddable":true,"href":"https:\/\/www.billigtrikotde.com\/fr\/wp-json\/wp\/v2\/product_tag?post=10615"}],"curies":[{"name":"wp","href":"https:\/\/api.w.org\/{rel}","templated":true}]}}