{"id":10611,"date":"2024-10-24T03:27:27","date_gmt":"2024-10-24T01:27:27","guid":{"rendered":"http:\/\/billigtrikots.com\/?post_type=product&#038;p=10611"},"modified":"2024-10-24T03:29:39","modified_gmt":"2024-10-24T01:29:39","slug":"herren-frankreich-wm-2022-heimtrikot-marineblau-kurzarm-kurze-hosen-mendy-21","status":"publish","type":"product","link":"https:\/\/www.billigtrikotde.com\/fr\/herren-frankreich-wm-2022-heimtrikot-marineblau-kurzarm-kurze-hosen-mendy-21\/","title":{"rendered":"Homme France Coupe du Monde 2022 Maillot domicile Marine + Short MENDY 21"},"content":{"rendered":"<p>Nike a con\u00e7u une police sur mesure pour les maillots de 2022, utilis\u00e9e lors de la Coupe du Monde 2022. La police pour le maillot de la Coupe du Monde de football 2022 est relativement classique. Les lettres de l'inscription sont tr\u00e8s standardis\u00e9es, tandis que les chiffres ont un style \u00e9lanc\u00e9. Le maillot Nike France 2022 pour la Coupe du Monde est le premier depuis 10 ans, qui pr\u00e9sente des applications dor\u00e9es. Il est principalement bleu marine avec des logos dor\u00e9s et \u00e9ventuellement quelques d\u00e9tails dor\u00e9s.<\/p>\n<p>Conseils pour l'impression : Si le nom et le num\u00e9ro figurant sur l'image correspondent exactement \u00e0 ce que vous souhaitez, vous ne devez pas les saisir \u00e0 nouveau. Si ce n'est pas le cas, vous devez saisir le nom et le num\u00e9ro que vous souhaitez.<\/p>\n<p>Conseils pour le lavage : Il est recommand\u00e9 de laver les maillots de football \u00e0 la main. Si vous souhaitez utiliser la machine \u00e0 laver, pensez \u00e0 retourner les maillots de football avant de les laver. Remplissez la machine avec de l'eau froide et utilisez un cycle de lavage d\u00e9licat pour mieux prot\u00e9ger les couleurs.<\/p>","protected":false},"excerpt":{"rendered":"<p>Nike hat eine ma\u00dfgeschneiderte Schrift f\u00fcr die Trikots von Frankreich 2022 entworfen, die bei der Weltmeisterschaft 2022 verwendet werden.Die Schriftart f\u00fcr das Trikot der Fu\u00dfball-WM 2022 in Frankreich ist relativ klassisch. Die Buchstaben des Schriftzugs sind sehr standardm\u00e4\u00dfig, w\u00e4hrend die Zahlen einen schlanken Stil haben.Das Nike Frankreich 2022 WM-Trikot ist das erste seit 10 Jahren, [&hellip;]<\/p>","protected":false},"featured_media":10649,"comment_status":"open","ping_status":"closed","template":"","meta":[],"product_brand":[],"product_cat":[117],"product_tag":[20,398,121,413,414,119,389,21,22,23,24],"class_list":{"0":"post-10611","1":"product","2":"type-product","3":"status-publish","4":"has-post-thumbnail","6":"product_cat-frankreich-trikots","7":"product_tag-coole-fussballtrikots","8":"product_tag-frankreich-2022-weltmeisterschaft-trikot","9":"product_tag-frankreich-heimtrikot","10":"product_tag-frankreich-neue-trikots","11":"product_tag-frankreich-trikot-set","12":"product_tag-frankreich-trikots","13":"product_tag-fussball-wm-2022-trikot","14":"product_tag-fussballtrikot-fuer-herren","15":"product_tag-fussballtrikot-guenstig-kaufen","16":"product_tag-fussballtrikot-kurzarm","17":"product_tag-guenstiges-fussballtrikot","19":"first","20":"instock","21":"shipping-taxable","22":"purchasable","23":"product-type-variable"},"_links":{"self":[{"href":"https:\/\/www.billigtrikotde.com\/fr\/wp-json\/wp\/v2\/product\/10611","targetHints":{"allow":["GET"]}}],"collection":[{"href":"https:\/\/www.billigtrikotde.com\/fr\/wp-json\/wp\/v2\/product"}],"about":[{"href":"https:\/\/www.billigtrikotde.com\/fr\/wp-json\/wp\/v2\/types\/product"}],"replies":[{"embeddable":true,"href":"https:\/\/www.billigtrikotde.com\/fr\/wp-json\/wp\/v2\/comments?post=10611"}],"wp:featuredmedia":[{"embeddable":true,"href":"https:\/\/www.billigtrikotde.com\/fr\/wp-json\/wp\/v2\/media\/10649"}],"wp:attachment":[{"href":"https:\/\/www.billigtrikotde.com\/fr\/wp-json\/wp\/v2\/media?parent=10611"}],"wp:term":[{"taxonomy":"product_brand","embeddable":true,"href":"https:\/\/www.billigtrikotde.com\/fr\/wp-json\/wp\/v2\/product_brand?post=10611"},{"taxonomy":"product_cat","embeddable":true,"href":"https:\/\/www.billigtrikotde.com\/fr\/wp-json\/wp\/v2\/product_cat?post=10611"},{"taxonomy":"product_tag","embeddable":true,"href":"https:\/\/www.billigtrikotde.com\/fr\/wp-json\/wp\/v2\/product_tag?post=10611"}],"curies":[{"name":"wp","href":"https:\/\/api.w.org\/{rel}","templated":true}]}}