{"id":1047,"date":"2024-10-23T13:14:17","date_gmt":"2024-10-23T11:14:17","guid":{"rendered":"http:\/\/billigtrikots.com\/?post_type=product&#038;p=1047"},"modified":"2025-10-16T16:04:59","modified_gmt":"2025-10-16T14:04:59","slug":"real-madrid-herren-heimtrikot-2022-weiss-langarm-trikotsatz","status":"publish","type":"product","link":"https:\/\/www.billigtrikotde.com\/fr\/real-madrid-herren-heimtrikot-2022-weiss-langarm-trikotsatz\/","title":{"rendered":"Real Madrid maillot domicile hommes 2022 blanc manches longues ensemble de maillots"},"content":{"rendered":"<p>Le nouveau maillot domicile pour hommes des \"Royaux\" te permet de soutenir ton \u00e9quipe favorite sur toute la ligne. D'un blanc \u00e9clatant, il est orn\u00e9 des d\u00e9tails de la marque a-didas, comme le logo du sponsor, et porte sur le c\u00f4t\u00e9 du c\u0153ur le fier blason du club dans les couleurs authentiques de l'\u00e9quipe.<\/p>\n<p>Fabriqu\u00e9 en mati\u00e8re AEROREADY hautement fonctionnelle, ce maillot officiel offre \u00e9galement une excellente gestion de la chaleur et de l'humidit\u00e9. Il est doux et l\u00e9ger sur la peau et s\u00e8che tr\u00e8s rapidement pour te garantir un confort optimal \u00e0 tout moment. Des zones respirantes assurent en outre une a\u00e9ration optimale. La coupe Replica est en outre un peu plus large que le maillot original des joueurs, la version streetwear de ce dernier, et t'offre ainsi une libert\u00e9 de mouvement maximale lors des acclamations des supporters, mais aussi lors de tes propres entra\u00eenements. Le polyester recycl\u00e9 100% n'est pas seulement durable et r\u00e9sistant, il est \u00e9galement tr\u00e8s respectueux de l'environnement !<\/p>\n<p>Alors n'attendez pas et achetez d\u00e8s maintenant ! Procure-toi d\u00e8s aujourd'hui le populaire maillot a-didas Real Madrid Hommes domicile 2021\/22 d'un blanc \u00e9clatant ! Avec lui, tu ne laisses aucun doute sur ton appartenance et tu soutiens ton \u00e9quipe de tout ton c\u0153ur !<\/p>\n<p>Conseils pour l'impression : Si le nom et le num\u00e9ro figurant sur l'image correspondent exactement \u00e0 ce que vous souhaitez, vous ne devez pas les saisir \u00e0 nouveau. Si ce n'est pas le cas, vous devez saisir le nom et le num\u00e9ro que vous souhaitez.<\/p>\n<p>Conseils pour le lavage : Il est recommand\u00e9 de laver les maillots de football \u00e0 la main. Si vous souhaitez utiliser la machine \u00e0 laver, pensez \u00e0 retourner les maillots de football avant de les laver. Remplissez la machine avec de l'eau froide et utilisez un cycle de lavage d\u00e9licat pour mieux prot\u00e9ger les couleurs.<\/p>","protected":false},"excerpt":{"rendered":"<p>Dans le nouveau maillot domicile pour hommes des \u00ab Royaux \u00bb, vous soutenez votre \u00e9quipe favorite \u00e0 100 %. Il se pr\u00e9sente en blanc \u00e9clatant et est orn\u00e9 de d\u00e9tails de marque a-didas, ainsi que de l'inscription du sponsor, et porte sur le c\u00f4t\u00e9 du c\u0153ur le blason fier du club dans les couleurs authentiques de l'\u00e9quipe. Fabriqu\u00e9 \u00e0 partir du mat\u00e9riau hautement fonctionnel AEROREADY, le maillot officiel vous offre \u00e9galement une excellente [\u2026]<\/p>","protected":false},"featured_media":1081,"comment_status":"open","ping_status":"closed","template":"","meta":[],"product_brand":[],"product_cat":[45],"product_tag":[20,38,21,24,47],"class_list":{"0":"post-1047","1":"product","2":"type-product","3":"status-publish","4":"has-post-thumbnail","6":"product_cat-real-madrid","7":"product_tag-coole-fussballtrikots","8":"product_tag-fussball-trikot-langarm","9":"product_tag-fussballtrikot-fuer-herren","10":"product_tag-guenstiges-fussballtrikot","11":"product_tag-real-madrid-trikots","13":"first","14":"instock","15":"shipping-taxable","16":"purchasable","17":"product-type-variable"},"_links":{"self":[{"href":"https:\/\/www.billigtrikotde.com\/fr\/wp-json\/wp\/v2\/product\/1047","targetHints":{"allow":["GET"]}}],"collection":[{"href":"https:\/\/www.billigtrikotde.com\/fr\/wp-json\/wp\/v2\/product"}],"about":[{"href":"https:\/\/www.billigtrikotde.com\/fr\/wp-json\/wp\/v2\/types\/product"}],"replies":[{"embeddable":true,"href":"https:\/\/www.billigtrikotde.com\/fr\/wp-json\/wp\/v2\/comments?post=1047"}],"wp:featuredmedia":[{"embeddable":true,"href":"https:\/\/www.billigtrikotde.com\/fr\/wp-json\/wp\/v2\/media\/1081"}],"wp:attachment":[{"href":"https:\/\/www.billigtrikotde.com\/fr\/wp-json\/wp\/v2\/media?parent=1047"}],"wp:term":[{"taxonomy":"product_brand","embeddable":true,"href":"https:\/\/www.billigtrikotde.com\/fr\/wp-json\/wp\/v2\/product_brand?post=1047"},{"taxonomy":"product_cat","embeddable":true,"href":"https:\/\/www.billigtrikotde.com\/fr\/wp-json\/wp\/v2\/product_cat?post=1047"},{"taxonomy":"product_tag","embeddable":true,"href":"https:\/\/www.billigtrikotde.com\/fr\/wp-json\/wp\/v2\/product_tag?post=1047"}],"curies":[{"name":"wp","href":"https:\/\/api.w.org\/{rel}","templated":true}]}}