{"id":10182,"date":"2024-10-24T03:05:20","date_gmt":"2024-10-24T01:05:20","guid":{"rendered":"http:\/\/billigtrikots.com\/?post_type=product&#038;p=10182"},"modified":"2024-10-24T03:07:36","modified_gmt":"2024-10-24T01:07:36","slug":"belgien-fifa-wm-katar-2022-rot-schwarz-herren-heimtrikot-kurzarm-mit-namen-vanaken-20","status":"publish","type":"product","link":"https:\/\/www.billigtrikotde.com\/fr\/belgien-fifa-wm-katar-2022-rot-schwarz-herren-heimtrikot-kurzarm-mit-namen-vanaken-20\/","title":{"rendered":"Belgique FIFA Coupe du Monde Qatar 2022 rouge noir Maillot domicile homme manches courtes avec nom VANAKEN 20"},"content":{"rendered":"<p>Le maillot de la Coupe du Monde 2022 Adidas Belgique a un torse rouge avec des manches raglan noires. Ce qui attire imm\u00e9diatement l'attention, c'est le graphique en flammes qui monte \u00e0 la fin des manches. Le graphique a un effet l\u00e9g\u00e8rement num\u00e9ris\u00e9. Les bandes Adidas sur les \u00e9paules sont rouges, tout comme le nouveau logo, tandis que l'insigne est brillant en or. Le short et les chaussettes du maillot domicile pour la Coupe du Monde 2022 en Belgique sont noirs, ces derni\u00e8res pr\u00e9sentant une impression de flammes similaire \u00e0 celle sur les manches du maillot domicile pour la Coupe du Monde 2022 en Belgique.<\/p>\n<p>Conseils pour l'impression : Si le nom et le num\u00e9ro figurant sur l'image correspondent exactement \u00e0 ce que vous souhaitez, vous ne devez pas les saisir \u00e0 nouveau. Si ce n'est pas le cas, vous devez saisir le nom et le num\u00e9ro que vous souhaitez.<\/p>\n<p>Conseils pour le lavage : Il est recommand\u00e9 de laver les maillots de football \u00e0 la main. Si vous souhaitez utiliser la machine \u00e0 laver, pensez \u00e0 retourner les maillots de football avant de les laver. Remplissez la machine avec de l'eau froide et utilisez un cycle de lavage d\u00e9licat pour mieux prot\u00e9ger les couleurs.<\/p>","protected":false},"excerpt":{"rendered":"<p>Das Adidas Belgium 2022 World Cup Trikot hat einen roten Torso mit schwarzen Raglan\u00e4rmeln. Was sofort ins Auge sticht, ist die Flammengrafik, die am Ende der \u00c4rmel aufsteigt.Die Grafik hat einen leicht digitalisierten Effekt. Die Adidas-Streifen auf den Schultern sind rot, ebenso wie das neue Logo, w\u00e4hrend das Abzeichen goldgl\u00e4nzend ist.Die Hosen und die Stutzen [&hellip;]<\/p>","protected":false},"featured_media":10221,"comment_status":"open","ping_status":"closed","template":"","meta":[],"product_brand":[],"product_cat":[173],"product_tag":[382,120,20,407,21,22,23,24],"class_list":{"0":"post-10182","1":"product","2":"type-product","3":"status-publish","4":"has-post-thumbnail","6":"product_cat-belgien-trikots","7":"product_tag-belgien-heimtrikot","8":"product_tag-belgien-trikots","9":"product_tag-coole-fussballtrikots","10":"product_tag-fifa-wm-katar-2022-trikot","11":"product_tag-fussballtrikot-fuer-herren","12":"product_tag-fussballtrikot-guenstig-kaufen","13":"product_tag-fussballtrikot-kurzarm","14":"product_tag-guenstiges-fussballtrikot","16":"first","17":"instock","18":"shipping-taxable","19":"purchasable","20":"product-type-variable"},"_links":{"self":[{"href":"https:\/\/www.billigtrikotde.com\/fr\/wp-json\/wp\/v2\/product\/10182","targetHints":{"allow":["GET"]}}],"collection":[{"href":"https:\/\/www.billigtrikotde.com\/fr\/wp-json\/wp\/v2\/product"}],"about":[{"href":"https:\/\/www.billigtrikotde.com\/fr\/wp-json\/wp\/v2\/types\/product"}],"replies":[{"embeddable":true,"href":"https:\/\/www.billigtrikotde.com\/fr\/wp-json\/wp\/v2\/comments?post=10182"}],"wp:featuredmedia":[{"embeddable":true,"href":"https:\/\/www.billigtrikotde.com\/fr\/wp-json\/wp\/v2\/media\/10221"}],"wp:attachment":[{"href":"https:\/\/www.billigtrikotde.com\/fr\/wp-json\/wp\/v2\/media?parent=10182"}],"wp:term":[{"taxonomy":"product_brand","embeddable":true,"href":"https:\/\/www.billigtrikotde.com\/fr\/wp-json\/wp\/v2\/product_brand?post=10182"},{"taxonomy":"product_cat","embeddable":true,"href":"https:\/\/www.billigtrikotde.com\/fr\/wp-json\/wp\/v2\/product_cat?post=10182"},{"taxonomy":"product_tag","embeddable":true,"href":"https:\/\/www.billigtrikotde.com\/fr\/wp-json\/wp\/v2\/product_tag?post=10182"}],"curies":[{"name":"wp","href":"https:\/\/api.w.org\/{rel}","templated":true}]}}