{"id":10116,"date":"2024-10-24T03:01:53","date_gmt":"2024-10-24T01:01:53","guid":{"rendered":"http:\/\/billigtrikots.com\/?post_type=product&#038;p=10116"},"modified":"2024-10-24T03:04:34","modified_gmt":"2024-10-24T01:04:34","slug":"united-states-usa-wm-2022-auswaertstrikot-koenigsblau-kurzarm-kurze-hosen","status":"publish","type":"product","link":"https:\/\/www.billigtrikotde.com\/fr\/united-states-usa-wm-2022-auswaertstrikot-koenigsblau-kurzarm-kurze-hosen\/","title":{"rendered":"United States USA WM 2022 Maillot ext\u00e9rieur bleu royal manches courtes + short"},"content":{"rendered":"<p>Ceci est le maillot ext\u00e9rieur de la Coupe du Monde 2022 Nike pour les \u00c9tats-Unis. Avec le m\u00eame placement unique du swoosh, le maillot ext\u00e9rieur de la Coupe du Monde 2022 pour les \u00c9tats-Unis est largement bleu royal avec un motif tie-dye bleu marine, qui n'est pas sans rappeler celui du maillot ext\u00e9rieur Leeds 22-23.<\/p>\n<p>Conseils pour l'impression : Si le nom et le num\u00e9ro figurant sur l'image correspondent exactement \u00e0 ce que vous souhaitez, vous ne devez pas les saisir \u00e0 nouveau. Si ce n'est pas le cas, vous devez saisir le nom et le num\u00e9ro que vous souhaitez.<\/p>\n<p>Conseils pour le lavage : Il est recommand\u00e9 de laver les maillots de football \u00e0 la main. Si vous souhaitez utiliser la machine \u00e0 laver, pensez \u00e0 retourner les maillots de football avant de les laver. Remplissez la machine avec de l'eau froide et utilisez un cycle de lavage d\u00e9licat pour mieux prot\u00e9ger les couleurs.<\/p>","protected":false},"excerpt":{"rendered":"<p>Il s'agit du maillot ext\u00e9rieur des \u00c9tats-Unis 2022 de la Coupe du Monde Nike. Avec le m\u00eame positionnement unique du Swoosh, le maillot ext\u00e9rieur des \u00c9tats-Unis 2022 de la Coupe du Monde est majoritairement bleu royal avec un motif Tie-Dye bleu marine, qui n\u2019est pas sans rappeler celui du maillot ext\u00e9rieur de Leeds 22-23. Conseils d'impression : Si le nom et le num\u00e9ro sur l'image correspondent exactement \u00e0 vos souhaits, vous devez [\u2026]<\/p>","protected":false},"featured_media":10153,"comment_status":"open","ping_status":"closed","template":"","meta":[],"product_brand":[],"product_cat":[245],"product_tag":[20,43,21,22,23,24,246,289,247,248,249,250,288],"class_list":{"0":"post-10116","1":"product","2":"type-product","3":"status-publish","4":"has-post-thumbnail","6":"product_cat-usa-trikots","7":"product_tag-coole-fussballtrikots","8":"product_tag-fussballkleidung","9":"product_tag-fussballtrikot-fuer-herren","10":"product_tag-fussballtrikot-guenstig-kaufen","11":"product_tag-fussballtrikot-kurzarm","12":"product_tag-guenstiges-fussballtrikot","13":"product_tag-united-states-2022-trikot","14":"product_tag-united-states-auswaertstrikot","15":"product_tag-usa-fussball-shop","16":"product_tag-usa-fussball-trikot","17":"product_tag-usa-nationalmannschaft","18":"product_tag-usa-trikot-herren","19":"product_tag-usa-trikots","21":"first","22":"instock","23":"shipping-taxable","24":"purchasable","25":"product-type-variable"},"_links":{"self":[{"href":"https:\/\/www.billigtrikotde.com\/fr\/wp-json\/wp\/v2\/product\/10116","targetHints":{"allow":["GET"]}}],"collection":[{"href":"https:\/\/www.billigtrikotde.com\/fr\/wp-json\/wp\/v2\/product"}],"about":[{"href":"https:\/\/www.billigtrikotde.com\/fr\/wp-json\/wp\/v2\/types\/product"}],"replies":[{"embeddable":true,"href":"https:\/\/www.billigtrikotde.com\/fr\/wp-json\/wp\/v2\/comments?post=10116"}],"wp:featuredmedia":[{"embeddable":true,"href":"https:\/\/www.billigtrikotde.com\/fr\/wp-json\/wp\/v2\/media\/10153"}],"wp:attachment":[{"href":"https:\/\/www.billigtrikotde.com\/fr\/wp-json\/wp\/v2\/media?parent=10116"}],"wp:term":[{"taxonomy":"product_brand","embeddable":true,"href":"https:\/\/www.billigtrikotde.com\/fr\/wp-json\/wp\/v2\/product_brand?post=10116"},{"taxonomy":"product_cat","embeddable":true,"href":"https:\/\/www.billigtrikotde.com\/fr\/wp-json\/wp\/v2\/product_cat?post=10116"},{"taxonomy":"product_tag","embeddable":true,"href":"https:\/\/www.billigtrikotde.com\/fr\/wp-json\/wp\/v2\/product_tag?post=10116"}],"curies":[{"name":"wp","href":"https:\/\/api.w.org\/{rel}","templated":true}]}}