{"id":10030,"date":"2024-10-24T02:57:31","date_gmt":"2024-10-24T00:57:31","guid":{"rendered":"http:\/\/billigtrikots.com\/?post_type=product&#038;p=10030"},"modified":"2024-10-24T02:59:52","modified_gmt":"2024-10-24T00:59:52","slug":"herren-argentinien-fifa-wm-katar-2022-auswaertstrikot-lila-kurzarm-mit-aufdruck-montiel-4","status":"publish","type":"product","link":"https:\/\/www.billigtrikotde.com\/fr\/herren-argentinien-fifa-wm-katar-2022-auswaertstrikot-lila-kurzarm-mit-aufdruck-montiel-4\/","title":{"rendered":"Maillot ext\u00e9rieur pour hommes de la Coupe du Monde FIFA Qatar 2022 en violet \u00e0 manches courtes avec impression MONTIEL 4"},"content":{"rendered":"<p>Le maillot ext\u00e9rieur de la Coupe du Monde 2022 d'Argentine combine deux nuances de violet diff\u00e9rentes avec des d\u00e9tails argent\u00e9s, tels que le logo Adidas et le logo de la f\u00e9d\u00e9ration. Officiellement, les couleurs sont \u00ab Legacy Indigo\/Purple Rush \u00bb. Le Sol de l'Argentine en argent clair se trouve au dos sous le col, similaire au maillot. Les 3 bandes sur les \u00e9paules du nouveau maillot ext\u00e9rieur de la Coupe du Monde 2022 d'Argentine sont en violet clair discret. Pour compl\u00e9ter le look, le maillot ext\u00e9rieur de la Coupe du Monde 2022 d'Argentine poss\u00e8de un graphique l\u00e9ger sur le devant \u2013 ce graphique est \u00e9galement inspir\u00e9 du Sol de Mayo.<\/p>\n<p>Conseils pour l'impression : Si le nom et le num\u00e9ro figurant sur l'image correspondent exactement \u00e0 ce que vous souhaitez, vous ne devez pas les saisir \u00e0 nouveau. Si ce n'est pas le cas, vous devez saisir le nom et le num\u00e9ro que vous souhaitez.<\/p>\n<p>Conseils pour le lavage : Il est recommand\u00e9 de laver les maillots de football \u00e0 la main. Si vous souhaitez utiliser la machine \u00e0 laver, pensez \u00e0 retourner les maillots de football avant de les laver. Remplissez la machine avec de l'eau froide et utilisez un cycle de lavage d\u00e9licat pour mieux prot\u00e9ger les couleurs.<\/p>","protected":false},"excerpt":{"rendered":"<p>Le maillot ext\u00e9rieur de la Coupe du Monde 2022 en Argentine combine deux nuances de violet avec des d\u00e9tails argent\u00e9s, tels que le logo Adidas et le logo de la f\u00e9d\u00e9ration. Officiellement, les couleurs sont \u00ab Legacy Indigo\/Purple Rush \u00bb. Le Sol de l'Argentine en argent clair se trouve au dos sous le col, comme sur le maillot. Les 3 bandes sur les \u00e9paules du nouveau maillot ext\u00e9rieur de la Coupe du Monde 2022 en Argentine sont [\u2026]<\/p>","protected":false},"featured_media":10070,"comment_status":"open","ping_status":"closed","template":"","meta":[],"product_brand":[],"product_cat":[325],"product_tag":[356,357,358,20,407,21,22,23,24],"class_list":{"0":"post-10030","1":"product","2":"type-product","3":"status-publish","4":"has-post-thumbnail","6":"product_cat-argentinien-trikots","7":"product_tag-argentinien-trikots","8":"product_tag-argentinien-wm-2022-auswaertstrikot","9":"product_tag-auswaertstrikot-fuer-die-wm-2022","10":"product_tag-coole-fussballtrikots","11":"product_tag-fifa-wm-katar-2022-trikot","12":"product_tag-fussballtrikot-fuer-herren","13":"product_tag-fussballtrikot-guenstig-kaufen","14":"product_tag-fussballtrikot-kurzarm","15":"product_tag-guenstiges-fussballtrikot","17":"first","18":"instock","19":"shipping-taxable","20":"purchasable","21":"product-type-variable"},"_links":{"self":[{"href":"https:\/\/www.billigtrikotde.com\/fr\/wp-json\/wp\/v2\/product\/10030","targetHints":{"allow":["GET"]}}],"collection":[{"href":"https:\/\/www.billigtrikotde.com\/fr\/wp-json\/wp\/v2\/product"}],"about":[{"href":"https:\/\/www.billigtrikotde.com\/fr\/wp-json\/wp\/v2\/types\/product"}],"replies":[{"embeddable":true,"href":"https:\/\/www.billigtrikotde.com\/fr\/wp-json\/wp\/v2\/comments?post=10030"}],"wp:featuredmedia":[{"embeddable":true,"href":"https:\/\/www.billigtrikotde.com\/fr\/wp-json\/wp\/v2\/media\/10070"}],"wp:attachment":[{"href":"https:\/\/www.billigtrikotde.com\/fr\/wp-json\/wp\/v2\/media?parent=10030"}],"wp:term":[{"taxonomy":"product_brand","embeddable":true,"href":"https:\/\/www.billigtrikotde.com\/fr\/wp-json\/wp\/v2\/product_brand?post=10030"},{"taxonomy":"product_cat","embeddable":true,"href":"https:\/\/www.billigtrikotde.com\/fr\/wp-json\/wp\/v2\/product_cat?post=10030"},{"taxonomy":"product_tag","embeddable":true,"href":"https:\/\/www.billigtrikotde.com\/fr\/wp-json\/wp\/v2\/product_tag?post=10030"}],"curies":[{"name":"wp","href":"https:\/\/api.w.org\/{rel}","templated":true}]}}