{"id":10016,"date":"2024-10-24T02:56:54","date_gmt":"2024-10-24T00:56:54","guid":{"rendered":"http:\/\/billigtrikots.com\/?post_type=product&#038;p=10016"},"modified":"2024-10-24T02:59:13","modified_gmt":"2024-10-24T00:59:13","slug":"herren-brasilien-fifa-wm-katar-2022-heimtrikot-gelb-kurzarm-mit-namen-rodrygo-26","status":"publish","type":"product","link":"https:\/\/www.billigtrikotde.com\/fr\/herren-brasilien-fifa-wm-katar-2022-heimtrikot-gelb-kurzarm-mit-namen-rodrygo-26\/","title":{"rendered":"Maillot domicile pour hommes du Br\u00e9sil \u00e0 la Coupe du Monde FIFA Qatar 2022 en jaune \u00e0 manches courtes avec le nom RODRYGO 26"},"content":{"rendered":"<p>Les couleurs du maillot domicile Nike Br\u00e9sil 2022 pour la Coupe du Monde rappellent celles du maillot du champion du monde de 2002 \u2013 cela peut \u00eatre consid\u00e9r\u00e9 comme un hommage au 20e anniversaire de sa sortie. Le maillot Nike Br\u00e9sil 2022 est bas\u00e9 sur le mod\u00e8le Nike 2022 Coupe du Monde \/ 22-23, dont nous avons d\u00e9j\u00e0 vu quelques exemples chez les clubs phares de la marque. Il utilise le m\u00eame mod\u00e8le que le maillot Chelsea 22-23.<\/p>\n<p>Conseils pour l'impression : Si le nom et le num\u00e9ro figurant sur l'image correspondent exactement \u00e0 ce que vous souhaitez, vous ne devez pas les saisir \u00e0 nouveau. Si ce n'est pas le cas, vous devez saisir le nom et le num\u00e9ro que vous souhaitez.<\/p>\n<p>Conseils pour le lavage : Il est recommand\u00e9 de laver les maillots de football \u00e0 la main. Si vous souhaitez utiliser la machine \u00e0 laver, pensez \u00e0 retourner les maillots de football avant de les laver. Remplissez la machine avec de l'eau froide et utilisez un cycle de lavage d\u00e9licat pour mieux prot\u00e9ger les couleurs.<\/p>","protected":false},"excerpt":{"rendered":"<p>Les couleurs du maillot domicile Nike du Br\u00e9sil 2022 pour la Coupe du Monde rappellent le maillot du champion du monde de 2002 \u2013 il peut \u00eatre consid\u00e9r\u00e9 comme un hommage au 20e anniversaire de sa sortie. Le maillot Nike Br\u00e9sil 2022 est bas\u00e9 sur le mod\u00e8le Nike 2022 Coupe du Monde \/ 22-23, dont nous avons d\u00e9j\u00e0 quelques exemples chez les clubs de haut niveau [\u2026]<\/p>","protected":false},"featured_media":10057,"comment_status":"open","ping_status":"closed","template":"","meta":[],"product_brand":[],"product_cat":[112],"product_tag":[20,113,114,405,407,222,21,22,23,24],"class_list":{"0":"post-10016","1":"product","2":"type-product","3":"status-publish","4":"has-post-thumbnail","6":"product_cat-brasilien-trikots","7":"product_tag-coole-fussballtrikots","8":"product_tag-brasilien-heimtrikot","9":"product_tag-brasilien-trikots","10":"product_tag-fifa-wm-katar-2022","11":"product_tag-fifa-wm-katar-2022-trikot","12":"product_tag-fussball-wm-2022-trikots","13":"product_tag-fussballtrikot-fuer-herren","14":"product_tag-fussballtrikot-guenstig-kaufen","15":"product_tag-fussballtrikot-kurzarm","16":"product_tag-guenstiges-fussballtrikot","18":"first","19":"instock","20":"shipping-taxable","21":"purchasable","22":"product-type-variable"},"_links":{"self":[{"href":"https:\/\/www.billigtrikotde.com\/fr\/wp-json\/wp\/v2\/product\/10016","targetHints":{"allow":["GET"]}}],"collection":[{"href":"https:\/\/www.billigtrikotde.com\/fr\/wp-json\/wp\/v2\/product"}],"about":[{"href":"https:\/\/www.billigtrikotde.com\/fr\/wp-json\/wp\/v2\/types\/product"}],"replies":[{"embeddable":true,"href":"https:\/\/www.billigtrikotde.com\/fr\/wp-json\/wp\/v2\/comments?post=10016"}],"wp:featuredmedia":[{"embeddable":true,"href":"https:\/\/www.billigtrikotde.com\/fr\/wp-json\/wp\/v2\/media\/10057"}],"wp:attachment":[{"href":"https:\/\/www.billigtrikotde.com\/fr\/wp-json\/wp\/v2\/media?parent=10016"}],"wp:term":[{"taxonomy":"product_brand","embeddable":true,"href":"https:\/\/www.billigtrikotde.com\/fr\/wp-json\/wp\/v2\/product_brand?post=10016"},{"taxonomy":"product_cat","embeddable":true,"href":"https:\/\/www.billigtrikotde.com\/fr\/wp-json\/wp\/v2\/product_cat?post=10016"},{"taxonomy":"product_tag","embeddable":true,"href":"https:\/\/www.billigtrikotde.com\/fr\/wp-json\/wp\/v2\/product_tag?post=10016"}],"curies":[{"name":"wp","href":"https:\/\/api.w.org\/{rel}","templated":true}]}}