{"id":9895,"date":"2024-10-24T02:50:29","date_gmt":"2024-10-24T00:50:29","guid":{"rendered":"http:\/\/billigtrikots.com\/?post_type=product&#038;p=9895"},"modified":"2024-10-24T02:52:42","modified_gmt":"2024-10-24T00:52:42","slug":"brasilien-fifa-wm-katar-2022-auswaertstrikot-blau-kurzarm-online-kaufen","status":"publish","type":"product","link":"https:\/\/www.billigtrikotde.com\/es\/brasilien-fifa-wm-katar-2022-auswaertstrikot-blau-kurzarm-online-kaufen\/","title":{"rendered":"Brasil Copa Mundial de la FIFA Qatar 2022 Away Jersey Azul Manga Corta Comprar en L\u00ednea"},"content":{"rendered":"<p>La camiseta visitante Nike de la Copa Mundial de la FIFA Brasil 2022 combina un color base azul con un swoosh verde claro.<\/p>\n<p>Consejos para la impresi\u00f3n: Si el nombre y el n\u00famero que aparecen en la imagen son exactamente los que desea, no es necesario que los vuelva a introducir. En caso contrario, deber\u00e1 introducir el nombre y el n\u00famero que desee.<\/p>\n<p>Consejos de lavado: Se recomienda lavar las camisetas de f\u00fatbol a mano. Si desea utilizar la lavadora, recuerde poner las camisetas de f\u00fatbol del rev\u00e9s y luego lavarlas. Llena la lavadora con agua fr\u00eda y utiliza un ciclo delicado para proteger mejor los colores.<\/p>","protected":false},"excerpt":{"rendered":"<p>Das Nike Brasilien 2022 World Cup Ausw\u00e4rtstrikot kombiniert eine blaue Grundfarbe mit hellgr\u00fcnem Swoosh. Tipps zum Drucken: Wenn der Name und die Nummer auf dem Bild genau Ihren W\u00fcnschen entsprechen, m\u00fcssen Sie sie nicht erneut eingeben. Wenn nicht, sollten Sie Ihren gew\u00fcnschten Namen und Ihre Nummer eingeben. Tipps zum Waschen: Es wird empfohlen, Fu\u00dfballtrikots von [&hellip;]<\/p>","protected":false},"featured_media":9935,"comment_status":"open","ping_status":"closed","template":"","meta":[],"product_brand":[],"product_cat":[112],"product_tag":[20,210,114,405,407,222,21,22,23,24],"class_list":{"0":"post-9895","1":"product","2":"type-product","3":"status-publish","4":"has-post-thumbnail","6":"product_cat-brasilien-trikots","7":"product_tag-coole-fussballtrikots","8":"product_tag-brasilien-auswaertstrikot","9":"product_tag-brasilien-trikots","10":"product_tag-fifa-wm-katar-2022","11":"product_tag-fifa-wm-katar-2022-trikot","12":"product_tag-fussball-wm-2022-trikots","13":"product_tag-fussballtrikot-fuer-herren","14":"product_tag-fussballtrikot-guenstig-kaufen","15":"product_tag-fussballtrikot-kurzarm","16":"product_tag-guenstiges-fussballtrikot","18":"first","19":"instock","20":"shipping-taxable","21":"purchasable","22":"product-type-variable"},"_links":{"self":[{"href":"https:\/\/www.billigtrikotde.com\/es\/wp-json\/wp\/v2\/product\/9895","targetHints":{"allow":["GET"]}}],"collection":[{"href":"https:\/\/www.billigtrikotde.com\/es\/wp-json\/wp\/v2\/product"}],"about":[{"href":"https:\/\/www.billigtrikotde.com\/es\/wp-json\/wp\/v2\/types\/product"}],"replies":[{"embeddable":true,"href":"https:\/\/www.billigtrikotde.com\/es\/wp-json\/wp\/v2\/comments?post=9895"}],"wp:featuredmedia":[{"embeddable":true,"href":"https:\/\/www.billigtrikotde.com\/es\/wp-json\/wp\/v2\/media\/9935"}],"wp:attachment":[{"href":"https:\/\/www.billigtrikotde.com\/es\/wp-json\/wp\/v2\/media?parent=9895"}],"wp:term":[{"taxonomy":"product_brand","embeddable":true,"href":"https:\/\/www.billigtrikotde.com\/es\/wp-json\/wp\/v2\/product_brand?post=9895"},{"taxonomy":"product_cat","embeddable":true,"href":"https:\/\/www.billigtrikotde.com\/es\/wp-json\/wp\/v2\/product_cat?post=9895"},{"taxonomy":"product_tag","embeddable":true,"href":"https:\/\/www.billigtrikotde.com\/es\/wp-json\/wp\/v2\/product_tag?post=9895"}],"curies":[{"name":"wp","href":"https:\/\/api.w.org\/{rel}","templated":true}]}}