{"id":9838,"date":"2024-10-24T02:47:33","date_gmt":"2024-10-24T00:47:33","guid":{"rendered":"http:\/\/billigtrikots.com\/?post_type=product&#038;p=9838"},"modified":"2024-10-24T02:49:49","modified_gmt":"2024-10-24T00:49:49","slug":"neuen-frankreich-fifa-wm-katar-2022-marineblau-heimtrikot-kurzarm-lloris-1","status":"publish","type":"product","link":"https:\/\/www.billigtrikotde.com\/es\/neuen-frankreich-fifa-wm-katar-2022-marineblau-heimtrikot-kurzarm-lloris-1\/","title":{"rendered":"Nuecamers Francia FIFA WM Catar 2022 azul marino Home trikot Manga corta LLORIS 1"},"content":{"rendered":"<p>La camiseta Nike de Francia 2022 para la Copa Mundial es la primera en 10 a\u00f1os que presenta aplicaciones doradas. Es principalmente azul marino con logotipos dorados y posiblemente algunos detalles dorados.<\/p>\n<p>Consejos para la impresi\u00f3n: Si el nombre y el n\u00famero que aparecen en la imagen son exactamente los que desea, no es necesario que los vuelva a introducir. En caso contrario, deber\u00e1 introducir el nombre y el n\u00famero que desee.<\/p>\n<p>Consejos de lavado: Se recomienda lavar las camisetas de f\u00fatbol a mano. Si desea utilizar la lavadora, recuerde poner las camisetas de f\u00fatbol del rev\u00e9s y luego lavarlas. Llena la lavadora con agua fr\u00eda y utiliza un ciclo delicado para proteger mejor los colores.<\/p>","protected":false},"excerpt":{"rendered":"<p>La camiseta de la Copa del Mundo de Nike Francia 2022 es la primera en 10 a\u00f1os que presenta aplicaciones doradas. Es principalmente azul marino con logotipos dorados y posiblemente algunos detalles dorados. Consejos para la impresi\u00f3n: si el nombre y el n\u00famero en la imagen coinciden exactamente con tus deseos, no necesitas ingresarlos nuevamente. Si no, deber\u00edas ingresar los que deseas [\u2026]<\/p>","protected":false},"featured_media":9878,"comment_status":"open","ping_status":"closed","template":"","meta":[],"product_brand":[],"product_cat":[117],"product_tag":[20,398,121,119,389,21,22,23,24],"class_list":{"0":"post-9838","1":"product","2":"type-product","3":"status-publish","4":"has-post-thumbnail","6":"product_cat-frankreich-trikots","7":"product_tag-coole-fussballtrikots","8":"product_tag-frankreich-2022-weltmeisterschaft-trikot","9":"product_tag-frankreich-heimtrikot","10":"product_tag-frankreich-trikots","11":"product_tag-fussball-wm-2022-trikot","12":"product_tag-fussballtrikot-fuer-herren","13":"product_tag-fussballtrikot-guenstig-kaufen","14":"product_tag-fussballtrikot-kurzarm","15":"product_tag-guenstiges-fussballtrikot","17":"first","18":"instock","19":"shipping-taxable","20":"purchasable","21":"product-type-variable"},"_links":{"self":[{"href":"https:\/\/www.billigtrikotde.com\/es\/wp-json\/wp\/v2\/product\/9838","targetHints":{"allow":["GET"]}}],"collection":[{"href":"https:\/\/www.billigtrikotde.com\/es\/wp-json\/wp\/v2\/product"}],"about":[{"href":"https:\/\/www.billigtrikotde.com\/es\/wp-json\/wp\/v2\/types\/product"}],"replies":[{"embeddable":true,"href":"https:\/\/www.billigtrikotde.com\/es\/wp-json\/wp\/v2\/comments?post=9838"}],"wp:featuredmedia":[{"embeddable":true,"href":"https:\/\/www.billigtrikotde.com\/es\/wp-json\/wp\/v2\/media\/9878"}],"wp:attachment":[{"href":"https:\/\/www.billigtrikotde.com\/es\/wp-json\/wp\/v2\/media?parent=9838"}],"wp:term":[{"taxonomy":"product_brand","embeddable":true,"href":"https:\/\/www.billigtrikotde.com\/es\/wp-json\/wp\/v2\/product_brand?post=9838"},{"taxonomy":"product_cat","embeddable":true,"href":"https:\/\/www.billigtrikotde.com\/es\/wp-json\/wp\/v2\/product_cat?post=9838"},{"taxonomy":"product_tag","embeddable":true,"href":"https:\/\/www.billigtrikotde.com\/es\/wp-json\/wp\/v2\/product_tag?post=9838"}],"curies":[{"name":"wp","href":"https:\/\/api.w.org\/{rel}","templated":true}]}}