{"id":9750,"date":"2024-10-24T02:43:14","date_gmt":"2024-10-24T00:43:14","guid":{"rendered":"http:\/\/billigtrikots.com\/?post_type=product&#038;p=9750"},"modified":"2024-10-24T02:45:34","modified_gmt":"2024-10-24T00:45:34","slug":"mexiko-fifa-wm-katar-2022-heimtrikot-gruen-kurzarm-mit-namen-h-herrera-16","status":"publish","type":"product","link":"https:\/\/www.billigtrikotde.com\/es\/mexiko-fifa-wm-katar-2022-heimtrikot-gruen-kurzarm-mit-namen-h-herrera-16\/","title":{"rendered":"M\u00e9xico FIFA WM Catar 2022 Camiseta local verde de manga corta con nombre H.HERRERA 16"},"content":{"rendered":"<p>Es la primera vez en muchos a\u00f1os que M\u00e9xico tendr\u00e1 una camiseta verde. La camiseta del Mundial de M\u00e9xico 2018 era verde y un partido amistoso contra Argentina en ese mismo a\u00f1o fue la \u00faltima vez que la selecci\u00f3n mexicana llev\u00f3 una camiseta verde. La camiseta de Olimpiadas, que llev\u00f3 el equipo nacional U24 este verano y que no fue fabricada por Adidas [...]<br \/>\nLa camiseta de la Copa del Mundo de M\u00e9xico 2022 de Adidas es verde con pantalones blancos y calcetines rojos, devolviendo as\u00ed los colores ic\u00f3nicos de M\u00e9xico.<\/p>\n<p>La caracter\u00edstica de dise\u00f1o m\u00e1s importante de la camiseta local de M\u00e9xico 2022 es un sutil estampado gr\u00e1fico en la parte superior y en las mangas, inspirado en Quetzalcoatl.<br \/>\nEn la cultura mexicana, Quetzalcoatl es el dios del viento, patr\u00f3n protector de los sacerdotes y creador de calendarios y libros. Ocasionalmente, tambi\u00e9n se le representa como s\u00edmbolo de la muerte y la resurrecci\u00f3n. Un gr\u00e1fico de Quetzalcoatl tambi\u00e9n se encuentra en la parte trasera, debajo del cuello.<\/p>\n<p>Consejos para la impresi\u00f3n: Si el nombre y el n\u00famero que aparecen en la imagen son exactamente los que desea, no es necesario que los vuelva a introducir. En caso contrario, deber\u00e1 introducir el nombre y el n\u00famero que desee.<\/p>\n<p>Consejos de lavado: Se recomienda lavar las camisetas de f\u00fatbol a mano. Si desea utilizar la lavadora, recuerde poner las camisetas de f\u00fatbol del rev\u00e9s y luego lavarlas. Llena la lavadora con agua fr\u00eda y utiliza un ciclo delicado para proteger mejor los colores.<\/p>","protected":false},"excerpt":{"rendered":"<p>Es la primera vez en muchos a\u00f1os que M\u00e9xico tendr\u00e1 una camiseta verde. La camiseta del Mundial de M\u00e9xico 2018 era verde y un partido amistoso contra Argentina en ese mismo a\u00f1o fue la \u00faltima vez que la selecci\u00f3n mexicana llev\u00f3 una camiseta verde. La camiseta de Olimpiadas, que llev\u00f3 el equipo nacional U24 este verano y que no fue fabricada por Adidas [...]<\/p>","protected":false},"featured_media":9784,"comment_status":"open","ping_status":"closed","template":"","meta":[],"product_brand":[],"product_cat":[251],"product_tag":[20,405,21,22,23,24,252,406,253],"class_list":{"0":"post-9750","1":"product","2":"type-product","3":"status-publish","4":"has-post-thumbnail","6":"product_cat-mexiko-trikots","7":"product_tag-coole-fussballtrikots","8":"product_tag-fifa-wm-katar-2022","9":"product_tag-fussballtrikot-fuer-herren","10":"product_tag-fussballtrikot-guenstig-kaufen","11":"product_tag-fussballtrikot-kurzarm","12":"product_tag-guenstiges-fussballtrikot","13":"product_tag-mexiko-2022-trikots","14":"product_tag-mexiko-2022-wm-heimtrikot","15":"product_tag-mexiko-heimtrikot","17":"first","18":"instock","19":"shipping-taxable","20":"purchasable","21":"product-type-variable"},"_links":{"self":[{"href":"https:\/\/www.billigtrikotde.com\/es\/wp-json\/wp\/v2\/product\/9750","targetHints":{"allow":["GET"]}}],"collection":[{"href":"https:\/\/www.billigtrikotde.com\/es\/wp-json\/wp\/v2\/product"}],"about":[{"href":"https:\/\/www.billigtrikotde.com\/es\/wp-json\/wp\/v2\/types\/product"}],"replies":[{"embeddable":true,"href":"https:\/\/www.billigtrikotde.com\/es\/wp-json\/wp\/v2\/comments?post=9750"}],"wp:featuredmedia":[{"embeddable":true,"href":"https:\/\/www.billigtrikotde.com\/es\/wp-json\/wp\/v2\/media\/9784"}],"wp:attachment":[{"href":"https:\/\/www.billigtrikotde.com\/es\/wp-json\/wp\/v2\/media?parent=9750"}],"wp:term":[{"taxonomy":"product_brand","embeddable":true,"href":"https:\/\/www.billigtrikotde.com\/es\/wp-json\/wp\/v2\/product_brand?post=9750"},{"taxonomy":"product_cat","embeddable":true,"href":"https:\/\/www.billigtrikotde.com\/es\/wp-json\/wp\/v2\/product_cat?post=9750"},{"taxonomy":"product_tag","embeddable":true,"href":"https:\/\/www.billigtrikotde.com\/es\/wp-json\/wp\/v2\/product_tag?post=9750"}],"curies":[{"name":"wp","href":"https:\/\/api.w.org\/{rel}","templated":true}]}}