{"id":9697,"date":"2024-10-24T02:40:22","date_gmt":"2024-10-24T00:40:22","guid":{"rendered":"http:\/\/billigtrikots.com\/?post_type=product&#038;p=9697"},"modified":"2024-10-24T02:42:34","modified_gmt":"2024-10-24T00:42:34","slug":"herren-mexiko-fifa-wm-katar-2022-auswaertstrikot-weiss-rot-kurzarm-c-vela-11","status":"publish","type":"product","link":"https:\/\/www.billigtrikotde.com\/es\/herren-mexiko-fifa-wm-katar-2022-auswaertstrikot-weiss-rot-kurzarm-c-vela-11\/","title":{"rendered":"Camiseta de visitante de M\u00e9xico para la Copa del Mundo FIFA Catar 2022, camiseta blanca y roja de manga corta C.VELA 11"},"content":{"rendered":"<p>Invoca tu esp\u00edritu de lucha para llegar a la m\u00e1xima expresi\u00f3n del f\u00fatbol. Para ello, hemos equipado esta camiseta de visitante de adidas M\u00e9xico para ni\u00f1os y adolescentes con un dise\u00f1o inspirado en las Mixtecas y las deidades aztecas. En medio de este llamativo dise\u00f1o de impresi\u00f3n total tambi\u00e9n se encuentra el cuerpo de serpiente de Quetzalcoatl, una representaci\u00f3n de las habilidades f\u00edsicas de la humanidad. Las inserciones de malla y la tecnolog\u00eda absorbente de humedad AEROREADY garantizan adem\u00e1s una sensaci\u00f3n de comodidad al llevarla. Y el nuevo escudo del club hace una declaraci\u00f3n de tu amor por el equipo.<\/p>\n<p>Consejos para la impresi\u00f3n: Si el nombre y el n\u00famero que aparecen en la imagen son exactamente los que desea, no es necesario que los vuelva a introducir. En caso contrario, deber\u00e1 introducir el nombre y el n\u00famero que desee.<\/p>\n<p>Consejos de lavado: Se recomienda lavar las camisetas de f\u00fatbol a mano. Si desea utilizar la lavadora, recuerde poner las camisetas de f\u00fatbol del rev\u00e9s y luego lavarlas. Llena la lavadora con agua fr\u00eda y utiliza un ciclo delicado para proteger mejor los colores.<\/p>","protected":false},"excerpt":{"rendered":"<p>Invoca tu esp\u00edritu de lucha para llegar a la m\u00e1xima expresi\u00f3n del f\u00fatbol. Para ello, hemos dado a esta camiseta de f\u00fatbol visitante de M\u00e9xico para ni\u00f1os y adolescentes un aspecto inspirado en Mixtecas y deidades aztecas. En medio de este llamativo dise\u00f1o de toda la prenda tambi\u00e9n se encuentra el cuerpo de serpiente de Quetzalcoatl, una representaci\u00f3n de las habilidades f\u00edsicas de la humanidad. Las inserciones de malla y la absorci\u00f3n de humedad [\u2026]<\/p>","protected":false},"featured_media":9735,"comment_status":"open","ping_status":"closed","template":"","meta":[],"product_brand":[],"product_cat":[251],"product_tag":[20,405,21,22,23,24,252,360,364],"class_list":{"0":"post-9697","1":"product","2":"type-product","3":"status-publish","4":"has-post-thumbnail","6":"product_cat-mexiko-trikots","7":"product_tag-coole-fussballtrikots","8":"product_tag-fifa-wm-katar-2022","9":"product_tag-fussballtrikot-fuer-herren","10":"product_tag-fussballtrikot-guenstig-kaufen","11":"product_tag-fussballtrikot-kurzarm","12":"product_tag-guenstiges-fussballtrikot","13":"product_tag-mexiko-2022-trikots","14":"product_tag-mexiko-2022-wm-auswaertstrikot","15":"product_tag-mexiko-auswaertstrikot","17":"first","18":"instock","19":"shipping-taxable","20":"purchasable","21":"product-type-variable"},"_links":{"self":[{"href":"https:\/\/www.billigtrikotde.com\/es\/wp-json\/wp\/v2\/product\/9697","targetHints":{"allow":["GET"]}}],"collection":[{"href":"https:\/\/www.billigtrikotde.com\/es\/wp-json\/wp\/v2\/product"}],"about":[{"href":"https:\/\/www.billigtrikotde.com\/es\/wp-json\/wp\/v2\/types\/product"}],"replies":[{"embeddable":true,"href":"https:\/\/www.billigtrikotde.com\/es\/wp-json\/wp\/v2\/comments?post=9697"}],"wp:featuredmedia":[{"embeddable":true,"href":"https:\/\/www.billigtrikotde.com\/es\/wp-json\/wp\/v2\/media\/9735"}],"wp:attachment":[{"href":"https:\/\/www.billigtrikotde.com\/es\/wp-json\/wp\/v2\/media?parent=9697"}],"wp:term":[{"taxonomy":"product_brand","embeddable":true,"href":"https:\/\/www.billigtrikotde.com\/es\/wp-json\/wp\/v2\/product_brand?post=9697"},{"taxonomy":"product_cat","embeddable":true,"href":"https:\/\/www.billigtrikotde.com\/es\/wp-json\/wp\/v2\/product_cat?post=9697"},{"taxonomy":"product_tag","embeddable":true,"href":"https:\/\/www.billigtrikotde.com\/es\/wp-json\/wp\/v2\/product_tag?post=9697"}],"curies":[{"name":"wp","href":"https:\/\/api.w.org\/{rel}","templated":true}]}}