{"id":9673,"date":"2024-10-24T02:39:09","date_gmt":"2024-10-24T00:39:09","guid":{"rendered":"http:\/\/billigtrikots.com\/?post_type=product&#038;p=9673"},"modified":"2024-10-24T02:41:21","modified_gmt":"2024-10-24T00:41:21","slug":"herren-italien-trikots-2022-23-heimtrikot-blau-kurzarm-mit-aufdruck-insigne-10","status":"publish","type":"product","link":"https:\/\/www.billigtrikotde.com\/es\/herren-italien-trikots-2022-23-heimtrikot-blau-kurzarm-mit-aufdruck-insigne-10\/","title":{"rendered":"Camisetas Hombre Italia 2022-23 Home Jersey Azul Manga Corta con Estampado INSIGNE 10"},"content":{"rendered":"<p>La camiseta local de la Squadra Azzurra 2022 se presenta en azul cl\u00e1sico. Los cuatro cuadrados en la parte frontal de la camiseta representan a cada generaci\u00f3n campeona del mundo de Italia. Cada cuadrado hace referencia a un triunfo en la Copa del Mundo de los a\u00f1os 1934, 1938, 1982 y 2006. Detalles dorados, as\u00ed como el cuello, que est\u00e1 hecho con los colores de la tricolor italiana, completan la camiseta.<\/p>\n<p>La camiseta de PUMA en azul te permite lucir los colores de tu equipo favorito y mostrar a todos por qu\u00e9 late tu coraz\u00f3n. En ninguna colecci\u00f3n de fans puede faltar esta camiseta de Italia. Su funcionamiento transpirable, ligera, que aleja el sudor y es s\u00faper c\u00f3moda, la hace destacar. Con esta camiseta puedes confiar en el logo de la federaci\u00f3n en el pecho. Con esta camiseta puedes prepararte de manera ideal para tu pr\u00f3ximo rival.<\/p>\n<p>Consejos para la impresi\u00f3n: Si el nombre y el n\u00famero que aparecen en la imagen son exactamente los que desea, no es necesario que los vuelva a introducir. En caso contrario, deber\u00e1 introducir el nombre y el n\u00famero que desee.<\/p>\n<p>Consejos de lavado: Se recomienda lavar las camisetas de f\u00fatbol a mano. Si desea utilizar la lavadora, recuerde poner las camisetas de f\u00fatbol del rev\u00e9s y luego lavarlas. Llena la lavadora con agua fr\u00eda y utiliza un ciclo delicado para proteger mejor los colores.<\/p>","protected":false},"excerpt":{"rendered":"<p>La camiseta local de la Squadra Azzurra 2022 se presenta en azul cl\u00e1sico. Los cuatro cuadrados en la parte frontal de la camiseta representan a cada generaci\u00f3n campeona del mundo de Italia. Cada cuadrado hace referencia a un triunfo en la Copa del Mundo de los a\u00f1os 1934, 1938, 1982 y 2006. Detalles dorados, as\u00ed como el cuello, que est\u00e1 hecho con los colores de la tricolor italiana, completan la camiseta.<\/p>","protected":false},"featured_media":9712,"comment_status":"open","ping_status":"closed","template":"","meta":[],"product_brand":[],"product_cat":[316],"product_tag":[20,21,22,23,24,404,317,318],"class_list":{"0":"post-9673","1":"product","2":"type-product","3":"status-publish","4":"has-post-thumbnail","6":"product_cat-italien-trikots","7":"product_tag-coole-fussballtrikots","8":"product_tag-fussballtrikot-fuer-herren","9":"product_tag-fussballtrikot-guenstig-kaufen","10":"product_tag-fussballtrikot-kurzarm","11":"product_tag-guenstiges-fussballtrikot","12":"product_tag-herren-italien-trikots","13":"product_tag-italien-heimtrikot","14":"product_tag-italien-trikots","16":"first","17":"instock","18":"shipping-taxable","19":"purchasable","20":"product-type-variable"},"_links":{"self":[{"href":"https:\/\/www.billigtrikotde.com\/es\/wp-json\/wp\/v2\/product\/9673","targetHints":{"allow":["GET"]}}],"collection":[{"href":"https:\/\/www.billigtrikotde.com\/es\/wp-json\/wp\/v2\/product"}],"about":[{"href":"https:\/\/www.billigtrikotde.com\/es\/wp-json\/wp\/v2\/types\/product"}],"replies":[{"embeddable":true,"href":"https:\/\/www.billigtrikotde.com\/es\/wp-json\/wp\/v2\/comments?post=9673"}],"wp:featuredmedia":[{"embeddable":true,"href":"https:\/\/www.billigtrikotde.com\/es\/wp-json\/wp\/v2\/media\/9712"}],"wp:attachment":[{"href":"https:\/\/www.billigtrikotde.com\/es\/wp-json\/wp\/v2\/media?parent=9673"}],"wp:term":[{"taxonomy":"product_brand","embeddable":true,"href":"https:\/\/www.billigtrikotde.com\/es\/wp-json\/wp\/v2\/product_brand?post=9673"},{"taxonomy":"product_cat","embeddable":true,"href":"https:\/\/www.billigtrikotde.com\/es\/wp-json\/wp\/v2\/product_cat?post=9673"},{"taxonomy":"product_tag","embeddable":true,"href":"https:\/\/www.billigtrikotde.com\/es\/wp-json\/wp\/v2\/product_tag?post=9673"}],"curies":[{"name":"wp","href":"https:\/\/api.w.org\/{rel}","templated":true}]}}