{"id":962,"date":"2024-10-23T13:10:48","date_gmt":"2024-10-23T11:10:48","guid":{"rendered":"http:\/\/billigtrikots.com\/?post_type=product&#038;p=962"},"modified":"2024-10-23T13:12:38","modified_gmt":"2024-10-23T11:12:38","slug":"real-madrid-heimtrikot-2022-weiss-langarm-trikotsatz-mit-aufdruck-carvajal-2","status":"publish","type":"product","link":"https:\/\/www.billigtrikotde.com\/es\/real-madrid-heimtrikot-2022-weiss-langarm-trikotsatz-mit-aufdruck-carvajal-2\/","title":{"rendered":"Real Madrid Home Jersey 2022 blanco manga larga kit con impresi\u00f3n Carvajal 2"},"content":{"rendered":"<p>Apoya a tu equipo favorito hasta el final con la nueva camiseta local de hombre de los \"Royals\". Es de color blanco brillante y est\u00e1 decorada con los detalles de la marca a-didas, as\u00ed como con las letras del patrocinador, y luce el orgulloso escudo del club con los colores aut\u00e9nticos del equipo en el lado del coraz\u00f3n.<\/p>\n<p>Fabricado con material AEROREADY altamente funcional, el maillot oficial tambi\u00e9n te ofrece una excelente gesti\u00f3n del calor y la humedad. Su tacto suave y ligero sobre la piel y su secado especialmente r\u00e1pido garantizan un confort \u00f3ptimo en todo momento. Las zonas transpirables tambi\u00e9n garantizan una ventilaci\u00f3n \u00f3ptima. Adem\u00e1s, el corte de la r\u00e9plica es ligeramente m\u00e1s ancho que el de la camiseta de jugador original, la versi\u00f3n streetwear, por as\u00ed decirlo, y por lo tanto te ofrece la m\u00e1xima libertad de movimiento tanto cuando animas a los aficionados como en tus propios entrenamientos. El poli\u00e9ster reciclado 100% no s\u00f3lo es duradero y resistente, sino tambi\u00e9n muy sostenible.<\/p>\n<p>No esperes m\u00e1s y hazte ya con ella. Hazte hoy mismo con la popular camiseta a-didas Real Madrid home 2021\/22 de hombre en color blanco brillante. Con ella, no dejar\u00e1s ninguna duda sobre tu lealtad y \u00a1apoyar\u00e1s a tu equipo con todo tu coraz\u00f3n!<\/p>\n<p>Consejos para la impresi\u00f3n: Si el nombre y el n\u00famero que aparecen en la imagen son exactamente los que desea, no es necesario que los vuelva a introducir. En caso contrario, deber\u00e1 introducir el nombre y el n\u00famero que desee.<\/p>\n<p>Consejos de lavado: Se recomienda lavar las camisetas de f\u00fatbol a mano. Si desea utilizar la lavadora, recuerde poner las camisetas de f\u00fatbol del rev\u00e9s y luego lavarlas. Llena la lavadora con agua fr\u00eda y utiliza un ciclo delicado para proteger mejor los colores.<\/p>","protected":false},"excerpt":{"rendered":"<p>En la nueva camiseta de local de hombre de los 'Reales', apoyas a tu equipo favorito en toda regla. Se presenta en un brillante blanco y est\u00e1 adornada con detalles de marca a-didas, as\u00ed como con el logotipo del patrocinador, y en el lado del coraz\u00f3n lleva el orgulloso escudo del club en los colores aut\u00e9nticos del equipo. Fabricada con material altamente funcional AEROREADY, la camiseta oficial tambi\u00e9n te ofrece un rendimiento excelente [...]<\/p>","protected":false},"featured_media":1006,"comment_status":"open","ping_status":"closed","template":"","meta":[],"product_brand":[],"product_cat":[45],"product_tag":[20,38,21,24,47],"class_list":{"0":"post-962","1":"product","2":"type-product","3":"status-publish","4":"has-post-thumbnail","6":"product_cat-real-madrid","7":"product_tag-coole-fussballtrikots","8":"product_tag-fussball-trikot-langarm","9":"product_tag-fussballtrikot-fuer-herren","10":"product_tag-guenstiges-fussballtrikot","11":"product_tag-real-madrid-trikots","13":"first","14":"instock","15":"shipping-taxable","16":"purchasable","17":"product-type-variable"},"_links":{"self":[{"href":"https:\/\/www.billigtrikotde.com\/es\/wp-json\/wp\/v2\/product\/962","targetHints":{"allow":["GET"]}}],"collection":[{"href":"https:\/\/www.billigtrikotde.com\/es\/wp-json\/wp\/v2\/product"}],"about":[{"href":"https:\/\/www.billigtrikotde.com\/es\/wp-json\/wp\/v2\/types\/product"}],"replies":[{"embeddable":true,"href":"https:\/\/www.billigtrikotde.com\/es\/wp-json\/wp\/v2\/comments?post=962"}],"wp:featuredmedia":[{"embeddable":true,"href":"https:\/\/www.billigtrikotde.com\/es\/wp-json\/wp\/v2\/media\/1006"}],"wp:attachment":[{"href":"https:\/\/www.billigtrikotde.com\/es\/wp-json\/wp\/v2\/media?parent=962"}],"wp:term":[{"taxonomy":"product_brand","embeddable":true,"href":"https:\/\/www.billigtrikotde.com\/es\/wp-json\/wp\/v2\/product_brand?post=962"},{"taxonomy":"product_cat","embeddable":true,"href":"https:\/\/www.billigtrikotde.com\/es\/wp-json\/wp\/v2\/product_cat?post=962"},{"taxonomy":"product_tag","embeddable":true,"href":"https:\/\/www.billigtrikotde.com\/es\/wp-json\/wp\/v2\/product_tag?post=962"}],"curies":[{"name":"wp","href":"https:\/\/api.w.org\/{rel}","templated":true}]}}