{"id":9615,"date":"2024-10-24T02:36:12","date_gmt":"2024-10-24T00:36:12","guid":{"rendered":"http:\/\/billigtrikots.com\/?post_type=product&#038;p=9615"},"modified":"2024-10-24T02:38:25","modified_gmt":"2024-10-24T00:38:25","slug":"2022-uefa-european-england-womens-euro-heimtrikot-kurzarm-mit-aufdruck-coady-16","status":"publish","type":"product","link":"https:\/\/www.billigtrikotde.com\/es\/2022-uefa-european-england-womens-euro-heimtrikot-kurzarm-mit-aufdruck-coady-16\/","title":{"rendered":"Camiseta de la Eurocopa de Inglaterra 2022 de manga corta con estampado COADY 16"},"content":{"rendered":"<p>La camiseta Nike de Inglaterra para mujer de la Eurocopa 2022 combina un color base blanco con llamativos logotipos iridiscentes: es la primera vez que una camiseta de Inglaterra presenta logotipos iridiscentes.Aparte de los logotipos iridiscentes, el dise\u00f1o de la camiseta Nike de Inglaterra para mujer de la Eurocopa 2022 es sutil. Est\u00e1 cubierta con un patr\u00f3n geom\u00e9trico brillante muy sutil.<\/p>\n<p>Consejos para la impresi\u00f3n: Si el nombre y el n\u00famero que aparecen en la imagen son exactamente los que desea, no es necesario que los vuelva a introducir. En caso contrario, deber\u00e1 introducir el nombre y el n\u00famero que desee.<\/p>\n<p>Consejos de lavado: Se recomienda lavar las camisetas de f\u00fatbol a mano. Si desea utilizar la lavadora, recuerde poner las camisetas de f\u00fatbol del rev\u00e9s y luego lavarlas. Llena la lavadora con agua fr\u00eda y utiliza un ciclo delicado para proteger mejor los colores.<\/p>","protected":false},"excerpt":{"rendered":"<p>La camiseta Nike de Inglaterra para mujer de la Eurocopa 2022 combina un color base blanco con llamativos logotipos iridiscentes: es la primera vez que una camiseta de Inglaterra presenta logotipos iridiscentes.Aparte de los logotipos iridiscentes, el dise\u00f1o de la camiseta Nike de Inglaterra para mujer de la Eurocopa 2022 es sutil. Est\u00e1 cubierta con un patr\u00f3n geom\u00e9trico brillante muy sutil.<\/p>","protected":false},"featured_media":9654,"comment_status":"open","ping_status":"closed","template":"","meta":[],"product_brand":[],"product_cat":[115],"product_tag":[20,402,116,218,403,21,22,23,24],"class_list":{"0":"post-9615","1":"product","2":"type-product","3":"status-publish","4":"has-post-thumbnail","6":"product_cat-england-trikots","7":"product_tag-coole-fussballtrikots","8":"product_tag-england-frauen-2022-trikot","9":"product_tag-england-heimtrikot","10":"product_tag-england-heimtrikot-euro-2022-damen","11":"product_tag-england-womens-euro-2022-trikot","12":"product_tag-fussballtrikot-fuer-herren","13":"product_tag-fussballtrikot-guenstig-kaufen","14":"product_tag-fussballtrikot-kurzarm","15":"product_tag-guenstiges-fussballtrikot","17":"first","18":"instock","19":"shipping-taxable","20":"purchasable","21":"product-type-variable"},"_links":{"self":[{"href":"https:\/\/www.billigtrikotde.com\/es\/wp-json\/wp\/v2\/product\/9615","targetHints":{"allow":["GET"]}}],"collection":[{"href":"https:\/\/www.billigtrikotde.com\/es\/wp-json\/wp\/v2\/product"}],"about":[{"href":"https:\/\/www.billigtrikotde.com\/es\/wp-json\/wp\/v2\/types\/product"}],"replies":[{"embeddable":true,"href":"https:\/\/www.billigtrikotde.com\/es\/wp-json\/wp\/v2\/comments?post=9615"}],"wp:featuredmedia":[{"embeddable":true,"href":"https:\/\/www.billigtrikotde.com\/es\/wp-json\/wp\/v2\/media\/9654"}],"wp:attachment":[{"href":"https:\/\/www.billigtrikotde.com\/es\/wp-json\/wp\/v2\/media?parent=9615"}],"wp:term":[{"taxonomy":"product_brand","embeddable":true,"href":"https:\/\/www.billigtrikotde.com\/es\/wp-json\/wp\/v2\/product_brand?post=9615"},{"taxonomy":"product_cat","embeddable":true,"href":"https:\/\/www.billigtrikotde.com\/es\/wp-json\/wp\/v2\/product_cat?post=9615"},{"taxonomy":"product_tag","embeddable":true,"href":"https:\/\/www.billigtrikotde.com\/es\/wp-json\/wp\/v2\/product_tag?post=9615"}],"curies":[{"name":"wp","href":"https:\/\/api.w.org\/{rel}","templated":true}]}}