{"id":9591,"date":"2024-10-24T02:35:01","date_gmt":"2024-10-24T00:35:01","guid":{"rendered":"http:\/\/billigtrikots.com\/?post_type=product&#038;p=9591"},"modified":"2024-10-24T02:37:13","modified_gmt":"2024-10-24T00:37:13","slug":"2022-uefa-european-womens-football-championship-england-heimtrikot-euro-damen-maguire-6","status":"publish","type":"product","link":"https:\/\/www.billigtrikotde.com\/es\/2022-uefa-european-womens-football-championship-england-heimtrikot-euro-damen-maguire-6\/","title":{"rendered":"2022 Campeonato de Europa de F\u00fatbol Femenino de la UEFA Inglaterra Home Shirt EURO Ladies MAGUIRE 6"},"content":{"rendered":"<p>Dise\u00f1adas exclusivamente para las Leonas, las equipaciones Nike de Inglaterra 2022 para el Campeonato de Europa de F\u00fatbol Femenino de la UEFA tienen logotipos iridiscentes. Los colores de cada equipaci\u00f3n son bastante atrevidos para una selecci\u00f3n nacional de Inglaterra.<\/p>\n<p>La camiseta de f\u00fatbol local Nike England Women's Euro 2022 combina una base blanca con llamativos logotipos iridiscentes; si no nos equivocamos, ser\u00e1 la primera vez que una equipaci\u00f3n de Inglaterra presente logotipos iridiscentes.<\/p>","protected":false},"excerpt":{"rendered":"<p>Exclusively designed for the Lionesses, the Nike England 2022 UEFA European Women\u2019s Football Championship kits have iridescent logos. The colors of each kit are rather bold for an England national team. The Nike England Women\u2019s Euro 2022 home football shirt combines a white base with eye-catching iridescent logos \u2013 if we\u2019re not wrong this will [&hellip;]<\/p>","protected":false},"featured_media":9630,"comment_status":"open","ping_status":"closed","template":"","meta":[],"product_brand":[],"product_cat":[115],"product_tag":[20,116,218,21,22,23,24],"class_list":{"0":"post-9591","1":"product","2":"type-product","3":"status-publish","4":"has-post-thumbnail","6":"product_cat-england-trikots","7":"product_tag-coole-fussballtrikots","8":"product_tag-england-heimtrikot","9":"product_tag-england-heimtrikot-euro-2022-damen","10":"product_tag-fussballtrikot-fuer-herren","11":"product_tag-fussballtrikot-guenstig-kaufen","12":"product_tag-fussballtrikot-kurzarm","13":"product_tag-guenstiges-fussballtrikot","15":"first","16":"instock","17":"shipping-taxable","18":"purchasable","19":"product-type-variable"},"_links":{"self":[{"href":"https:\/\/www.billigtrikotde.com\/es\/wp-json\/wp\/v2\/product\/9591","targetHints":{"allow":["GET"]}}],"collection":[{"href":"https:\/\/www.billigtrikotde.com\/es\/wp-json\/wp\/v2\/product"}],"about":[{"href":"https:\/\/www.billigtrikotde.com\/es\/wp-json\/wp\/v2\/types\/product"}],"replies":[{"embeddable":true,"href":"https:\/\/www.billigtrikotde.com\/es\/wp-json\/wp\/v2\/comments?post=9591"}],"wp:featuredmedia":[{"embeddable":true,"href":"https:\/\/www.billigtrikotde.com\/es\/wp-json\/wp\/v2\/media\/9630"}],"wp:attachment":[{"href":"https:\/\/www.billigtrikotde.com\/es\/wp-json\/wp\/v2\/media?parent=9591"}],"wp:term":[{"taxonomy":"product_brand","embeddable":true,"href":"https:\/\/www.billigtrikotde.com\/es\/wp-json\/wp\/v2\/product_brand?post=9591"},{"taxonomy":"product_cat","embeddable":true,"href":"https:\/\/www.billigtrikotde.com\/es\/wp-json\/wp\/v2\/product_cat?post=9591"},{"taxonomy":"product_tag","embeddable":true,"href":"https:\/\/www.billigtrikotde.com\/es\/wp-json\/wp\/v2\/product_tag?post=9591"}],"curies":[{"name":"wp","href":"https:\/\/api.w.org\/{rel}","templated":true}]}}