{"id":934,"date":"2024-10-23T13:09:45","date_gmt":"2024-10-23T11:09:45","guid":{"rendered":"http:\/\/billigtrikots.com\/?post_type=product&#038;p=934"},"modified":"2024-10-23T13:11:41","modified_gmt":"2024-10-23T11:11:41","slug":"real-madrid-herren-auswaertstrikot-2022-blau-weiss-mit-aufdruck-bale-18","status":"publish","type":"product","link":"https:\/\/www.billigtrikotde.com\/es\/real-madrid-herren-auswaertstrikot-2022-blau-weiss-mit-aufdruck-bale-18\/","title":{"rendered":"Camiseta de visitante del Real Madrid 2022 azul\/blanco con estampado Bale 18"},"content":{"rendered":"<p>No s\u00f3lo los profesionales del Real Madrid hacen m\u00e1s colorida la vida en la capital de Espa\u00f1a. Esta camiseta de f\u00fatbol de a-didas est\u00e1 inspirada en los grafitis de la escena art\u00edstica callejera de Madrid. Los sutiles detalles -uno de ellos en la zona del cuello- son prueba de ello. El suave material tambi\u00e9n est\u00e1 equipado con la tecnolog\u00eda AEROREADY que absorbe la humedad para una sensaci\u00f3n c\u00f3moda y seca.<\/p>\n<p>Consejos para la impresi\u00f3n: Si el nombre y el n\u00famero que aparecen en la imagen son exactamente los que desea, no es necesario que los vuelva a introducir. En caso contrario, deber\u00e1 introducir el nombre y el n\u00famero que desee.<\/p>\n<p>Consejos de lavado: Se recomienda lavar las camisetas de f\u00fatbol a mano. Si desea utilizar la lavadora, recuerde poner las camisetas de f\u00fatbol del rev\u00e9s y luego lavarlas. Llena la lavadora con agua fr\u00eda y utiliza un ciclo delicado para proteger mejor los colores.<\/p>","protected":false},"excerpt":{"rendered":"<p>No s\u00f3lo los profesionales del Real Madrid hacen m\u00e1s colorida la vida en la capital de Espa\u00f1a. Esta camiseta de f\u00fatbol de a-didas est\u00e1 inspirada en los grafitis de la escena art\u00edstica callejera de Madrid. Los sutiles detalles -uno de ellos en la zona del cuello- son prueba de ello. El suave material tambi\u00e9n est\u00e1 equipado con la tecnolog\u00eda AEROREADY que absorbe la humedad para una sensaci\u00f3n c\u00f3moda y seca.<\/p>","protected":false},"featured_media":980,"comment_status":"open","ping_status":"closed","template":"","meta":[],"product_brand":[],"product_cat":[45],"product_tag":[20,21,22,23,24,49,47],"class_list":{"0":"post-934","1":"product","2":"type-product","3":"status-publish","4":"has-post-thumbnail","6":"product_cat-real-madrid","7":"product_tag-coole-fussballtrikots","8":"product_tag-fussballtrikot-fuer-herren","9":"product_tag-fussballtrikot-guenstig-kaufen","10":"product_tag-fussballtrikot-kurzarm","11":"product_tag-guenstiges-fussballtrikot","12":"product_tag-real-madrid-auswaertstrikot","13":"product_tag-real-madrid-trikots","15":"first","16":"instock","17":"shipping-taxable","18":"purchasable","19":"product-type-variable"},"_links":{"self":[{"href":"https:\/\/www.billigtrikotde.com\/es\/wp-json\/wp\/v2\/product\/934","targetHints":{"allow":["GET"]}}],"collection":[{"href":"https:\/\/www.billigtrikotde.com\/es\/wp-json\/wp\/v2\/product"}],"about":[{"href":"https:\/\/www.billigtrikotde.com\/es\/wp-json\/wp\/v2\/types\/product"}],"replies":[{"embeddable":true,"href":"https:\/\/www.billigtrikotde.com\/es\/wp-json\/wp\/v2\/comments?post=934"}],"wp:featuredmedia":[{"embeddable":true,"href":"https:\/\/www.billigtrikotde.com\/es\/wp-json\/wp\/v2\/media\/980"}],"wp:attachment":[{"href":"https:\/\/www.billigtrikotde.com\/es\/wp-json\/wp\/v2\/media?parent=934"}],"wp:term":[{"taxonomy":"product_brand","embeddable":true,"href":"https:\/\/www.billigtrikotde.com\/es\/wp-json\/wp\/v2\/product_brand?post=934"},{"taxonomy":"product_cat","embeddable":true,"href":"https:\/\/www.billigtrikotde.com\/es\/wp-json\/wp\/v2\/product_cat?post=934"},{"taxonomy":"product_tag","embeddable":true,"href":"https:\/\/www.billigtrikotde.com\/es\/wp-json\/wp\/v2\/product_tag?post=934"}],"curies":[{"name":"wp","href":"https:\/\/api.w.org\/{rel}","templated":true}]}}