{"id":9238,"date":"2024-10-24T02:17:15","date_gmt":"2024-10-24T00:17:15","guid":{"rendered":"http:\/\/billigtrikots.com\/?post_type=product&#038;p=9238"},"modified":"2024-10-24T02:19:30","modified_gmt":"2024-10-24T00:19:30","slug":"fussballtrikot-fuer-herren-niederlande-heimtrikot-wm-2022-fussballtrikot-orange-klaassen-14","status":"publish","type":"product","link":"https:\/\/www.billigtrikotde.com\/es\/fussballtrikot-fuer-herren-niederlande-heimtrikot-wm-2022-fussballtrikot-orange-klaassen-14\/","title":{"rendered":"Camiseta de f\u00fatbol para hombres de los Pa\u00edses Bajos camiseta local de la Copa del Mundo 2022 naranja KLAASSEN 14"},"content":{"rendered":"<p>Mira la camiseta de Nike para la Copa del Mundo de f\u00fatbol 2022 en Holanda.<\/p>\n<p>La camiseta de Nike Holanda 2022 tiene un tono naranja diferente al de las camisetas de casa anteriores de Nike: la camiseta Nike Holanda 2022 es 'Laser Orange', que es un color amarillo-naranja muy vivo. Se utiliza un segundo tono naranja, m\u00e1s oscuro y 'm\u00e1s tradicional', para la gr\u00e1fica.<\/p>\n<p>La caracter\u00edstica destacada es un dise\u00f1o gr\u00e1fico allover inspirado en la melena de un le\u00f3n. Seg\u00fan Nike, el dise\u00f1o de 'v\u00f3mitos danzantes' no solo recuerda a la melena del le\u00f3n, sino que tambi\u00e9n representa la fluidez del sistema t\u00e1ctico del Total Football.<\/p>\n<p>Consejos para la impresi\u00f3n: Si el nombre y el n\u00famero que aparecen en la imagen son exactamente los que desea, no es necesario que los vuelva a introducir. En caso contrario, deber\u00e1 introducir el nombre y el n\u00famero que desee.<\/p>\n<p>Consejos de lavado: Se recomienda lavar las camisetas de f\u00fatbol a mano. Si desea utilizar la lavadora, recuerde poner las camisetas de f\u00fatbol del rev\u00e9s y luego lavarlas. Llena la lavadora con agua fr\u00eda y utiliza un ciclo delicado para proteger mejor los colores.<\/p>","protected":false},"excerpt":{"rendered":"<p>Mira la camiseta de Nike para la Copa del Mundo de f\u00fatbol 2022 en Holanda. La camiseta Nike Holanda 2022 tiene un tono de naranja diferente a las camisetas de casa anteriores de Nike: la camiseta Nike Holanda 2022 es de color \u00abLaser Orange\u00bb, que es un tono de amarillo-naranja muy brillante. Se utiliza un segundo tono de naranja, m\u00e1s oscuro y \u00abm\u00e1s tradicional\u00bb, para el gr\u00e1fico. La caracter\u00edstica destacada es [\u2026]<\/p>","protected":false},"featured_media":9278,"comment_status":"open","ping_status":"closed","template":"","meta":[],"product_brand":[],"product_cat":[219],"product_tag":[20,222,21,22,23,24,392,221],"class_list":{"0":"post-9238","1":"product","2":"type-product","3":"status-publish","4":"has-post-thumbnail","6":"product_cat-niederlande-trikots","7":"product_tag-coole-fussballtrikots","8":"product_tag-fussball-wm-2022-trikots","9":"product_tag-fussballtrikot-fuer-herren","10":"product_tag-fussballtrikot-guenstig-kaufen","11":"product_tag-fussballtrikot-kurzarm","12":"product_tag-guenstiges-fussballtrikot","13":"product_tag-niederlande-heimtrikot","14":"product_tag-niederlande-trikots","16":"first","17":"instock","18":"shipping-taxable","19":"purchasable","20":"product-type-variable"},"_links":{"self":[{"href":"https:\/\/www.billigtrikotde.com\/es\/wp-json\/wp\/v2\/product\/9238","targetHints":{"allow":["GET"]}}],"collection":[{"href":"https:\/\/www.billigtrikotde.com\/es\/wp-json\/wp\/v2\/product"}],"about":[{"href":"https:\/\/www.billigtrikotde.com\/es\/wp-json\/wp\/v2\/types\/product"}],"replies":[{"embeddable":true,"href":"https:\/\/www.billigtrikotde.com\/es\/wp-json\/wp\/v2\/comments?post=9238"}],"wp:featuredmedia":[{"embeddable":true,"href":"https:\/\/www.billigtrikotde.com\/es\/wp-json\/wp\/v2\/media\/9278"}],"wp:attachment":[{"href":"https:\/\/www.billigtrikotde.com\/es\/wp-json\/wp\/v2\/media?parent=9238"}],"wp:term":[{"taxonomy":"product_brand","embeddable":true,"href":"https:\/\/www.billigtrikotde.com\/es\/wp-json\/wp\/v2\/product_brand?post=9238"},{"taxonomy":"product_cat","embeddable":true,"href":"https:\/\/www.billigtrikotde.com\/es\/wp-json\/wp\/v2\/product_cat?post=9238"},{"taxonomy":"product_tag","embeddable":true,"href":"https:\/\/www.billigtrikotde.com\/es\/wp-json\/wp\/v2\/product_tag?post=9238"}],"curies":[{"name":"wp","href":"https:\/\/api.w.org\/{rel}","templated":true}]}}