{"id":9118,"date":"2024-10-24T02:11:14","date_gmt":"2024-10-24T00:11:14","guid":{"rendered":"http:\/\/billigtrikots.com\/?post_type=product&#038;p=9118"},"modified":"2024-10-24T02:13:30","modified_gmt":"2024-10-24T00:13:30","slug":"herren-niederlande-auswaertstrikot-blau-fussball-wm-2022-trikotschrift-virgil-4","status":"publish","type":"product","link":"https:\/\/www.billigtrikotde.com\/es\/herren-niederlande-auswaertstrikot-blau-fussball-wm-2022-trikotschrift-virgil-4\/","title":{"rendered":"Hombres Pa\u00edses Bajos Camiseta visitante azul f\u00fatbol Copa del Mundo 2022 nombre de la camiseta VIRGIL 4"},"content":{"rendered":"<p>Nike ha desarrollado tipograf\u00edas personalizadas para muchas camisetas del Mundial de F\u00fatbol 2022. Hoy echamos un vistazo m\u00e1s de cerca a la tipograf\u00eda de las camisetas de local y visitante de los Pa\u00edses Bajos para el Mundial 2022.<br \/>\nEl nuevo trofeo de la Copa del Mundo de la FIFA 2022 de los Pa\u00edses Bajos tiene un dise\u00f1o \u00fanico, especialmente en los n\u00fameros. Este puede estar inspirado en los tipos de metal tallados de la Edad de Oro de los Pa\u00edses Bajos.<\/p>\n<p>La tipograf\u00eda de la nueva camiseta de local de los Pa\u00edses Bajos para el Mundial 2022 es negra, mientras que la tipograf\u00eda de la camiseta de visitante es llamativamente roja.<\/p>\n<p>Consejos para la impresi\u00f3n: Si el nombre y el n\u00famero que aparecen en la imagen son exactamente los que desea, no es necesario que los vuelva a introducir. En caso contrario, deber\u00e1 introducir el nombre y el n\u00famero que desee.<\/p>\n<p>Consejos de lavado: Se recomienda lavar las camisetas de f\u00fatbol a mano. Si desea utilizar la lavadora, recuerde poner las camisetas de f\u00fatbol del rev\u00e9s y luego lavarlas. Llena la lavadora con agua fr\u00eda y utiliza un ciclo delicado para proteger mejor los colores.<\/p>","protected":false},"excerpt":{"rendered":"<p>Nike ha desarrollado tipograf\u00edas personalizadas para muchas camisetas de la Copa del Mundo de f\u00fatbol 2022. Hoy echamos un vistazo m\u00e1s de cerca a la tipograf\u00eda de las camisetas de local y visitante de los Pa\u00edses Bajos para el Mundial 2022. La nueva Copa del Mundo de la FIFA 2022 de los Pa\u00edses Bajos tiene un dise\u00f1o \u00fanico, especialmente en los n\u00fameros. Esto puede estar inspirado en los tipos de metal tallados de la \u00e9poca dorada [...]<\/p>","protected":false},"featured_media":9158,"comment_status":"open","ping_status":"closed","template":"","meta":[],"product_brand":[],"product_cat":[219],"product_tag":[20,393,21,22,23,24,394,355,221],"class_list":{"0":"post-9118","1":"product","2":"type-product","3":"status-publish","4":"has-post-thumbnail","6":"product_cat-niederlande-trikots","7":"product_tag-coole-fussballtrikots","8":"product_tag-fussball-weltmeisterschaft-2022","9":"product_tag-fussballtrikot-fuer-herren","10":"product_tag-fussballtrikot-guenstig-kaufen","11":"product_tag-fussballtrikot-kurzarm","12":"product_tag-guenstiges-fussballtrikot","13":"product_tag-niederlande-2022-world-cup-trikotschrift","14":"product_tag-niederlande-auswaertstrikot","15":"product_tag-niederlande-trikots","17":"first","18":"instock","19":"shipping-taxable","20":"purchasable","21":"product-type-variable"},"_links":{"self":[{"href":"https:\/\/www.billigtrikotde.com\/es\/wp-json\/wp\/v2\/product\/9118","targetHints":{"allow":["GET"]}}],"collection":[{"href":"https:\/\/www.billigtrikotde.com\/es\/wp-json\/wp\/v2\/product"}],"about":[{"href":"https:\/\/www.billigtrikotde.com\/es\/wp-json\/wp\/v2\/types\/product"}],"replies":[{"embeddable":true,"href":"https:\/\/www.billigtrikotde.com\/es\/wp-json\/wp\/v2\/comments?post=9118"}],"wp:featuredmedia":[{"embeddable":true,"href":"https:\/\/www.billigtrikotde.com\/es\/wp-json\/wp\/v2\/media\/9158"}],"wp:attachment":[{"href":"https:\/\/www.billigtrikotde.com\/es\/wp-json\/wp\/v2\/media?parent=9118"}],"wp:term":[{"taxonomy":"product_brand","embeddable":true,"href":"https:\/\/www.billigtrikotde.com\/es\/wp-json\/wp\/v2\/product_brand?post=9118"},{"taxonomy":"product_cat","embeddable":true,"href":"https:\/\/www.billigtrikotde.com\/es\/wp-json\/wp\/v2\/product_cat?post=9118"},{"taxonomy":"product_tag","embeddable":true,"href":"https:\/\/www.billigtrikotde.com\/es\/wp-json\/wp\/v2\/product_tag?post=9118"}],"curies":[{"name":"wp","href":"https:\/\/api.w.org\/{rel}","templated":true}]}}