{"id":8992,"date":"2024-10-24T02:04:47","date_gmt":"2024-10-24T00:04:47","guid":{"rendered":"http:\/\/billigtrikots.com\/?post_type=product&#038;p=8992"},"modified":"2024-10-24T02:07:00","modified_gmt":"2024-10-24T00:07:00","slug":"herren-manchester-united-auswaertstrikot-2022-23-trikotsatz-online-bestellen-blind-17","status":"publish","type":"product","link":"https:\/\/www.billigtrikotde.com\/es\/herren-manchester-united-auswaertstrikot-2022-23-trikotsatz-online-bestellen-blind-17\/","title":{"rendered":"Camiseta de visitante del Manchester United 2022-23 online BLIND 17"},"content":{"rendered":"<p>La camiseta visitante Adidas Manchester United FC 2022-2023 combina el color principal blanco con aplicaciones en rojo y negro. Adidas ha optado por un color rojo cereza para las tres rayas, mientras que los logotipos de Adidas y TeamViewer son negros.<\/p>\n<p>Al igual que la camiseta del Manchester United 22-23, la camiseta visitante del Manchester United 22-23 tambi\u00e9n tiene una cresta con escudo.<\/p>\n<p>El elemento caracter\u00edstico de la camiseta visitante del Manchester United 22-23 es el dibujo triangular blanco y rojo sobre el cuello y los pu\u00f1os negros. Tambi\u00e9n hay un estampado en h\u00e9lice muy sutil en la parte delantera.<\/p>\n<p>Consejos para la impresi\u00f3n: Si el nombre y el n\u00famero que aparecen en la imagen son exactamente los que desea, no es necesario que los vuelva a introducir. En caso contrario, deber\u00e1 introducir el nombre y el n\u00famero que desee.<\/p>\n<p>Consejos de lavado: Se recomienda lavar las camisetas de f\u00fatbol a mano. Si desea utilizar la lavadora, recuerde poner las camisetas de f\u00fatbol del rev\u00e9s y luego lavarlas. Llena la lavadora con agua fr\u00eda y utiliza un ciclo delicado para proteger mejor los colores.<\/p>","protected":false},"excerpt":{"rendered":"<p>La camiseta visitante del Manchester United FC 2022-2023 de Adidas combina el color blanco como color principal con aplicaciones en rojo y negro. Para las tres rayas, Adidas opt\u00f3 por un tono rojo cereza, mientras que los logotipos de Adidas y TeamViewer son negros. Al igual que la camiseta Manchester United 22-23, tambi\u00e9n la camiseta visitante Man Utd 22-23 tiene un escudo con escudo. [\u2026]<\/p>","protected":false},"featured_media":9030,"comment_status":"open","ping_status":"closed","template":"","meta":[],"product_brand":[],"product_cat":[50],"product_tag":[20,21,22,23,24,217,223,52],"class_list":{"0":"post-8992","1":"product","2":"type-product","3":"status-publish","4":"has-post-thumbnail","6":"product_cat-manchester-united","7":"product_tag-coole-fussballtrikots","8":"product_tag-fussballtrikot-fuer-herren","9":"product_tag-fussballtrikot-guenstig-kaufen","10":"product_tag-fussballtrikot-kurzarm","11":"product_tag-guenstiges-fussballtrikot","12":"product_tag-manchester-united-trikot-bestellen","13":"product_tag-manchester-united-trikot-shop","14":"product_tag-manchester-united-trikots","16":"first","17":"instock","18":"shipping-taxable","19":"purchasable","20":"product-type-variable"},"_links":{"self":[{"href":"https:\/\/www.billigtrikotde.com\/es\/wp-json\/wp\/v2\/product\/8992","targetHints":{"allow":["GET"]}}],"collection":[{"href":"https:\/\/www.billigtrikotde.com\/es\/wp-json\/wp\/v2\/product"}],"about":[{"href":"https:\/\/www.billigtrikotde.com\/es\/wp-json\/wp\/v2\/types\/product"}],"replies":[{"embeddable":true,"href":"https:\/\/www.billigtrikotde.com\/es\/wp-json\/wp\/v2\/comments?post=8992"}],"wp:featuredmedia":[{"embeddable":true,"href":"https:\/\/www.billigtrikotde.com\/es\/wp-json\/wp\/v2\/media\/9030"}],"wp:attachment":[{"href":"https:\/\/www.billigtrikotde.com\/es\/wp-json\/wp\/v2\/media?parent=8992"}],"wp:term":[{"taxonomy":"product_brand","embeddable":true,"href":"https:\/\/www.billigtrikotde.com\/es\/wp-json\/wp\/v2\/product_brand?post=8992"},{"taxonomy":"product_cat","embeddable":true,"href":"https:\/\/www.billigtrikotde.com\/es\/wp-json\/wp\/v2\/product_cat?post=8992"},{"taxonomy":"product_tag","embeddable":true,"href":"https:\/\/www.billigtrikotde.com\/es\/wp-json\/wp\/v2\/product_tag?post=8992"}],"curies":[{"name":"wp","href":"https:\/\/api.w.org\/{rel}","templated":true}]}}