{"id":8972,"date":"2024-10-24T02:03:44","date_gmt":"2024-10-24T00:03:44","guid":{"rendered":"http:\/\/billigtrikots.com\/?post_type=product&#038;p=8972"},"modified":"2024-10-24T02:05:50","modified_gmt":"2024-10-24T00:05:50","slug":"italien-trikots-torwarttrikot-fuer-kinder-2022-23-orange-online-kaufen","status":"publish","type":"product","link":"https:\/\/www.billigtrikotde.com\/es\/italien-trikots-torwarttrikot-fuer-kinder-2022-23-orange-online-kaufen\/","title":{"rendered":"Italien Trikots Portero infantil 2022-23 Naranja Comprar Online"},"content":{"rendered":"<p>Consejos para la impresi\u00f3n: Si el nombre y el n\u00famero que aparecen en la imagen son exactamente los que desea, no es necesario que los vuelva a introducir. En caso contrario, deber\u00e1 introducir el nombre y el n\u00famero que desee.<\/p>\n<p>Consejos de lavado: Se recomienda lavar las camisetas de f\u00fatbol a mano. Si desea utilizar la lavadora, recuerde poner las camisetas de f\u00fatbol del rev\u00e9s y luego lavarlas. Llena la lavadora con agua fr\u00eda y utiliza un ciclo delicado para proteger mejor los colores.<\/p>","protected":false},"excerpt":{"rendered":"<p>Consejos para imprimir: si el nombre y el n\u00famero en la imagen coinciden exactamente con sus deseos, no es necesario que los vuelva a ingresar. Si no, debe ingresar el nombre y el n\u00famero que desea. Consejos para lavar: se recomienda lavar las camisetas de f\u00fatbol a mano. Si desea usar la lavadora, recuerde darle la vuelta a las camisetas de f\u00fatbol [\u2026]<\/p>","protected":false},"featured_media":9009,"comment_status":"open","ping_status":"closed","template":"","meta":[],"product_brand":[],"product_cat":[316],"product_tag":[20,21,22,23,24,318,391,390],"class_list":{"0":"post-8972","1":"product","2":"type-product","3":"status-publish","4":"has-post-thumbnail","6":"product_cat-italien-trikots","7":"product_tag-coole-fussballtrikots","8":"product_tag-fussballtrikot-fuer-herren","9":"product_tag-fussballtrikot-guenstig-kaufen","10":"product_tag-fussballtrikot-kurzarm","11":"product_tag-guenstiges-fussballtrikot","12":"product_tag-italien-trikots","13":"product_tag-italien-trikots-torwarttrikot","14":"product_tag-kinder-italien-trikots","16":"first","17":"instock","18":"shipping-taxable","19":"purchasable","20":"product-type-variable"},"_links":{"self":[{"href":"https:\/\/www.billigtrikotde.com\/es\/wp-json\/wp\/v2\/product\/8972","targetHints":{"allow":["GET"]}}],"collection":[{"href":"https:\/\/www.billigtrikotde.com\/es\/wp-json\/wp\/v2\/product"}],"about":[{"href":"https:\/\/www.billigtrikotde.com\/es\/wp-json\/wp\/v2\/types\/product"}],"replies":[{"embeddable":true,"href":"https:\/\/www.billigtrikotde.com\/es\/wp-json\/wp\/v2\/comments?post=8972"}],"wp:featuredmedia":[{"embeddable":true,"href":"https:\/\/www.billigtrikotde.com\/es\/wp-json\/wp\/v2\/media\/9009"}],"wp:attachment":[{"href":"https:\/\/www.billigtrikotde.com\/es\/wp-json\/wp\/v2\/media?parent=8972"}],"wp:term":[{"taxonomy":"product_brand","embeddable":true,"href":"https:\/\/www.billigtrikotde.com\/es\/wp-json\/wp\/v2\/product_brand?post=8972"},{"taxonomy":"product_cat","embeddable":true,"href":"https:\/\/www.billigtrikotde.com\/es\/wp-json\/wp\/v2\/product_cat?post=8972"},{"taxonomy":"product_tag","embeddable":true,"href":"https:\/\/www.billigtrikotde.com\/es\/wp-json\/wp\/v2\/product_tag?post=8972"}],"curies":[{"name":"wp","href":"https:\/\/api.w.org\/{rel}","templated":true}]}}