{"id":8958,"date":"2024-10-24T02:02:44","date_gmt":"2024-10-24T00:02:44","guid":{"rendered":"http:\/\/billigtrikots.com\/?post_type=product&#038;p=8958"},"modified":"2024-10-24T02:05:16","modified_gmt":"2024-10-24T00:05:16","slug":"italien-trikots-fuer-kinder-zum-fussballspielen-2022-23-in-blaue-chiellini-3","status":"publish","type":"product","link":"https:\/\/www.billigtrikotde.com\/es\/italien-trikots-fuer-kinder-zum-fussballspielen-2022-23-in-blaue-chiellini-3\/","title":{"rendered":"Italien Trikots para ni\u00f1os para jugar al f\u00fatbol 2022-23 en Azul CHIELLINI 3"},"content":{"rendered":"<p>Klassische Azzurri. Das Heimtrikot von Italien 2022 feiert die Tradition blauer Trikots und brillanten Fu\u00dfballs. Mit goldenen Akzenten, Retro-Schriften und Verweisen auf die Triumphe von 1934, 1938, 1982 und 2006 ist die Vorderseite des Trikots in tonale Quadranten unterteilt, um die vier Generationen von Weltmeistern zu ehren.<\/p>\n<p>Consejos para la impresi\u00f3n: Si el nombre y el n\u00famero que aparecen en la imagen son exactamente los que desea, no es necesario que los vuelva a introducir. En caso contrario, deber\u00e1 introducir el nombre y el n\u00famero que desee.<\/p>\n<p>Consejos de lavado: Se recomienda lavar las camisetas de f\u00fatbol a mano. Si desea utilizar la lavadora, recuerde poner las camisetas de f\u00fatbol del rev\u00e9s y luego lavarlas. Llena la lavadora con agua fr\u00eda y utiliza un ciclo delicado para proteger mejor los colores.<\/p>","protected":false},"excerpt":{"rendered":"<p>Cl\u00e1sico Azzurri. La camiseta de local de Italia 2022 celebra la tradici\u00f3n de las camisetas azules y el f\u00fatbol brillante. Con detalles en dorado, letras retro y referencias a los triunfos de 1934, 1938, 1982 y 2006, la parte frontal de la camiseta est\u00e1 dividida en cuadrantes tonales para honrar a las cuatro generaciones de campeones del mundo. Consejos para imprimir: Cuando el nombre y la [\u2026]<\/p>","protected":false},"featured_media":8998,"comment_status":"open","ping_status":"closed","template":"","meta":[],"product_brand":[],"product_cat":[316],"product_tag":[20,21,22,23,24,317,318,390],"class_list":{"0":"post-8958","1":"product","2":"type-product","3":"status-publish","4":"has-post-thumbnail","6":"product_cat-italien-trikots","7":"product_tag-coole-fussballtrikots","8":"product_tag-fussballtrikot-fuer-herren","9":"product_tag-fussballtrikot-guenstig-kaufen","10":"product_tag-fussballtrikot-kurzarm","11":"product_tag-guenstiges-fussballtrikot","12":"product_tag-italien-heimtrikot","13":"product_tag-italien-trikots","14":"product_tag-kinder-italien-trikots","16":"first","17":"instock","18":"shipping-taxable","19":"purchasable","20":"product-type-variable"},"_links":{"self":[{"href":"https:\/\/www.billigtrikotde.com\/es\/wp-json\/wp\/v2\/product\/8958","targetHints":{"allow":["GET"]}}],"collection":[{"href":"https:\/\/www.billigtrikotde.com\/es\/wp-json\/wp\/v2\/product"}],"about":[{"href":"https:\/\/www.billigtrikotde.com\/es\/wp-json\/wp\/v2\/types\/product"}],"replies":[{"embeddable":true,"href":"https:\/\/www.billigtrikotde.com\/es\/wp-json\/wp\/v2\/comments?post=8958"}],"wp:featuredmedia":[{"embeddable":true,"href":"https:\/\/www.billigtrikotde.com\/es\/wp-json\/wp\/v2\/media\/8998"}],"wp:attachment":[{"href":"https:\/\/www.billigtrikotde.com\/es\/wp-json\/wp\/v2\/media?parent=8958"}],"wp:term":[{"taxonomy":"product_brand","embeddable":true,"href":"https:\/\/www.billigtrikotde.com\/es\/wp-json\/wp\/v2\/product_brand?post=8958"},{"taxonomy":"product_cat","embeddable":true,"href":"https:\/\/www.billigtrikotde.com\/es\/wp-json\/wp\/v2\/product_cat?post=8958"},{"taxonomy":"product_tag","embeddable":true,"href":"https:\/\/www.billigtrikotde.com\/es\/wp-json\/wp\/v2\/product_tag?post=8958"}],"curies":[{"name":"wp","href":"https:\/\/api.w.org\/{rel}","templated":true}]}}