{"id":8942,"date":"2024-10-24T02:02:03","date_gmt":"2024-10-24T00:02:03","guid":{"rendered":"http:\/\/billigtrikots.com\/?post_type=product&#038;p=8942"},"modified":"2025-10-16T16:03:42","modified_gmt":"2025-10-16T14:03:42","slug":"rodrygo-21-real-madrid-auswaertstrikot-2022-23-trikot-away-lila-fuer-kinder","status":"publish","type":"product","link":"https:\/\/www.billigtrikotde.com\/es\/rodrygo-21-real-madrid-auswaertstrikot-2022-23-trikot-away-lila-fuer-kinder\/","title":{"rendered":"RODRYGO 21 Real Madrid Away Jersey 2022\/23 Away Purple para Ni\u00f1o"},"content":{"rendered":"<p>El ligero modelo en color morado te ayudar\u00e1 a apoyar a tu equipo de la mejor manera posible en el pr\u00f3ximo partido. adidas tiene un excelente producto en su gama con esta camiseta. \u00a1M\u00e1s apoyo es dif\u00edcilmente posible! Con esta camiseta visitante del Real Madrid, podr\u00e1s ampliar tu colecci\u00f3n de aficionados con una prenda igual a la que visten los jugadores de Primera Divisi\u00f3n. El modelo transpirable, c\u00f3modo, ligero y que absorbe el sudor es un ganador en todos los aspectos. Esta camiseta es la compa\u00f1era ideal para tus actividades deportivas. Destaca visualmente con el escudo del club en el pecho.<\/p>\n<p>Consejos para la impresi\u00f3n: Si el nombre y el n\u00famero que aparecen en la imagen son exactamente los que desea, no es necesario que los vuelva a introducir. En caso contrario, deber\u00e1 introducir el nombre y el n\u00famero que desee.<\/p>\n<p>Consejos de lavado: Se recomienda lavar las camisetas de f\u00fatbol a mano. Si desea utilizar la lavadora, recuerde poner las camisetas de f\u00fatbol del rev\u00e9s y luego lavarlas. Llena la lavadora con agua fr\u00eda y utiliza un ciclo delicado para proteger mejor los colores.<\/p>","protected":false},"excerpt":{"rendered":"<p>Das leichte Modell in Lila hilft dir, dein Team beim n\u00e4chsten Spiel bestens zu unterst\u00fctzen. adidas hat mit dem Trikot ein sehr hervorragendes Produkt im Sortiment. Mehr Unterst\u00fctzung geht kaum! Mit diesem Real Madrid-Ausw\u00e4rts-Trikot erweiterst du deine Fan-Kollektion um einen Artikel, wie ihn die Spieler in der Primera Division tragen. Das schwei\u00dfableitende, bequeme, leichte und [&hellip;]<\/p>","protected":false},"featured_media":8979,"comment_status":"open","ping_status":"closed","template":"","meta":[],"product_brand":[],"product_cat":[165],"product_tag":[20,35,21,22,23,24,94,49,47,166],"class_list":{"0":"post-8942","1":"product","2":"type-product","3":"status-publish","4":"has-post-thumbnail","6":"product_cat-real-madrid-kindertrikot","7":"product_tag-coole-fussballtrikots","8":"product_tag-fussball-torwarttrikots","9":"product_tag-fussballtrikot-fuer-herren","10":"product_tag-fussballtrikot-guenstig-kaufen","11":"product_tag-fussballtrikot-kurzarm","12":"product_tag-guenstiges-fussballtrikot","13":"product_tag-kinder-fussball-trikotsatz","14":"product_tag-real-madrid-auswaertstrikot","15":"product_tag-real-madrid-trikots","16":"product_tag-real-madrid-trikotsatz-fuer-kinder","18":"first","19":"instock","20":"shipping-taxable","21":"purchasable","22":"product-type-variable"},"_links":{"self":[{"href":"https:\/\/www.billigtrikotde.com\/es\/wp-json\/wp\/v2\/product\/8942","targetHints":{"allow":["GET"]}}],"collection":[{"href":"https:\/\/www.billigtrikotde.com\/es\/wp-json\/wp\/v2\/product"}],"about":[{"href":"https:\/\/www.billigtrikotde.com\/es\/wp-json\/wp\/v2\/types\/product"}],"replies":[{"embeddable":true,"href":"https:\/\/www.billigtrikotde.com\/es\/wp-json\/wp\/v2\/comments?post=8942"}],"wp:featuredmedia":[{"embeddable":true,"href":"https:\/\/www.billigtrikotde.com\/es\/wp-json\/wp\/v2\/media\/8979"}],"wp:attachment":[{"href":"https:\/\/www.billigtrikotde.com\/es\/wp-json\/wp\/v2\/media?parent=8942"}],"wp:term":[{"taxonomy":"product_brand","embeddable":true,"href":"https:\/\/www.billigtrikotde.com\/es\/wp-json\/wp\/v2\/product_brand?post=8942"},{"taxonomy":"product_cat","embeddable":true,"href":"https:\/\/www.billigtrikotde.com\/es\/wp-json\/wp\/v2\/product_cat?post=8942"},{"taxonomy":"product_tag","embeddable":true,"href":"https:\/\/www.billigtrikotde.com\/es\/wp-json\/wp\/v2\/product_tag?post=8942"}],"curies":[{"name":"wp","href":"https:\/\/api.w.org\/{rel}","templated":true}]}}