{"id":8862,"date":"2024-10-24T01:57:59","date_gmt":"2024-10-23T23:57:59","guid":{"rendered":"http:\/\/billigtrikots.com\/?post_type=product&#038;p=8862"},"modified":"2024-10-24T02:00:12","modified_gmt":"2024-10-24T00:00:12","slug":"herren-belgien-wm-2022-heimtrikot-rot-schwarz-trikotsatz-online-kaufen-de-bruyne-7","status":"publish","type":"product","link":"https:\/\/www.billigtrikotde.com\/es\/herren-belgien-wm-2022-heimtrikot-rot-schwarz-trikotsatz-online-kaufen-de-bruyne-7\/","title":{"rendered":"Hombres Copa Mundial de B\u00e9lgica 2022 Home Jersey rojo negro Jersey Comprar en l\u00ednea DE BRUYNE 7"},"content":{"rendered":"<p>Este equipo promete hacer estallar los fuegos artificiales del f\u00fatbol en el mayor torneo del mundo. La camiseta local de B\u00e9lgica est\u00e1 inspirada en el apodo de la selecci\u00f3n y viene con llamas rojas y amarillas en las mangas negras. La versi\u00f3n para aficionados incorpora inserciones de malla y AEROREADY que absorben la humedad para ofrecer una agradable sensaci\u00f3n de sequedad. Adem\u00e1s, el logotipo de las 3 bandas y el logotipo tejido de la Federaci\u00f3n Belga de F\u00fatbol transmiten un aire moderno.<\/p>\n<p>Consejos para la impresi\u00f3n: Si el nombre y el n\u00famero que aparecen en la imagen son exactamente los que desea, no es necesario que los vuelva a introducir. En caso contrario, deber\u00e1 introducir el nombre y el n\u00famero que desee.<\/p>\n<p>Consejos de lavado: Se recomienda lavar las camisetas de f\u00fatbol a mano. Si desea utilizar la lavadora, recuerde poner las camisetas de f\u00fatbol del rev\u00e9s y luego lavarlas. Llena la lavadora con agua fr\u00eda y utiliza un ciclo delicado para proteger mejor los colores.<\/p>","protected":false},"excerpt":{"rendered":"<p>Este equipo promete hacer estallar los fuegos artificiales del f\u00fatbol en el mayor torneo del mundo. La camiseta local de B\u00e9lgica est\u00e1 inspirada en el apodo de la selecci\u00f3n y viene con llamas rojas y amarillas en las mangas negras. La versi\u00f3n para aficionados incorpora inserciones de malla y AEROREADY que absorben la humedad para ofrecer una agradable sensaci\u00f3n de sequedad. Adem\u00e1s, el logotipo de las 3 bandas y el logotipo tejido de la Federaci\u00f3n Belga de F\u00fatbol transmiten un aire moderno.<\/p>","protected":false},"featured_media":8896,"comment_status":"open","ping_status":"closed","template":"","meta":[],"product_brand":[],"product_cat":[173],"product_tag":[382,120,20,21,22,23,24],"class_list":{"0":"post-8862","1":"product","2":"type-product","3":"status-publish","4":"has-post-thumbnail","6":"product_cat-belgien-trikots","7":"product_tag-belgien-heimtrikot","8":"product_tag-belgien-trikots","9":"product_tag-coole-fussballtrikots","10":"product_tag-fussballtrikot-fuer-herren","11":"product_tag-fussballtrikot-guenstig-kaufen","12":"product_tag-fussballtrikot-kurzarm","13":"product_tag-guenstiges-fussballtrikot","15":"first","16":"instock","17":"shipping-taxable","18":"purchasable","19":"product-type-variable"},"_links":{"self":[{"href":"https:\/\/www.billigtrikotde.com\/es\/wp-json\/wp\/v2\/product\/8862","targetHints":{"allow":["GET"]}}],"collection":[{"href":"https:\/\/www.billigtrikotde.com\/es\/wp-json\/wp\/v2\/product"}],"about":[{"href":"https:\/\/www.billigtrikotde.com\/es\/wp-json\/wp\/v2\/types\/product"}],"replies":[{"embeddable":true,"href":"https:\/\/www.billigtrikotde.com\/es\/wp-json\/wp\/v2\/comments?post=8862"}],"wp:featuredmedia":[{"embeddable":true,"href":"https:\/\/www.billigtrikotde.com\/es\/wp-json\/wp\/v2\/media\/8896"}],"wp:attachment":[{"href":"https:\/\/www.billigtrikotde.com\/es\/wp-json\/wp\/v2\/media?parent=8862"}],"wp:term":[{"taxonomy":"product_brand","embeddable":true,"href":"https:\/\/www.billigtrikotde.com\/es\/wp-json\/wp\/v2\/product_brand?post=8862"},{"taxonomy":"product_cat","embeddable":true,"href":"https:\/\/www.billigtrikotde.com\/es\/wp-json\/wp\/v2\/product_cat?post=8862"},{"taxonomy":"product_tag","embeddable":true,"href":"https:\/\/www.billigtrikotde.com\/es\/wp-json\/wp\/v2\/product_tag?post=8862"}],"curies":[{"name":"wp","href":"https:\/\/api.w.org\/{rel}","templated":true}]}}