{"id":8670,"date":"2024-10-24T01:48:33","date_gmt":"2024-10-23T23:48:33","guid":{"rendered":"http:\/\/billigtrikots.com\/?post_type=product&#038;p=8670"},"modified":"2024-10-24T01:50:51","modified_gmt":"2024-10-23T23:50:51","slug":"kindertrikot-brasilien-wm-2022-auswaertstrikot-blaue-weiss-kurzarm-trainingsanzug-richarlison-9","status":"publish","type":"product","link":"https:\/\/www.billigtrikotde.com\/es\/kindertrikot-brasilien-wm-2022-auswaertstrikot-blaue-weiss-kurzarm-trainingsanzug-richarlison-9\/","title":{"rendered":"Camiseta infantil Brasil Mundial 2022 Fuera de casa azul blanco Manga corta conjunto de entrenamiento RICHARLISON 9"},"content":{"rendered":"<p>Esta es la camiseta de visitante de la Copa Mundial Brasil 2022 de Nike. La camiseta de visitante de la Copa Mundial Brasil 2022 de Nike combina un color base azul con un swoosh verde claro. Los colores oficiales son \"Paramount Blue\/Dynamic Yellow\/Green Spark\".<\/p>\n<p>Consejos para la impresi\u00f3n: Si el nombre y el n\u00famero que aparecen en la imagen son exactamente los que desea, no es necesario que los vuelva a introducir. En caso contrario, deber\u00e1 introducir el nombre y el n\u00famero que desee.<\/p>\n<p>Consejos de lavado: Se recomienda lavar las camisetas de f\u00fatbol a mano. Si desea utilizar la lavadora, recuerde poner las camisetas de f\u00fatbol del rev\u00e9s y luego lavarlas. Llena la lavadora con agua fr\u00eda y utiliza un ciclo delicado para proteger mejor los colores.<\/p>","protected":false},"excerpt":{"rendered":"<p>Esta es la camiseta de visitante del Campeonato del Mundo de f\u00fatbol Brasil 2022 de Nike. La camiseta de visitante de Nike Brasil 2022 combina un color base azul con el swoosh verde claro. Los colores oficiales son \u00abAzul Paramount\/Amarillo Din\u00e1mico\/Chispa Verde\u00bb. Consejos para la impresi\u00f3n: si el nombre y el n\u00famero en la imagen coinciden exactamente con sus deseos, no es necesario ingresarlos nuevamente. Si no, [...]<\/p>","protected":false},"featured_media":8704,"comment_status":"open","ping_status":"closed","template":"","meta":[],"product_brand":[],"product_cat":[112],"product_tag":[20,210,114,222,21,22,23,24],"class_list":{"0":"post-8670","1":"product","2":"type-product","3":"status-publish","4":"has-post-thumbnail","6":"product_cat-brasilien-trikots","7":"product_tag-coole-fussballtrikots","8":"product_tag-brasilien-auswaertstrikot","9":"product_tag-brasilien-trikots","10":"product_tag-fussball-wm-2022-trikots","11":"product_tag-fussballtrikot-fuer-herren","12":"product_tag-fussballtrikot-guenstig-kaufen","13":"product_tag-fussballtrikot-kurzarm","14":"product_tag-guenstiges-fussballtrikot","16":"first","17":"instock","18":"shipping-taxable","19":"purchasable","20":"product-type-variable"},"_links":{"self":[{"href":"https:\/\/www.billigtrikotde.com\/es\/wp-json\/wp\/v2\/product\/8670","targetHints":{"allow":["GET"]}}],"collection":[{"href":"https:\/\/www.billigtrikotde.com\/es\/wp-json\/wp\/v2\/product"}],"about":[{"href":"https:\/\/www.billigtrikotde.com\/es\/wp-json\/wp\/v2\/types\/product"}],"replies":[{"embeddable":true,"href":"https:\/\/www.billigtrikotde.com\/es\/wp-json\/wp\/v2\/comments?post=8670"}],"wp:featuredmedia":[{"embeddable":true,"href":"https:\/\/www.billigtrikotde.com\/es\/wp-json\/wp\/v2\/media\/8704"}],"wp:attachment":[{"href":"https:\/\/www.billigtrikotde.com\/es\/wp-json\/wp\/v2\/media?parent=8670"}],"wp:term":[{"taxonomy":"product_brand","embeddable":true,"href":"https:\/\/www.billigtrikotde.com\/es\/wp-json\/wp\/v2\/product_brand?post=8670"},{"taxonomy":"product_cat","embeddable":true,"href":"https:\/\/www.billigtrikotde.com\/es\/wp-json\/wp\/v2\/product_cat?post=8670"},{"taxonomy":"product_tag","embeddable":true,"href":"https:\/\/www.billigtrikotde.com\/es\/wp-json\/wp\/v2\/product_tag?post=8670"}],"curies":[{"name":"wp","href":"https:\/\/api.w.org\/{rel}","templated":true}]}}