{"id":8598,"date":"2024-10-24T01:45:00","date_gmt":"2024-10-23T23:45:00","guid":{"rendered":"http:\/\/billigtrikots.com\/?post_type=product&#038;p=8598"},"modified":"2024-10-24T01:47:15","modified_gmt":"2024-10-23T23:47:15","slug":"herren-manchester-city-3rd-trikot-2022-23-gelb-fluo-fussballtrikots-set","status":"publish","type":"product","link":"https:\/\/www.billigtrikotde.com\/es\/herren-manchester-city-3rd-trikot-2022-23-gelb-fluo-fussballtrikots-set\/","title":{"rendered":"Hombres Manchester City 3 \u00aa camiseta 2022\/23 amarillo fluo Conjunto de camiseta de f\u00fatbol"},"content":{"rendered":"<p>La empresa global de deportes PUMA present\u00f3 la camiseta de viaje de Manchester City 2022\/23 como parte de su primera introducci\u00f3n de camisetas metaverso. El vivaz nuevo kit se revel\u00f3 por primera vez en Roblox y dio a los jugadores la posibilidad de explorar e interactuar con el nuevo kit en la experiencia de PUMA y la Tierra de los Juegos. La nueva camiseta de viaje, que se revel\u00f3 en la experiencia, celebra la creatividad de Manchester con una paleta de colores Fizzy Light y Parisian Night con detalles atrevidos, inspirados en el arte callejero de la ciudad.<br \/>\nEl evento metaverso especial ofrece un reskin de Manchester City para la sala de espera y el estadio actuales en PUMA y la Tierra de los Juegos, y solo por un tiempo limitado la experiencia incluir\u00e1 las camisetas de casa y de viaje de Manchester City. El evento tambi\u00e9n traer\u00e1 nuevos art\u00edculos de merchandising creados por la comunidad, nuevos art\u00edculos dentro de la experiencia, art\u00edculos de Ropa en Capas y actualizaciones de actividades destacadas. Como parte del lanzamiento, entre la experiencia Blue Moon de Man City en Roblox se abrir\u00e1 un portal que dar\u00e1 a los visitantes la posibilidad de obtener un art\u00edculo gratuito al visitar ambas experiencias.<\/p>\n<p>Consejos para la impresi\u00f3n: Si el nombre y el n\u00famero que aparecen en la imagen son exactamente los que desea, no es necesario que los vuelva a introducir. En caso contrario, deber\u00e1 introducir el nombre y el n\u00famero que desee.<\/p>\n<p>Consejos de lavado: Se recomienda lavar las camisetas de f\u00fatbol a mano. Si desea utilizar la lavadora, recuerde poner las camisetas de f\u00fatbol del rev\u00e9s y luego lavarlas. Llena la lavadora con agua fr\u00eda y utiliza un ciclo delicado para proteger mejor los colores.<\/p>","protected":false},"excerpt":{"rendered":"<p>Das globale Sportunternehmen PUMA hat das Manchester-City-Ausweichtrikot 2022\/23 im Rahmen seiner allerersten Einf\u00fchrung von Metaverse-Trikots vorgestellt. Das lebhafte neue Kit wurde zum ersten Mal auf Roblox enth\u00fcllt und gab den Spielern die M\u00f6glichkeit, das neue Kit in der Erfahrung von PUMA und dem Land der Spiele zu erkunden und mit ihm zu interagieren. Das neue [&hellip;]<\/p>","protected":false},"featured_media":8632,"comment_status":"open","ping_status":"closed","template":"","meta":[],"product_brand":[],"product_cat":[82],"product_tag":[20,21,22,24,334,273,337,84],"class_list":{"0":"post-8598","1":"product","2":"type-product","3":"status-publish","4":"has-post-thumbnail","6":"product_cat-manchester-city","7":"product_tag-coole-fussballtrikots","8":"product_tag-fussballtrikot-fuer-herren","9":"product_tag-fussballtrikot-guenstig-kaufen","10":"product_tag-guenstiges-fussballtrikot","11":"product_tag-manchester-city-torwarttrikot","12":"product_tag-manchester-city-trikot-22-23","13":"product_tag-manchester-city-trikot-away","14":"product_tag-manchester-city-trikots","16":"first","17":"instock","18":"shipping-taxable","19":"purchasable","20":"product-type-variable"},"_links":{"self":[{"href":"https:\/\/www.billigtrikotde.com\/es\/wp-json\/wp\/v2\/product\/8598","targetHints":{"allow":["GET"]}}],"collection":[{"href":"https:\/\/www.billigtrikotde.com\/es\/wp-json\/wp\/v2\/product"}],"about":[{"href":"https:\/\/www.billigtrikotde.com\/es\/wp-json\/wp\/v2\/types\/product"}],"replies":[{"embeddable":true,"href":"https:\/\/www.billigtrikotde.com\/es\/wp-json\/wp\/v2\/comments?post=8598"}],"wp:featuredmedia":[{"embeddable":true,"href":"https:\/\/www.billigtrikotde.com\/es\/wp-json\/wp\/v2\/media\/8632"}],"wp:attachment":[{"href":"https:\/\/www.billigtrikotde.com\/es\/wp-json\/wp\/v2\/media?parent=8598"}],"wp:term":[{"taxonomy":"product_brand","embeddable":true,"href":"https:\/\/www.billigtrikotde.com\/es\/wp-json\/wp\/v2\/product_brand?post=8598"},{"taxonomy":"product_cat","embeddable":true,"href":"https:\/\/www.billigtrikotde.com\/es\/wp-json\/wp\/v2\/product_cat?post=8598"},{"taxonomy":"product_tag","embeddable":true,"href":"https:\/\/www.billigtrikotde.com\/es\/wp-json\/wp\/v2\/product_tag?post=8598"}],"curies":[{"name":"wp","href":"https:\/\/api.w.org\/{rel}","templated":true}]}}