{"id":8552,"date":"2024-10-24T01:42:39","date_gmt":"2024-10-23T23:42:39","guid":{"rendered":"http:\/\/billigtrikots.com\/?post_type=product&#038;p=8552"},"modified":"2024-10-24T01:44:54","modified_gmt":"2024-10-23T23:44:54","slug":"herren-manchester-city-trikot-away-2022-2023-schwarz-rot-mit-aufdruck-bernardo-20","status":"publish","type":"product","link":"https:\/\/www.billigtrikotde.com\/es\/herren-manchester-city-trikot-away-2022-2023-schwarz-rot-mit-aufdruck-bernardo-20\/","title":{"rendered":"Camiseta hombre Manchester City Away 2022\/2023 negro rojo con estampado BERNARDO 20"},"content":{"rendered":"<p>El City ofreci\u00f3 un espect\u00e1culo. Cuando la promoci\u00f3n de 1969 sali\u00f3 a la calle, caus\u00f3 sensaci\u00f3n con su f\u00fatbol intr\u00e9pido y t\u00e9cnico, y con su atrevida y brillante nueva equipaci\u00f3n de visitante. Dise\u00f1ada por el legendario Malcolm Allison, las rayas verticales en rojo y negro resultaron victoriosas en la final de la FA Cup de 1969 y en las finales de la Copa de la Liga y la Recopa de Europa de 1970, gan\u00e1ndose un lugar entre las favoritas de los aficionados de todos los tiempos. La temporada 2022\/23 del Manchester City F.C. La camiseta visitante insufla nueva energ\u00eda a un dise\u00f1o cl\u00e1sico. Por primera vez, las rayas rojas y negras fluyen en diagonal a trav\u00e9s de la camiseta, inspiradas en el escudo del club y la representaci\u00f3n de los tres r\u00edos de Manchester.<\/p>\n<p>Consejos para la impresi\u00f3n: Si el nombre y el n\u00famero que aparecen en la imagen son exactamente los que desea, no es necesario que los vuelva a introducir. En caso contrario, deber\u00e1 introducir el nombre y el n\u00famero que desee.<\/p>\n<p>Consejos de lavado: Se recomienda lavar las camisetas de f\u00fatbol a mano. Si desea utilizar la lavadora, recuerde poner las camisetas de f\u00fatbol del rev\u00e9s y luego lavarlas. Llena la lavadora con agua fr\u00eda y utiliza un ciclo delicado para proteger mejor los colores.<\/p>","protected":false},"excerpt":{"rendered":"<p>Die Stadt hat eine Show abgezogen. Als die Klasse von 1969 auf die Stra\u00dfe ging, sorgte sie mit ihrem furchtlosen, technisch versierten Fu\u00dfball f\u00fcr Aufsehen \u2013 und ihrem mutigen und brillanten neuen Ausw\u00e4rtstrikot. Die vom legend\u00e4ren Malcolm Allison entworfenen vertikalen Streifen in Rot und Schwarz erwiesen sich beim FA Cup-Finale 1969 und den Endspielen des [&hellip;]<\/p>","protected":false},"featured_media":8593,"comment_status":"open","ping_status":"closed","template":"","meta":[],"product_brand":[],"product_cat":[82],"product_tag":[20,21,22,333,24,334,273,337,84],"class_list":{"0":"post-8552","1":"product","2":"type-product","3":"status-publish","4":"has-post-thumbnail","6":"product_cat-manchester-city","7":"product_tag-coole-fussballtrikots","8":"product_tag-fussballtrikot-fuer-herren","9":"product_tag-fussballtrikot-guenstig-kaufen","10":"product_tag-fussballtrikot-langaermeliges","11":"product_tag-guenstiges-fussballtrikot","12":"product_tag-manchester-city-torwarttrikot","13":"product_tag-manchester-city-trikot-22-23","14":"product_tag-manchester-city-trikot-away","15":"product_tag-manchester-city-trikots","17":"first","18":"instock","19":"shipping-taxable","20":"purchasable","21":"product-type-variable"},"_links":{"self":[{"href":"https:\/\/www.billigtrikotde.com\/es\/wp-json\/wp\/v2\/product\/8552","targetHints":{"allow":["GET"]}}],"collection":[{"href":"https:\/\/www.billigtrikotde.com\/es\/wp-json\/wp\/v2\/product"}],"about":[{"href":"https:\/\/www.billigtrikotde.com\/es\/wp-json\/wp\/v2\/types\/product"}],"replies":[{"embeddable":true,"href":"https:\/\/www.billigtrikotde.com\/es\/wp-json\/wp\/v2\/comments?post=8552"}],"wp:featuredmedia":[{"embeddable":true,"href":"https:\/\/www.billigtrikotde.com\/es\/wp-json\/wp\/v2\/media\/8593"}],"wp:attachment":[{"href":"https:\/\/www.billigtrikotde.com\/es\/wp-json\/wp\/v2\/media?parent=8552"}],"wp:term":[{"taxonomy":"product_brand","embeddable":true,"href":"https:\/\/www.billigtrikotde.com\/es\/wp-json\/wp\/v2\/product_brand?post=8552"},{"taxonomy":"product_cat","embeddable":true,"href":"https:\/\/www.billigtrikotde.com\/es\/wp-json\/wp\/v2\/product_cat?post=8552"},{"taxonomy":"product_tag","embeddable":true,"href":"https:\/\/www.billigtrikotde.com\/es\/wp-json\/wp\/v2\/product_tag?post=8552"}],"curies":[{"name":"wp","href":"https:\/\/api.w.org\/{rel}","templated":true}]}}